{"id":2592,"date":"2024-03-21T12:56:50","date_gmt":"2024-03-21T11:56:50","guid":{"rendered":"https:\/\/independenttheater.hu\/roma-heroes-festival\/"},"modified":"2026-03-23T15:02:27","modified_gmt":"2026-03-23T14:02:27","slug":"roma-heroes-festival","status":"publish","type":"page","link":"https:\/\/independenttheater.hu\/en\/roma-heroes-festival\/","title":{"rendered":"Roma Heroes Festival"},"content":{"rendered":"<div id=\"cs-content\" class=\"cs-content\"><\/div>\n","protected":false},"excerpt":{"rendered":"<p>\u00bb\u00bb\u00bb Roma heroes Roma Heroes FestivalRoma Heroes International Theater Festival Since 2017, the Independent Theater Hungary has been organizing the world\u2019s only international Roma theater festival every year. Roma companies and artists from many European countries are presented at the festivals. The aim of the festival is to show the values of Roma theater and draw attention to the situation &#8230; <a href=\"https:\/\/independenttheater.hu\/en\/roma-heroes-festival\/\" class=\"more-link\">Read More<\/a><\/p>\n","protected":false},"author":1,"featured_media":0,"parent":0,"menu_order":0,"comment_status":"closed","ping_status":"closed","template":"template-blank-4.php","meta":{"_crdt_document":"","pgc_sgb_lightbox_settings":"","footnotes":""},"categories":[],"tags":[],"class_list":["post-2592","page","type-page","status-publish","hentry","no-post-thumbnail"],"yoast_head":"<!-- This site is optimized with the Yoast SEO plugin v27.5 - https:\/\/yoast.com\/product\/yoast-seo-wordpress\/ -->\n<title>Roma Heroes Festival - Independent Theater Hungary<\/title>\n<meta name=\"robots\" content=\"index, follow, max-snippet:-1, max-image-preview:large, max-video-preview:-1\" \/>\n<link rel=\"canonical\" href=\"https:\/\/independenttheater.hu\/en\/roma-heroes-festival\/\" \/>\n<meta property=\"og:locale\" content=\"en_US\" \/>\n<meta property=\"og:type\" content=\"article\" \/>\n<meta property=\"og:title\" content=\"Roma Heroes Festival - Independent Theater Hungary\" \/>\n<meta property=\"og:description\" content=\"\u00bb\u00bb\u00bb Roma heroes Roma Heroes FestivalRoma Heroes International Theater Festival Since 2017, the Independent Theater Hungary has been organizing the world\u2019s only international Roma theater festival every year. Roma companies and artists from many European countries are presented at the festivals. The aim of the festival is to show the values of Roma theater and draw attention to the situation ... Read More\" \/>\n<meta property=\"og:url\" content=\"https:\/\/independenttheater.hu\/en\/roma-heroes-festival\/\" \/>\n<meta property=\"og:site_name\" content=\"Independent Theater Hungary\" \/>\n<meta property=\"article:modified_time\" content=\"2026-03-23T14:02:27+00:00\" \/>\n<meta name=\"twitter:card\" content=\"summary_large_image\" \/>\n<meta name=\"twitter:label1\" content=\"Est. reading time\" \/>\n\t<meta name=\"twitter:data1\" content=\"4 minutes\" \/>\n<script type=\"application\/ld+json\" class=\"yoast-schema-graph\">{\"@context\":\"https:\\\/\\\/schema.org\",\"@graph\":[{\"@type\":\"WebPage\",\"@id\":\"https:\\\/\\\/independenttheater.hu\\\/en\\\/roma-heroes-festival\\\/\",\"url\":\"https:\\\/\\\/independenttheater.hu\\\/en\\\/roma-heroes-festival\\\/\",\"name\":\"Roma Heroes Festival - Independent Theater Hungary\",\"isPartOf\":{\"@id\":\"https:\\\/\\\/independenttheater.hu\\\/#website\"},\"datePublished\":\"2024-03-21T11:56:50+00:00\",\"dateModified\":\"2026-03-23T14:02:27+00:00\",\"breadcrumb\":{\"@id\":\"https:\\\/\\\/independenttheater.hu\\\/en\\\/roma-heroes-festival\\\/#breadcrumb\"},\"inLanguage\":\"en-US\",\"potentialAction\":[{\"@type\":\"ReadAction\",\"target\":[\"https:\\\/\\\/independenttheater.hu\\\/en\\\/roma-heroes-festival\\\/\"]}]},{\"@type\":\"BreadcrumbList\",\"@id\":\"https:\\\/\\\/independenttheater.hu\\\/en\\\/roma-heroes-festival\\\/#breadcrumb\",\"itemListElement\":[{\"@type\":\"ListItem\",\"position\":1,\"name\":\"Homepage\",\"item\":\"https:\\\/\\\/independenttheater.hu\\\/en\\\/home\\\/\"},{\"@type\":\"ListItem\",\"position\":2,\"name\":\"Roma Heroes Festival\"}]},{\"@type\":\"WebSite\",\"@id\":\"https:\\\/\\\/independenttheater.hu\\\/#website\",\"url\":\"https:\\\/\\\/independenttheater.hu\\\/\",\"name\":\"Independent Theater Hungary\",\"description\":\"A Magyarorsz\u00e1gi Roma Sz\u00ednh\u00e1z\",\"publisher\":{\"@id\":\"https:\\\/\\\/independenttheater.hu\\\/#organization\"},\"potentialAction\":[{\"@type\":\"SearchAction\",\"target\":{\"@type\":\"EntryPoint\",\"urlTemplate\":\"https:\\\/\\\/independenttheater.hu\\\/?s={search_term_string}\"},\"query-input\":{\"@type\":\"PropertyValueSpecification\",\"valueRequired\":true,\"valueName\":\"search_term_string\"}}],\"inLanguage\":\"en-US\"},{\"@type\":\"Organization\",\"@id\":\"https:\\\/\\\/independenttheater.hu\\\/#organization\",\"name\":\"Independent Theater Hungary\",\"url\":\"https:\\\/\\\/independenttheater.hu\\\/\",\"logo\":{\"@type\":\"ImageObject\",\"inLanguage\":\"en-US\",\"@id\":\"https:\\\/\\\/independenttheater.hu\\\/#\\\/schema\\\/logo\\\/image\\\/\",\"url\":\"https:\\\/\\\/independenttheater.hu\\\/wp-content\\\/uploads\\\/2024\\\/03\\\/Independent_theater_logo_black.png\",\"contentUrl\":\"https:\\\/\\\/independenttheater.hu\\\/wp-content\\\/uploads\\\/2024\\\/03\\\/Independent_theater_logo_black.png\",\"width\":1907,\"height\":560,\"caption\":\"Independent Theater Hungary\"},\"image\":{\"@id\":\"https:\\\/\\\/independenttheater.hu\\\/#\\\/schema\\\/logo\\\/image\\\/\"}}]}<\/script>\n<!-- \/ Yoast SEO plugin. -->","yoast_head_json":{"title":"Roma Heroes Festival - Independent Theater Hungary","robots":{"index":"index","follow":"follow","max-snippet":"max-snippet:-1","max-image-preview":"max-image-preview:large","max-video-preview":"max-video-preview:-1"},"canonical":"https:\/\/independenttheater.hu\/en\/roma-heroes-festival\/","og_locale":"en_US","og_type":"article","og_title":"Roma Heroes Festival - Independent Theater Hungary","og_description":"\u00bb\u00bb\u00bb Roma heroes Roma Heroes FestivalRoma Heroes International Theater Festival Since 2017, the Independent Theater Hungary has been organizing the world\u2019s only international Roma theater festival every year. Roma companies and artists from many European countries are presented at the festivals. The aim of the festival is to show the values of Roma theater and draw attention to the situation ... Read More","og_url":"https:\/\/independenttheater.hu\/en\/roma-heroes-festival\/","og_site_name":"Independent Theater Hungary","article_modified_time":"2026-03-23T14:02:27+00:00","twitter_card":"summary_large_image","twitter_misc":{"Est. reading time":"4 minutes"},"schema":{"@context":"https:\/\/schema.org","@graph":[{"@type":"WebPage","@id":"https:\/\/independenttheater.hu\/en\/roma-heroes-festival\/","url":"https:\/\/independenttheater.hu\/en\/roma-heroes-festival\/","name":"Roma Heroes Festival - Independent Theater Hungary","isPartOf":{"@id":"https:\/\/independenttheater.hu\/#website"},"datePublished":"2024-03-21T11:56:50+00:00","dateModified":"2026-03-23T14:02:27+00:00","breadcrumb":{"@id":"https:\/\/independenttheater.hu\/en\/roma-heroes-festival\/#breadcrumb"},"inLanguage":"en-US","potentialAction":[{"@type":"ReadAction","target":["https:\/\/independenttheater.hu\/en\/roma-heroes-festival\/"]}]},{"@type":"BreadcrumbList","@id":"https:\/\/independenttheater.hu\/en\/roma-heroes-festival\/#breadcrumb","itemListElement":[{"@type":"ListItem","position":1,"name":"Homepage","item":"https:\/\/independenttheater.hu\/en\/home\/"},{"@type":"ListItem","position":2,"name":"Roma Heroes Festival"}]},{"@type":"WebSite","@id":"https:\/\/independenttheater.hu\/#website","url":"https:\/\/independenttheater.hu\/","name":"Independent Theater Hungary","description":"A Magyarorsz\u00e1gi Roma Sz\u00ednh\u00e1z","publisher":{"@id":"https:\/\/independenttheater.hu\/#organization"},"potentialAction":[{"@type":"SearchAction","target":{"@type":"EntryPoint","urlTemplate":"https:\/\/independenttheater.hu\/?s={search_term_string}"},"query-input":{"@type":"PropertyValueSpecification","valueRequired":true,"valueName":"search_term_string"}}],"inLanguage":"en-US"},{"@type":"Organization","@id":"https:\/\/independenttheater.hu\/#organization","name":"Independent Theater Hungary","url":"https:\/\/independenttheater.hu\/","logo":{"@type":"ImageObject","inLanguage":"en-US","@id":"https:\/\/independenttheater.hu\/#\/schema\/logo\/image\/","url":"https:\/\/independenttheater.hu\/wp-content\/uploads\/2024\/03\/Independent_theater_logo_black.png","contentUrl":"https:\/\/independenttheater.hu\/wp-content\/uploads\/2024\/03\/Independent_theater_logo_black.png","width":1907,"height":560,"caption":"Independent Theater Hungary"},"image":{"@id":"https:\/\/independenttheater.hu\/#\/schema\/logo\/image\/"}}]}},"_links":{"self":[{"href":"https:\/\/independenttheater.hu\/en\/wp-json\/wp\/v2\/pages\/2592","targetHints":{"allow":["GET"]}}],"collection":[{"href":"https:\/\/independenttheater.hu\/en\/wp-json\/wp\/v2\/pages"}],"about":[{"href":"https:\/\/independenttheater.hu\/en\/wp-json\/wp\/v2\/types\/page"}],"author":[{"embeddable":true,"href":"https:\/\/independenttheater.hu\/en\/wp-json\/wp\/v2\/users\/1"}],"replies":[{"embeddable":true,"href":"https:\/\/independenttheater.hu\/en\/wp-json\/wp\/v2\/comments?post=2592"}],"version-history":[{"count":4,"href":"https:\/\/independenttheater.hu\/en\/wp-json\/wp\/v2\/pages\/2592\/revisions"}],"predecessor-version":[{"id":3697,"href":"https:\/\/independenttheater.hu\/en\/wp-json\/wp\/v2\/pages\/2592\/revisions\/3697"}],"wp:attachment":[{"href":"https:\/\/independenttheater.hu\/en\/wp-json\/wp\/v2\/media?parent=2592"}],"wp:term":[{"taxonomy":"category","embeddable":true,"href":"https:\/\/independenttheater.hu\/en\/wp-json\/wp\/v2\/categories?post=2592"},{"taxonomy":"post_tag","embeddable":true,"href":"https:\/\/independenttheater.hu\/en\/wp-json\/wp\/v2\/tags?post=2592"}],"curies":[{"name":"wp","href":"https:\/\/api.w.org\/{rel}","templated":true}]}}