{"id":2594,"date":"2025-03-04T23:24:27","date_gmt":"2025-03-04T22:24:27","guid":{"rendered":"https:\/\/independenttheater.hu\/roma-heroes-7th-international-theater-festival\/"},"modified":"2025-05-30T13:40:37","modified_gmt":"2025-05-30T11:40:37","slug":"roma-heroes-7th-international-theater-festival","status":"publish","type":"page","link":"https:\/\/independenttheater.hu\/en\/roma-heroes-festival\/roma-heroes-7th-international-theater-festival\/","title":{"rendered":"Roma Heroes \u2013 7th International Theater Festival"},"content":{"rendered":"<div id=\"cs-content\" class=\"cs-content\"><\/div>\n","protected":false},"excerpt":{"rendered":"<p>\u00bb\u00bb\u00bb Roma H\u0151s\u00f6k Fesztiv\u00e1lok Roma Heroes 2025\u00ab 2023Tickets \u00bbPerformances 2025Tickets! Helysz\u00ednGiuvlipen Theatre Company (Romania) &#8220;Caliban and the Witch&#8221;Traveller Wagon Wheel Theatre Company (Ireland) &#8220;Magpies on the Pylon&#8221;Rampa Prenestina Theatre Company (Italy) &#8220;Waiting for Bo&#8221;Independent Theatre Hungary &#8220;Cannibals&#8221;RS9 Theatre (Hungary) &#8220;The Life of Mariella Mehr&#8221;Roma Heroes \u2013 7th International Theater Festival The number seven is mythical, and it is almost like &#8230; <a href=\"https:\/\/independenttheater.hu\/en\/roma-heroes-festival\/roma-heroes-7th-international-theater-festival\/\" class=\"more-link\">Read More<\/a><\/p>\n","protected":false},"author":2,"featured_media":0,"parent":2592,"menu_order":0,"comment_status":"closed","ping_status":"closed","template":"template-blank-4.php","meta":{"_crdt_document":"","pgc_sgb_lightbox_settings":"","footnotes":""},"categories":[57],"tags":[],"class_list":["post-2594","page","type-page","status-publish","hentry","category-roma-heroes-festival-en","no-post-thumbnail"],"yoast_head":"<!-- This site is optimized with the Yoast SEO plugin v27.5 - https:\/\/yoast.com\/product\/yoast-seo-wordpress\/ -->\n<title>Roma Heroes \u2013 7th International Theater Festival - Independent Theater Hungary<\/title>\n<meta name=\"robots\" content=\"index, follow, max-snippet:-1, max-image-preview:large, max-video-preview:-1\" \/>\n<link rel=\"canonical\" href=\"https:\/\/independenttheater.hu\/en\/roma-heroes-7th-international-theater-festival\/\" \/>\n<meta property=\"og:locale\" content=\"en_US\" \/>\n<meta property=\"og:type\" content=\"article\" \/>\n<meta property=\"og:title\" content=\"Roma Heroes \u2013 7th International Theater Festival - Independent Theater Hungary\" \/>\n<meta property=\"og:description\" content=\"\u00bb\u00bb\u00bb Roma H\u0151s\u00f6k Fesztiv\u00e1lok Roma Heroes 2025\u00ab 2023Tickets \u00bbPerformances 2025Tickets! Helysz\u00ednGiuvlipen Theatre Company (Romania) &quot;Caliban and the Witch&quot;Traveller Wagon Wheel Theatre Company (Ireland) &quot;Magpies on the Pylon&quot;Rampa Prenestina Theatre Company (Italy) &quot;Waiting for Bo&quot;Independent Theatre Hungary &quot;Cannibals&quot;RS9 Theatre (Hungary) &quot;The Life of Mariella Mehr&quot;Roma Heroes \u2013 7th International Theater Festival The number seven is mythical, and it is almost like ... Read More\" \/>\n<meta property=\"og:url\" content=\"https:\/\/independenttheater.hu\/en\/roma-heroes-7th-international-theater-festival\/\" \/>\n<meta property=\"og:site_name\" content=\"Independent Theater Hungary\" \/>\n<meta property=\"article:modified_time\" content=\"2025-05-30T11:40:37+00:00\" \/>\n<meta name=\"twitter:card\" content=\"summary_large_image\" \/>\n<meta name=\"twitter:label1\" content=\"Est. reading time\" \/>\n\t<meta name=\"twitter:data1\" content=\"22 minutes\" \/>\n<script type=\"application\/ld+json\" class=\"yoast-schema-graph\">{\"@context\":\"https:\\\/\\\/schema.org\",\"@graph\":[{\"@type\":\"WebPage\",\"@id\":\"https:\\\/\\\/independenttheater.hu\\\/en\\\/roma-heroes-7th-international-theater-festival\\\/\",\"url\":\"https:\\\/\\\/independenttheater.hu\\\/en\\\/roma-heroes-7th-international-theater-festival\\\/\",\"name\":\"Roma Heroes \u2013 7th International Theater Festival - Independent Theater Hungary\",\"isPartOf\":{\"@id\":\"https:\\\/\\\/independenttheater.hu\\\/#website\"},\"datePublished\":\"2025-03-04T22:24:27+00:00\",\"dateModified\":\"2025-05-30T11:40:37+00:00\",\"breadcrumb\":{\"@id\":\"https:\\\/\\\/independenttheater.hu\\\/en\\\/roma-heroes-7th-international-theater-festival\\\/#breadcrumb\"},\"inLanguage\":\"en-US\",\"potentialAction\":[{\"@type\":\"ReadAction\",\"target\":[\"https:\\\/\\\/independenttheater.hu\\\/en\\\/roma-heroes-7th-international-theater-festival\\\/\"]}]},{\"@type\":\"BreadcrumbList\",\"@id\":\"https:\\\/\\\/independenttheater.hu\\\/en\\\/roma-heroes-7th-international-theater-festival\\\/#breadcrumb\",\"itemListElement\":[{\"@type\":\"ListItem\",\"position\":1,\"name\":\"Homepage\",\"item\":\"https:\\\/\\\/independenttheater.hu\\\/en\\\/home\\\/\"},{\"@type\":\"ListItem\",\"position\":2,\"name\":\"Roma Heroes \u2013 7th International Theater Festival\"}]},{\"@type\":\"WebSite\",\"@id\":\"https:\\\/\\\/independenttheater.hu\\\/#website\",\"url\":\"https:\\\/\\\/independenttheater.hu\\\/\",\"name\":\"Independent Theater Hungary\",\"description\":\"A Magyarorsz\u00e1gi Roma Sz\u00ednh\u00e1z\",\"publisher\":{\"@id\":\"https:\\\/\\\/independenttheater.hu\\\/#organization\"},\"potentialAction\":[{\"@type\":\"SearchAction\",\"target\":{\"@type\":\"EntryPoint\",\"urlTemplate\":\"https:\\\/\\\/independenttheater.hu\\\/?s={search_term_string}\"},\"query-input\":{\"@type\":\"PropertyValueSpecification\",\"valueRequired\":true,\"valueName\":\"search_term_string\"}}],\"inLanguage\":\"en-US\"},{\"@type\":\"Organization\",\"@id\":\"https:\\\/\\\/independenttheater.hu\\\/#organization\",\"name\":\"Independent Theater Hungary\",\"url\":\"https:\\\/\\\/independenttheater.hu\\\/\",\"logo\":{\"@type\":\"ImageObject\",\"inLanguage\":\"en-US\",\"@id\":\"https:\\\/\\\/independenttheater.hu\\\/#\\\/schema\\\/logo\\\/image\\\/\",\"url\":\"https:\\\/\\\/independenttheater.hu\\\/wp-content\\\/uploads\\\/2024\\\/03\\\/Independent_theater_logo_black.png\",\"contentUrl\":\"https:\\\/\\\/independenttheater.hu\\\/wp-content\\\/uploads\\\/2024\\\/03\\\/Independent_theater_logo_black.png\",\"width\":1907,\"height\":560,\"caption\":\"Independent Theater Hungary\"},\"image\":{\"@id\":\"https:\\\/\\\/independenttheater.hu\\\/#\\\/schema\\\/logo\\\/image\\\/\"}}]}<\/script>\n<!-- \/ Yoast SEO plugin. -->","yoast_head_json":{"title":"Roma Heroes \u2013 7th International Theater Festival - Independent Theater Hungary","robots":{"index":"index","follow":"follow","max-snippet":"max-snippet:-1","max-image-preview":"max-image-preview:large","max-video-preview":"max-video-preview:-1"},"canonical":"https:\/\/independenttheater.hu\/en\/roma-heroes-7th-international-theater-festival\/","og_locale":"en_US","og_type":"article","og_title":"Roma Heroes \u2013 7th International Theater Festival - Independent Theater Hungary","og_description":"\u00bb\u00bb\u00bb Roma H\u0151s\u00f6k Fesztiv\u00e1lok Roma Heroes 2025\u00ab 2023Tickets \u00bbPerformances 2025Tickets! Helysz\u00ednGiuvlipen Theatre Company (Romania) \"Caliban and the Witch\"Traveller Wagon Wheel Theatre Company (Ireland) \"Magpies on the Pylon\"Rampa Prenestina Theatre Company (Italy) \"Waiting for Bo\"Independent Theatre Hungary \"Cannibals\"RS9 Theatre (Hungary) \"The Life of Mariella Mehr\"Roma Heroes \u2013 7th International Theater Festival The number seven is mythical, and it is almost like ... Read More","og_url":"https:\/\/independenttheater.hu\/en\/roma-heroes-7th-international-theater-festival\/","og_site_name":"Independent Theater Hungary","article_modified_time":"2025-05-30T11:40:37+00:00","twitter_card":"summary_large_image","twitter_misc":{"Est. reading time":"22 minutes"},"schema":{"@context":"https:\/\/schema.org","@graph":[{"@type":"WebPage","@id":"https:\/\/independenttheater.hu\/en\/roma-heroes-7th-international-theater-festival\/","url":"https:\/\/independenttheater.hu\/en\/roma-heroes-7th-international-theater-festival\/","name":"Roma Heroes \u2013 7th International Theater Festival - Independent Theater Hungary","isPartOf":{"@id":"https:\/\/independenttheater.hu\/#website"},"datePublished":"2025-03-04T22:24:27+00:00","dateModified":"2025-05-30T11:40:37+00:00","breadcrumb":{"@id":"https:\/\/independenttheater.hu\/en\/roma-heroes-7th-international-theater-festival\/#breadcrumb"},"inLanguage":"en-US","potentialAction":[{"@type":"ReadAction","target":["https:\/\/independenttheater.hu\/en\/roma-heroes-7th-international-theater-festival\/"]}]},{"@type":"BreadcrumbList","@id":"https:\/\/independenttheater.hu\/en\/roma-heroes-7th-international-theater-festival\/#breadcrumb","itemListElement":[{"@type":"ListItem","position":1,"name":"Homepage","item":"https:\/\/independenttheater.hu\/en\/home\/"},{"@type":"ListItem","position":2,"name":"Roma Heroes \u2013 7th International Theater Festival"}]},{"@type":"WebSite","@id":"https:\/\/independenttheater.hu\/#website","url":"https:\/\/independenttheater.hu\/","name":"Independent Theater Hungary","description":"A Magyarorsz\u00e1gi Roma Sz\u00ednh\u00e1z","publisher":{"@id":"https:\/\/independenttheater.hu\/#organization"},"potentialAction":[{"@type":"SearchAction","target":{"@type":"EntryPoint","urlTemplate":"https:\/\/independenttheater.hu\/?s={search_term_string}"},"query-input":{"@type":"PropertyValueSpecification","valueRequired":true,"valueName":"search_term_string"}}],"inLanguage":"en-US"},{"@type":"Organization","@id":"https:\/\/independenttheater.hu\/#organization","name":"Independent Theater Hungary","url":"https:\/\/independenttheater.hu\/","logo":{"@type":"ImageObject","inLanguage":"en-US","@id":"https:\/\/independenttheater.hu\/#\/schema\/logo\/image\/","url":"https:\/\/independenttheater.hu\/wp-content\/uploads\/2024\/03\/Independent_theater_logo_black.png","contentUrl":"https:\/\/independenttheater.hu\/wp-content\/uploads\/2024\/03\/Independent_theater_logo_black.png","width":1907,"height":560,"caption":"Independent Theater Hungary"},"image":{"@id":"https:\/\/independenttheater.hu\/#\/schema\/logo\/image\/"}}]}},"_links":{"self":[{"href":"https:\/\/independenttheater.hu\/en\/wp-json\/wp\/v2\/pages\/2594","targetHints":{"allow":["GET"]}}],"collection":[{"href":"https:\/\/independenttheater.hu\/en\/wp-json\/wp\/v2\/pages"}],"about":[{"href":"https:\/\/independenttheater.hu\/en\/wp-json\/wp\/v2\/types\/page"}],"author":[{"embeddable":true,"href":"https:\/\/independenttheater.hu\/en\/wp-json\/wp\/v2\/users\/2"}],"replies":[{"embeddable":true,"href":"https:\/\/independenttheater.hu\/en\/wp-json\/wp\/v2\/comments?post=2594"}],"version-history":[{"count":55,"href":"https:\/\/independenttheater.hu\/en\/wp-json\/wp\/v2\/pages\/2594\/revisions"}],"predecessor-version":[{"id":2961,"href":"https:\/\/independenttheater.hu\/en\/wp-json\/wp\/v2\/pages\/2594\/revisions\/2961"}],"up":[{"embeddable":true,"href":"https:\/\/independenttheater.hu\/en\/wp-json\/wp\/v2\/pages\/2592"}],"wp:attachment":[{"href":"https:\/\/independenttheater.hu\/en\/wp-json\/wp\/v2\/media?parent=2594"}],"wp:term":[{"taxonomy":"category","embeddable":true,"href":"https:\/\/independenttheater.hu\/en\/wp-json\/wp\/v2\/categories?post=2594"},{"taxonomy":"post_tag","embeddable":true,"href":"https:\/\/independenttheater.hu\/en\/wp-json\/wp\/v2\/tags?post=2594"}],"curies":[{"name":"wp","href":"https:\/\/api.w.org\/{rel}","templated":true}]}}