{"id":2598,"date":"2024-05-09T01:27:11","date_gmt":"2024-05-08T23:27:11","guid":{"rendered":"https:\/\/independenttheater.hu\/roma-heroes-festival\/iv-international-roma-theater-festival\/"},"modified":"2025-03-12T03:43:43","modified_gmt":"2025-03-12T02:43:43","slug":"iv-international-roma-theater-festival","status":"publish","type":"page","link":"https:\/\/independenttheater.hu\/en\/roma-heroes-festival\/iv-international-roma-theater-festival\/","title":{"rendered":"IV International Roma Theater Festival"},"content":{"rendered":"<div id=\"cs-content\" class=\"cs-content\"><\/div>\n","protected":false},"excerpt":{"rendered":"<p>\u00bb\u00bb\u00bb Roma Heroes Festivals Roma Heroes 2020\u00ab 20192022 \u00bbPerformances 2020ALEX FIFEA &#038; THE ARTHUB (ROMANIA) &#8220;Bambina, the queen of flowers&#8221;Independent Theater Hungary (Hungary) &#8220;Village day \u2013 If it is for free, it ain\u2019t worth shit!&#8221;Romance Theater (Ukraine) &#8220;Leader&#8221;ZSOLT FEKETE-LOVAS (ROMANIA \/ Hungary) &#8220;Perkucigo&#8221; \u2013 The life story of Zsolt Fekete-LovasIndependent Theater Coproduction (EUROPE) &#8220;European family&#8221;GIUVLIPEN Company (ROMANIA) &#8220;Romacen \u2013 The &#8230; <a href=\"https:\/\/independenttheater.hu\/en\/roma-heroes-festival\/iv-international-roma-theater-festival\/\" class=\"more-link\">Read More<\/a><\/p>\n","protected":false},"author":1,"featured_media":0,"parent":2592,"menu_order":0,"comment_status":"closed","ping_status":"closed","template":"template-blank-4.php","meta":{"_crdt_document":"","pgc_sgb_lightbox_settings":"","footnotes":""},"categories":[57],"tags":[],"class_list":["post-2598","page","type-page","status-publish","hentry","category-roma-heroes-festival-en","no-post-thumbnail"],"yoast_head":"<!-- This site is optimized with the Yoast SEO plugin v27.5 - https:\/\/yoast.com\/product\/yoast-seo-wordpress\/ -->\n<title>IV International Roma Theater Festival - Independent Theater Hungary<\/title>\n<meta name=\"robots\" content=\"index, follow, max-snippet:-1, max-image-preview:large, max-video-preview:-1\" \/>\n<link rel=\"canonical\" href=\"https:\/\/independenttheater.hu\/en\/roma-heroes-festival\/iv-international-roma-theater-festival\/\" \/>\n<meta property=\"og:locale\" content=\"en_US\" \/>\n<meta property=\"og:type\" content=\"article\" \/>\n<meta property=\"og:title\" content=\"IV International Roma Theater Festival - Independent Theater Hungary\" \/>\n<meta property=\"og:description\" content=\"\u00bb\u00bb\u00bb Roma Heroes Festivals Roma Heroes 2020\u00ab 20192022 \u00bbPerformances 2020ALEX FIFEA &amp; THE ARTHUB (ROMANIA) &quot;Bambina, the queen of flowers&quot;Independent Theater Hungary (Hungary) &quot;Village day \u2013 If it is for free, it ain\u2019t worth shit!&quot;Romance Theater (Ukraine) &quot;Leader&quot;ZSOLT FEKETE-LOVAS (ROMANIA \/ Hungary) &quot;Perkucigo&quot; \u2013 The life story of Zsolt Fekete-LovasIndependent Theater Coproduction (EUROPE) &quot;European family&quot;GIUVLIPEN Company (ROMANIA) &quot;Romacen \u2013 The ... Read More\" \/>\n<meta property=\"og:url\" content=\"https:\/\/independenttheater.hu\/en\/roma-heroes-festival\/iv-international-roma-theater-festival\/\" \/>\n<meta property=\"og:site_name\" content=\"Independent Theater Hungary\" \/>\n<meta property=\"article:modified_time\" content=\"2025-03-12T02:43:43+00:00\" \/>\n<meta name=\"twitter:card\" content=\"summary_large_image\" \/>\n<meta name=\"twitter:label1\" content=\"Est. reading time\" \/>\n\t<meta name=\"twitter:data1\" content=\"27 minutes\" \/>\n<script type=\"application\/ld+json\" class=\"yoast-schema-graph\">{\"@context\":\"https:\\\/\\\/schema.org\",\"@graph\":[{\"@type\":\"WebPage\",\"@id\":\"https:\\\/\\\/independenttheater.hu\\\/en\\\/roma-heroes-festival\\\/iv-international-roma-theater-festival\\\/\",\"url\":\"https:\\\/\\\/independenttheater.hu\\\/en\\\/roma-heroes-festival\\\/iv-international-roma-theater-festival\\\/\",\"name\":\"IV International Roma Theater Festival - Independent Theater Hungary\",\"isPartOf\":{\"@id\":\"https:\\\/\\\/independenttheater.hu\\\/#website\"},\"datePublished\":\"2024-05-08T23:27:11+00:00\",\"dateModified\":\"2025-03-12T02:43:43+00:00\",\"breadcrumb\":{\"@id\":\"https:\\\/\\\/independenttheater.hu\\\/en\\\/roma-heroes-festival\\\/iv-international-roma-theater-festival\\\/#breadcrumb\"},\"inLanguage\":\"en-US\",\"potentialAction\":[{\"@type\":\"ReadAction\",\"target\":[\"https:\\\/\\\/independenttheater.hu\\\/en\\\/roma-heroes-festival\\\/iv-international-roma-theater-festival\\\/\"]}]},{\"@type\":\"BreadcrumbList\",\"@id\":\"https:\\\/\\\/independenttheater.hu\\\/en\\\/roma-heroes-festival\\\/iv-international-roma-theater-festival\\\/#breadcrumb\",\"itemListElement\":[{\"@type\":\"ListItem\",\"position\":1,\"name\":\"Homepage\",\"item\":\"https:\\\/\\\/independenttheater.hu\\\/en\\\/home\\\/\"},{\"@type\":\"ListItem\",\"position\":2,\"name\":\"Roma Heroes Festival\",\"item\":\"https:\\\/\\\/independenttheater.hu\\\/en\\\/roma-heroes-festival\\\/\"},{\"@type\":\"ListItem\",\"position\":3,\"name\":\"IV International Roma Theater Festival\"}]},{\"@type\":\"WebSite\",\"@id\":\"https:\\\/\\\/independenttheater.hu\\\/#website\",\"url\":\"https:\\\/\\\/independenttheater.hu\\\/\",\"name\":\"Independent Theater Hungary\",\"description\":\"A Magyarorsz\u00e1gi Roma Sz\u00ednh\u00e1z\",\"publisher\":{\"@id\":\"https:\\\/\\\/independenttheater.hu\\\/#organization\"},\"potentialAction\":[{\"@type\":\"SearchAction\",\"target\":{\"@type\":\"EntryPoint\",\"urlTemplate\":\"https:\\\/\\\/independenttheater.hu\\\/?s={search_term_string}\"},\"query-input\":{\"@type\":\"PropertyValueSpecification\",\"valueRequired\":true,\"valueName\":\"search_term_string\"}}],\"inLanguage\":\"en-US\"},{\"@type\":\"Organization\",\"@id\":\"https:\\\/\\\/independenttheater.hu\\\/#organization\",\"name\":\"Independent Theater Hungary\",\"url\":\"https:\\\/\\\/independenttheater.hu\\\/\",\"logo\":{\"@type\":\"ImageObject\",\"inLanguage\":\"en-US\",\"@id\":\"https:\\\/\\\/independenttheater.hu\\\/#\\\/schema\\\/logo\\\/image\\\/\",\"url\":\"https:\\\/\\\/independenttheater.hu\\\/wp-content\\\/uploads\\\/2024\\\/03\\\/Independent_theater_logo_black.png\",\"contentUrl\":\"https:\\\/\\\/independenttheater.hu\\\/wp-content\\\/uploads\\\/2024\\\/03\\\/Independent_theater_logo_black.png\",\"width\":1907,\"height\":560,\"caption\":\"Independent Theater Hungary\"},\"image\":{\"@id\":\"https:\\\/\\\/independenttheater.hu\\\/#\\\/schema\\\/logo\\\/image\\\/\"}}]}<\/script>\n<!-- \/ Yoast SEO plugin. -->","yoast_head_json":{"title":"IV International Roma Theater Festival - Independent Theater Hungary","robots":{"index":"index","follow":"follow","max-snippet":"max-snippet:-1","max-image-preview":"max-image-preview:large","max-video-preview":"max-video-preview:-1"},"canonical":"https:\/\/independenttheater.hu\/en\/roma-heroes-festival\/iv-international-roma-theater-festival\/","og_locale":"en_US","og_type":"article","og_title":"IV International Roma Theater Festival - Independent Theater Hungary","og_description":"\u00bb\u00bb\u00bb Roma Heroes Festivals Roma Heroes 2020\u00ab 20192022 \u00bbPerformances 2020ALEX FIFEA & THE ARTHUB (ROMANIA) \"Bambina, the queen of flowers\"Independent Theater Hungary (Hungary) \"Village day \u2013 If it is for free, it ain\u2019t worth shit!\"Romance Theater (Ukraine) \"Leader\"ZSOLT FEKETE-LOVAS (ROMANIA \/ Hungary) \"Perkucigo\" \u2013 The life story of Zsolt Fekete-LovasIndependent Theater Coproduction (EUROPE) \"European family\"GIUVLIPEN Company (ROMANIA) \"Romacen \u2013 The ... Read More","og_url":"https:\/\/independenttheater.hu\/en\/roma-heroes-festival\/iv-international-roma-theater-festival\/","og_site_name":"Independent Theater Hungary","article_modified_time":"2025-03-12T02:43:43+00:00","twitter_card":"summary_large_image","twitter_misc":{"Est. reading time":"27 minutes"},"schema":{"@context":"https:\/\/schema.org","@graph":[{"@type":"WebPage","@id":"https:\/\/independenttheater.hu\/en\/roma-heroes-festival\/iv-international-roma-theater-festival\/","url":"https:\/\/independenttheater.hu\/en\/roma-heroes-festival\/iv-international-roma-theater-festival\/","name":"IV International Roma Theater Festival - Independent Theater Hungary","isPartOf":{"@id":"https:\/\/independenttheater.hu\/#website"},"datePublished":"2024-05-08T23:27:11+00:00","dateModified":"2025-03-12T02:43:43+00:00","breadcrumb":{"@id":"https:\/\/independenttheater.hu\/en\/roma-heroes-festival\/iv-international-roma-theater-festival\/#breadcrumb"},"inLanguage":"en-US","potentialAction":[{"@type":"ReadAction","target":["https:\/\/independenttheater.hu\/en\/roma-heroes-festival\/iv-international-roma-theater-festival\/"]}]},{"@type":"BreadcrumbList","@id":"https:\/\/independenttheater.hu\/en\/roma-heroes-festival\/iv-international-roma-theater-festival\/#breadcrumb","itemListElement":[{"@type":"ListItem","position":1,"name":"Homepage","item":"https:\/\/independenttheater.hu\/en\/home\/"},{"@type":"ListItem","position":2,"name":"Roma Heroes Festival","item":"https:\/\/independenttheater.hu\/en\/roma-heroes-festival\/"},{"@type":"ListItem","position":3,"name":"IV International Roma Theater Festival"}]},{"@type":"WebSite","@id":"https:\/\/independenttheater.hu\/#website","url":"https:\/\/independenttheater.hu\/","name":"Independent Theater Hungary","description":"A Magyarorsz\u00e1gi Roma Sz\u00ednh\u00e1z","publisher":{"@id":"https:\/\/independenttheater.hu\/#organization"},"potentialAction":[{"@type":"SearchAction","target":{"@type":"EntryPoint","urlTemplate":"https:\/\/independenttheater.hu\/?s={search_term_string}"},"query-input":{"@type":"PropertyValueSpecification","valueRequired":true,"valueName":"search_term_string"}}],"inLanguage":"en-US"},{"@type":"Organization","@id":"https:\/\/independenttheater.hu\/#organization","name":"Independent Theater Hungary","url":"https:\/\/independenttheater.hu\/","logo":{"@type":"ImageObject","inLanguage":"en-US","@id":"https:\/\/independenttheater.hu\/#\/schema\/logo\/image\/","url":"https:\/\/independenttheater.hu\/wp-content\/uploads\/2024\/03\/Independent_theater_logo_black.png","contentUrl":"https:\/\/independenttheater.hu\/wp-content\/uploads\/2024\/03\/Independent_theater_logo_black.png","width":1907,"height":560,"caption":"Independent Theater Hungary"},"image":{"@id":"https:\/\/independenttheater.hu\/#\/schema\/logo\/image\/"}}]}},"_links":{"self":[{"href":"https:\/\/independenttheater.hu\/en\/wp-json\/wp\/v2\/pages\/2598","targetHints":{"allow":["GET"]}}],"collection":[{"href":"https:\/\/independenttheater.hu\/en\/wp-json\/wp\/v2\/pages"}],"about":[{"href":"https:\/\/independenttheater.hu\/en\/wp-json\/wp\/v2\/types\/page"}],"author":[{"embeddable":true,"href":"https:\/\/independenttheater.hu\/en\/wp-json\/wp\/v2\/users\/1"}],"replies":[{"embeddable":true,"href":"https:\/\/independenttheater.hu\/en\/wp-json\/wp\/v2\/comments?post=2598"}],"version-history":[{"count":8,"href":"https:\/\/independenttheater.hu\/en\/wp-json\/wp\/v2\/pages\/2598\/revisions"}],"predecessor-version":[{"id":2608,"href":"https:\/\/independenttheater.hu\/en\/wp-json\/wp\/v2\/pages\/2598\/revisions\/2608"}],"up":[{"embeddable":true,"href":"https:\/\/independenttheater.hu\/en\/wp-json\/wp\/v2\/pages\/2592"}],"wp:attachment":[{"href":"https:\/\/independenttheater.hu\/en\/wp-json\/wp\/v2\/media?parent=2598"}],"wp:term":[{"taxonomy":"category","embeddable":true,"href":"https:\/\/independenttheater.hu\/en\/wp-json\/wp\/v2\/categories?post=2598"},{"taxonomy":"post_tag","embeddable":true,"href":"https:\/\/independenttheater.hu\/en\/wp-json\/wp\/v2\/tags?post=2598"}],"curies":[{"name":"wp","href":"https:\/\/api.w.org\/{rel}","templated":true}]}}