{"id":2601,"date":"2024-05-29T16:26:34","date_gmt":"2024-05-29T14:26:34","guid":{"rendered":"https:\/\/independenttheater.hu\/roma-heroes-festival\/v-international-roma-theatre-festival\/"},"modified":"2025-09-16T14:27:50","modified_gmt":"2025-09-16T12:27:50","slug":"v-international-roma-theatre-festival","status":"publish","type":"page","link":"https:\/\/independenttheater.hu\/en\/roma-heroes-festival\/v-international-roma-theatre-festival\/","title":{"rendered":"5th International Roma Heroes Theater Festival"},"content":{"rendered":"<div id=\"cs-content\" class=\"cs-content\"><\/div>\n","protected":false},"excerpt":{"rendered":"<p>\u00bb\u00bb\u00bb Roma H\u0151s\u00f6k Fesztiv\u00e1lokRoma Heroes 2022 &#8211; Csal\u00e1dok \u00e9s harcok -2020 \u00bb2023 \u00bbPerformances 2022F\u00dcGGETLEN SZ\u00cdNH\u00c1Z (MAGYARORSZ\u00c1G) &#8220;Frog tales&#8221;Actor Theater (Szlov\u00e1kia) &#8220;Helver&#8217;S night&#8221;Ara Art Theater (Csehorsz\u00e1g) &#8220;Mama \/ Dajori&#8221;TRAVELLER WAGON WHEEL COMPANY (\u00cdRORSZ\u00c1G) &#8220;Ireland Shed a Tear?&#8221;F\u00fcggetlen Sz\u00ednh\u00e1z (Magyarorsz\u00e1g) &#8220;Czinka Panna &#8211; The Dance of the Witch&#8221;Roma Heroes \u2013 V. International Roma Theater Festival Independent Theater Hungary organises its fifth international &#8230; <a href=\"https:\/\/independenttheater.hu\/en\/roma-heroes-festival\/v-international-roma-theatre-festival\/\" class=\"more-link\">Read More<\/a><\/p>\n","protected":false},"author":1,"featured_media":0,"parent":2592,"menu_order":0,"comment_status":"closed","ping_status":"closed","template":"template-blank-4.php","meta":{"_crdt_document":"","pgc_sgb_lightbox_settings":"","footnotes":""},"categories":[57],"tags":[],"class_list":["post-2601","page","type-page","status-publish","hentry","category-roma-heroes-festival-en","no-post-thumbnail"],"yoast_head":"<!-- This site is optimized with the Yoast SEO plugin v27.5 - https:\/\/yoast.com\/product\/yoast-seo-wordpress\/ -->\n<title>5th International Roma Heroes Theater Festival - Independent Theater Hungary<\/title>\n<meta name=\"robots\" content=\"index, follow, max-snippet:-1, max-image-preview:large, max-video-preview:-1\" \/>\n<link rel=\"canonical\" href=\"https:\/\/independenttheater.hu\/en\/roma-heroes-festival\/v-international-roma-theatre-festival\/\" \/>\n<meta property=\"og:locale\" content=\"en_US\" \/>\n<meta property=\"og:type\" content=\"article\" \/>\n<meta property=\"og:title\" content=\"5th International Roma Heroes Theater Festival - Independent Theater Hungary\" \/>\n<meta property=\"og:description\" content=\"\u00bb\u00bb\u00bb Roma H\u0151s\u00f6k Fesztiv\u00e1lokRoma Heroes 2022 - Csal\u00e1dok \u00e9s harcok -2020 \u00bb2023 \u00bbPerformances 2022F\u00dcGGETLEN SZ\u00cdNH\u00c1Z (MAGYARORSZ\u00c1G) &quot;Frog tales&quot;Actor Theater (Szlov\u00e1kia) &quot;Helver&#039;S night&quot;Ara Art Theater (Csehorsz\u00e1g) &quot;Mama \/ Dajori&quot;TRAVELLER WAGON WHEEL COMPANY (\u00cdRORSZ\u00c1G) &quot;Ireland Shed a Tear?&quot;F\u00fcggetlen Sz\u00ednh\u00e1z (Magyarorsz\u00e1g) &quot;Czinka Panna - The Dance of the Witch&quot;Roma Heroes \u2013 V. International Roma Theater Festival Independent Theater Hungary organises its fifth international ... Read More\" \/>\n<meta property=\"og:url\" content=\"https:\/\/independenttheater.hu\/en\/roma-heroes-festival\/v-international-roma-theatre-festival\/\" \/>\n<meta property=\"og:site_name\" content=\"Independent Theater Hungary\" \/>\n<meta property=\"article:modified_time\" content=\"2025-09-16T12:27:50+00:00\" \/>\n<meta name=\"twitter:card\" content=\"summary_large_image\" \/>\n<meta name=\"twitter:label1\" content=\"Est. reading time\" \/>\n\t<meta name=\"twitter:data1\" content=\"20 minutes\" \/>\n<script type=\"application\/ld+json\" class=\"yoast-schema-graph\">{\"@context\":\"https:\\\/\\\/schema.org\",\"@graph\":[{\"@type\":\"WebPage\",\"@id\":\"https:\\\/\\\/independenttheater.hu\\\/en\\\/roma-heroes-festival\\\/v-international-roma-theatre-festival\\\/\",\"url\":\"https:\\\/\\\/independenttheater.hu\\\/en\\\/roma-heroes-festival\\\/v-international-roma-theatre-festival\\\/\",\"name\":\"5th International Roma Heroes Theater Festival - Independent Theater Hungary\",\"isPartOf\":{\"@id\":\"https:\\\/\\\/independenttheater.hu\\\/#website\"},\"datePublished\":\"2024-05-29T14:26:34+00:00\",\"dateModified\":\"2025-09-16T12:27:50+00:00\",\"breadcrumb\":{\"@id\":\"https:\\\/\\\/independenttheater.hu\\\/en\\\/roma-heroes-festival\\\/v-international-roma-theatre-festival\\\/#breadcrumb\"},\"inLanguage\":\"en-US\",\"potentialAction\":[{\"@type\":\"ReadAction\",\"target\":[\"https:\\\/\\\/independenttheater.hu\\\/en\\\/roma-heroes-festival\\\/v-international-roma-theatre-festival\\\/\"]}]},{\"@type\":\"BreadcrumbList\",\"@id\":\"https:\\\/\\\/independenttheater.hu\\\/en\\\/roma-heroes-festival\\\/v-international-roma-theatre-festival\\\/#breadcrumb\",\"itemListElement\":[{\"@type\":\"ListItem\",\"position\":1,\"name\":\"Homepage\",\"item\":\"https:\\\/\\\/independenttheater.hu\\\/en\\\/home\\\/\"},{\"@type\":\"ListItem\",\"position\":2,\"name\":\"Roma Heroes Festival\",\"item\":\"https:\\\/\\\/independenttheater.hu\\\/en\\\/roma-heroes-festival\\\/\"},{\"@type\":\"ListItem\",\"position\":3,\"name\":\"5th International Roma Heroes Theater Festival\"}]},{\"@type\":\"WebSite\",\"@id\":\"https:\\\/\\\/independenttheater.hu\\\/#website\",\"url\":\"https:\\\/\\\/independenttheater.hu\\\/\",\"name\":\"Independent Theater Hungary\",\"description\":\"A Magyarorsz\u00e1gi Roma Sz\u00ednh\u00e1z\",\"publisher\":{\"@id\":\"https:\\\/\\\/independenttheater.hu\\\/#organization\"},\"potentialAction\":[{\"@type\":\"SearchAction\",\"target\":{\"@type\":\"EntryPoint\",\"urlTemplate\":\"https:\\\/\\\/independenttheater.hu\\\/?s={search_term_string}\"},\"query-input\":{\"@type\":\"PropertyValueSpecification\",\"valueRequired\":true,\"valueName\":\"search_term_string\"}}],\"inLanguage\":\"en-US\"},{\"@type\":\"Organization\",\"@id\":\"https:\\\/\\\/independenttheater.hu\\\/#organization\",\"name\":\"Independent Theater Hungary\",\"url\":\"https:\\\/\\\/independenttheater.hu\\\/\",\"logo\":{\"@type\":\"ImageObject\",\"inLanguage\":\"en-US\",\"@id\":\"https:\\\/\\\/independenttheater.hu\\\/#\\\/schema\\\/logo\\\/image\\\/\",\"url\":\"https:\\\/\\\/independenttheater.hu\\\/wp-content\\\/uploads\\\/2024\\\/03\\\/Independent_theater_logo_black.png\",\"contentUrl\":\"https:\\\/\\\/independenttheater.hu\\\/wp-content\\\/uploads\\\/2024\\\/03\\\/Independent_theater_logo_black.png\",\"width\":1907,\"height\":560,\"caption\":\"Independent Theater Hungary\"},\"image\":{\"@id\":\"https:\\\/\\\/independenttheater.hu\\\/#\\\/schema\\\/logo\\\/image\\\/\"}}]}<\/script>\n<!-- \/ Yoast SEO plugin. -->","yoast_head_json":{"title":"5th International Roma Heroes Theater Festival - Independent Theater Hungary","robots":{"index":"index","follow":"follow","max-snippet":"max-snippet:-1","max-image-preview":"max-image-preview:large","max-video-preview":"max-video-preview:-1"},"canonical":"https:\/\/independenttheater.hu\/en\/roma-heroes-festival\/v-international-roma-theatre-festival\/","og_locale":"en_US","og_type":"article","og_title":"5th International Roma Heroes Theater Festival - Independent Theater Hungary","og_description":"\u00bb\u00bb\u00bb Roma H\u0151s\u00f6k Fesztiv\u00e1lokRoma Heroes 2022 - Csal\u00e1dok \u00e9s harcok -2020 \u00bb2023 \u00bbPerformances 2022F\u00dcGGETLEN SZ\u00cdNH\u00c1Z (MAGYARORSZ\u00c1G) \"Frog tales\"Actor Theater (Szlov\u00e1kia) \"Helver'S night\"Ara Art Theater (Csehorsz\u00e1g) \"Mama \/ Dajori\"TRAVELLER WAGON WHEEL COMPANY (\u00cdRORSZ\u00c1G) \"Ireland Shed a Tear?\"F\u00fcggetlen Sz\u00ednh\u00e1z (Magyarorsz\u00e1g) \"Czinka Panna - The Dance of the Witch\"Roma Heroes \u2013 V. International Roma Theater Festival Independent Theater Hungary organises its fifth international ... Read More","og_url":"https:\/\/independenttheater.hu\/en\/roma-heroes-festival\/v-international-roma-theatre-festival\/","og_site_name":"Independent Theater Hungary","article_modified_time":"2025-09-16T12:27:50+00:00","twitter_card":"summary_large_image","twitter_misc":{"Est. reading time":"20 minutes"},"schema":{"@context":"https:\/\/schema.org","@graph":[{"@type":"WebPage","@id":"https:\/\/independenttheater.hu\/en\/roma-heroes-festival\/v-international-roma-theatre-festival\/","url":"https:\/\/independenttheater.hu\/en\/roma-heroes-festival\/v-international-roma-theatre-festival\/","name":"5th International Roma Heroes Theater Festival - Independent Theater Hungary","isPartOf":{"@id":"https:\/\/independenttheater.hu\/#website"},"datePublished":"2024-05-29T14:26:34+00:00","dateModified":"2025-09-16T12:27:50+00:00","breadcrumb":{"@id":"https:\/\/independenttheater.hu\/en\/roma-heroes-festival\/v-international-roma-theatre-festival\/#breadcrumb"},"inLanguage":"en-US","potentialAction":[{"@type":"ReadAction","target":["https:\/\/independenttheater.hu\/en\/roma-heroes-festival\/v-international-roma-theatre-festival\/"]}]},{"@type":"BreadcrumbList","@id":"https:\/\/independenttheater.hu\/en\/roma-heroes-festival\/v-international-roma-theatre-festival\/#breadcrumb","itemListElement":[{"@type":"ListItem","position":1,"name":"Homepage","item":"https:\/\/independenttheater.hu\/en\/home\/"},{"@type":"ListItem","position":2,"name":"Roma Heroes Festival","item":"https:\/\/independenttheater.hu\/en\/roma-heroes-festival\/"},{"@type":"ListItem","position":3,"name":"5th International Roma Heroes Theater Festival"}]},{"@type":"WebSite","@id":"https:\/\/independenttheater.hu\/#website","url":"https:\/\/independenttheater.hu\/","name":"Independent Theater Hungary","description":"A Magyarorsz\u00e1gi Roma Sz\u00ednh\u00e1z","publisher":{"@id":"https:\/\/independenttheater.hu\/#organization"},"potentialAction":[{"@type":"SearchAction","target":{"@type":"EntryPoint","urlTemplate":"https:\/\/independenttheater.hu\/?s={search_term_string}"},"query-input":{"@type":"PropertyValueSpecification","valueRequired":true,"valueName":"search_term_string"}}],"inLanguage":"en-US"},{"@type":"Organization","@id":"https:\/\/independenttheater.hu\/#organization","name":"Independent Theater Hungary","url":"https:\/\/independenttheater.hu\/","logo":{"@type":"ImageObject","inLanguage":"en-US","@id":"https:\/\/independenttheater.hu\/#\/schema\/logo\/image\/","url":"https:\/\/independenttheater.hu\/wp-content\/uploads\/2024\/03\/Independent_theater_logo_black.png","contentUrl":"https:\/\/independenttheater.hu\/wp-content\/uploads\/2024\/03\/Independent_theater_logo_black.png","width":1907,"height":560,"caption":"Independent Theater Hungary"},"image":{"@id":"https:\/\/independenttheater.hu\/#\/schema\/logo\/image\/"}}]}},"_links":{"self":[{"href":"https:\/\/independenttheater.hu\/en\/wp-json\/wp\/v2\/pages\/2601","targetHints":{"allow":["GET"]}}],"collection":[{"href":"https:\/\/independenttheater.hu\/en\/wp-json\/wp\/v2\/pages"}],"about":[{"href":"https:\/\/independenttheater.hu\/en\/wp-json\/wp\/v2\/types\/page"}],"author":[{"embeddable":true,"href":"https:\/\/independenttheater.hu\/en\/wp-json\/wp\/v2\/users\/1"}],"replies":[{"embeddable":true,"href":"https:\/\/independenttheater.hu\/en\/wp-json\/wp\/v2\/comments?post=2601"}],"version-history":[{"count":9,"href":"https:\/\/independenttheater.hu\/en\/wp-json\/wp\/v2\/pages\/2601\/revisions"}],"predecessor-version":[{"id":3215,"href":"https:\/\/independenttheater.hu\/en\/wp-json\/wp\/v2\/pages\/2601\/revisions\/3215"}],"up":[{"embeddable":true,"href":"https:\/\/independenttheater.hu\/en\/wp-json\/wp\/v2\/pages\/2592"}],"wp:attachment":[{"href":"https:\/\/independenttheater.hu\/en\/wp-json\/wp\/v2\/media?parent=2601"}],"wp:term":[{"taxonomy":"category","embeddable":true,"href":"https:\/\/independenttheater.hu\/en\/wp-json\/wp\/v2\/categories?post=2601"},{"taxonomy":"post_tag","embeddable":true,"href":"https:\/\/independenttheater.hu\/en\/wp-json\/wp\/v2\/tags?post=2601"}],"curies":[{"name":"wp","href":"https:\/\/api.w.org\/{rel}","templated":true}]}}