{"id":2678,"date":"2024-05-08T16:49:16","date_gmt":"2024-05-08T14:49:16","guid":{"rendered":"https:\/\/independenttheater.hu\/roma-heroes-festival\/roma-heroes-ii-international-roma-storytelling-festival-2018\/"},"modified":"2025-09-24T17:54:21","modified_gmt":"2025-09-24T15:54:21","slug":"roma-heroes-ii-international-roma-storytelling-festival-2018","status":"publish","type":"page","link":"https:\/\/independenttheater.hu\/en\/roma-heroes-festival\/roma-heroes-ii-international-roma-storytelling-festival-2018\/","title":{"rendered":"Roma Heroes \u2013 II. International Roma Storytelling Festival 2018"},"content":{"rendered":"<div id=\"cs-content\" class=\"cs-content\"><\/div>\n","protected":false},"excerpt":{"rendered":"<p>\u00bb\u00bb\u00bb Roma H\u0151s\u00f6k Fesztiv\u00e1lok Roma Heroes 2018\u00ab 20172019 \u00bbPerformances 2018Alex Fifea (Rom&aacute;nia) &#8220;You Didn\u2019t See Anything!&#8221;Natliya Tsekova (Bulg\u00e1ria) &#8220;Gypsy Wheels&#8221;Sonia Carmona Tapia (Spanyolorsz\u00e1g) &#8220;With Profound Dignity&#8221;Sebastiano Spinella (Olaszorsz\u00e1g) &#8220;Children of the Wind&#8221;Farkas Franciska (MAgyarorsz\u00e1g) &#8220;Letter to Brad Pitt&#8221;Richard R. O&#8217;Neill (Nagy-Britannia) &#8220;Today\u2019s Lesson&#8221;Michael Collins (\u00cdrorsz\u00e1g) &#8220;It\u2019s a cultural thing. Or is it?&#8221;Boda-Novy Em\u00edlia (Magyarorsz&aacute;g) &#8220;Chameleon Girl&#8221;II. International Roma Storytelling Festival &#8230; <a href=\"https:\/\/independenttheater.hu\/en\/roma-heroes-festival\/roma-heroes-ii-international-roma-storytelling-festival-2018\/\" class=\"more-link\">Read More<\/a><\/p>\n","protected":false},"author":1,"featured_media":0,"parent":2592,"menu_order":0,"comment_status":"closed","ping_status":"closed","template":"template-blank-4.php","meta":{"_crdt_document":"","pgc_sgb_lightbox_settings":"","footnotes":""},"categories":[57],"tags":[],"class_list":["post-2678","page","type-page","status-publish","hentry","category-roma-heroes-festival-en","no-post-thumbnail"],"yoast_head":"<!-- This site is optimized with the Yoast SEO plugin v27.4 - https:\/\/yoast.com\/product\/yoast-seo-wordpress\/ -->\n<title>Roma Heroes \u2013 II. International Roma Storytelling Festival 2018 - Independent Theater Hungary<\/title>\n<meta name=\"robots\" content=\"index, follow, max-snippet:-1, max-image-preview:large, max-video-preview:-1\" \/>\n<link rel=\"canonical\" href=\"https:\/\/independenttheater.hu\/en\/roma-heroes-festival\/roma-heroes-ii-international-roma-storytelling-festival-2018\/\" \/>\n<meta property=\"og:locale\" content=\"en_US\" \/>\n<meta property=\"og:type\" content=\"article\" \/>\n<meta property=\"og:title\" content=\"Roma Heroes \u2013 II. International Roma Storytelling Festival 2018 - Independent Theater Hungary\" \/>\n<meta property=\"og:description\" content=\"\u00bb\u00bb\u00bb Roma H\u0151s\u00f6k Fesztiv\u00e1lok Roma Heroes 2018\u00ab 20172019 \u00bbPerformances 2018Alex Fifea (Rom&aacute;nia) &quot;You Didn\u2019t See Anything!&quot;Natliya Tsekova (Bulg\u00e1ria) &quot;Gypsy Wheels&quot;Sonia Carmona Tapia (Spanyolorsz\u00e1g) &quot;With Profound Dignity&quot;Sebastiano Spinella (Olaszorsz\u00e1g) &quot;Children of the Wind&quot;Farkas Franciska (MAgyarorsz\u00e1g) &quot;Letter to Brad Pitt&quot;Richard R. O&#039;Neill (Nagy-Britannia) &quot;Today\u2019s Lesson&quot;Michael Collins (\u00cdrorsz\u00e1g) &quot;It\u2019s a cultural thing. Or is it?&quot;Boda-Novy Em\u00edlia (Magyarorsz&aacute;g) &quot;Chameleon Girl&quot;II. International Roma Storytelling Festival ... Read More\" \/>\n<meta property=\"og:url\" content=\"https:\/\/independenttheater.hu\/en\/roma-heroes-festival\/roma-heroes-ii-international-roma-storytelling-festival-2018\/\" \/>\n<meta property=\"og:site_name\" content=\"Independent Theater Hungary\" \/>\n<meta property=\"article:modified_time\" content=\"2025-09-24T15:54:21+00:00\" \/>\n<meta name=\"twitter:card\" content=\"summary_large_image\" \/>\n<meta name=\"twitter:label1\" content=\"Est. reading time\" \/>\n\t<meta name=\"twitter:data1\" content=\"28 minutes\" \/>\n<script type=\"application\/ld+json\" class=\"yoast-schema-graph\">{\"@context\":\"https:\\\/\\\/schema.org\",\"@graph\":[{\"@type\":\"WebPage\",\"@id\":\"https:\\\/\\\/independenttheater.hu\\\/en\\\/roma-heroes-festival\\\/roma-heroes-ii-international-roma-storytelling-festival-2018\\\/\",\"url\":\"https:\\\/\\\/independenttheater.hu\\\/en\\\/roma-heroes-festival\\\/roma-heroes-ii-international-roma-storytelling-festival-2018\\\/\",\"name\":\"Roma Heroes \u2013 II. International Roma Storytelling Festival 2018 - Independent Theater Hungary\",\"isPartOf\":{\"@id\":\"https:\\\/\\\/independenttheater.hu\\\/#website\"},\"datePublished\":\"2024-05-08T14:49:16+00:00\",\"dateModified\":\"2025-09-24T15:54:21+00:00\",\"breadcrumb\":{\"@id\":\"https:\\\/\\\/independenttheater.hu\\\/en\\\/roma-heroes-festival\\\/roma-heroes-ii-international-roma-storytelling-festival-2018\\\/#breadcrumb\"},\"inLanguage\":\"en-US\",\"potentialAction\":[{\"@type\":\"ReadAction\",\"target\":[\"https:\\\/\\\/independenttheater.hu\\\/en\\\/roma-heroes-festival\\\/roma-heroes-ii-international-roma-storytelling-festival-2018\\\/\"]}]},{\"@type\":\"BreadcrumbList\",\"@id\":\"https:\\\/\\\/independenttheater.hu\\\/en\\\/roma-heroes-festival\\\/roma-heroes-ii-international-roma-storytelling-festival-2018\\\/#breadcrumb\",\"itemListElement\":[{\"@type\":\"ListItem\",\"position\":1,\"name\":\"Homepage\",\"item\":\"https:\\\/\\\/independenttheater.hu\\\/en\\\/home\\\/\"},{\"@type\":\"ListItem\",\"position\":2,\"name\":\"Roma Heroes Festival\",\"item\":\"https:\\\/\\\/independenttheater.hu\\\/en\\\/roma-heroes-festival\\\/\"},{\"@type\":\"ListItem\",\"position\":3,\"name\":\"Roma Heroes \u2013 II. International Roma Storytelling Festival 2018\"}]},{\"@type\":\"WebSite\",\"@id\":\"https:\\\/\\\/independenttheater.hu\\\/#website\",\"url\":\"https:\\\/\\\/independenttheater.hu\\\/\",\"name\":\"Independent Theater Hungary\",\"description\":\"A Magyarorsz\u00e1gi Roma Sz\u00ednh\u00e1z\",\"publisher\":{\"@id\":\"https:\\\/\\\/independenttheater.hu\\\/#organization\"},\"potentialAction\":[{\"@type\":\"SearchAction\",\"target\":{\"@type\":\"EntryPoint\",\"urlTemplate\":\"https:\\\/\\\/independenttheater.hu\\\/?s={search_term_string}\"},\"query-input\":{\"@type\":\"PropertyValueSpecification\",\"valueRequired\":true,\"valueName\":\"search_term_string\"}}],\"inLanguage\":\"en-US\"},{\"@type\":\"Organization\",\"@id\":\"https:\\\/\\\/independenttheater.hu\\\/#organization\",\"name\":\"Independent Theater Hungary\",\"url\":\"https:\\\/\\\/independenttheater.hu\\\/\",\"logo\":{\"@type\":\"ImageObject\",\"inLanguage\":\"en-US\",\"@id\":\"https:\\\/\\\/independenttheater.hu\\\/#\\\/schema\\\/logo\\\/image\\\/\",\"url\":\"https:\\\/\\\/independenttheater.hu\\\/wp-content\\\/uploads\\\/2024\\\/03\\\/Independent_theater_logo_black.png\",\"contentUrl\":\"https:\\\/\\\/independenttheater.hu\\\/wp-content\\\/uploads\\\/2024\\\/03\\\/Independent_theater_logo_black.png\",\"width\":1907,\"height\":560,\"caption\":\"Independent Theater Hungary\"},\"image\":{\"@id\":\"https:\\\/\\\/independenttheater.hu\\\/#\\\/schema\\\/logo\\\/image\\\/\"}}]}<\/script>\n<!-- \/ Yoast SEO plugin. -->","yoast_head_json":{"title":"Roma Heroes \u2013 II. International Roma Storytelling Festival 2018 - Independent Theater Hungary","robots":{"index":"index","follow":"follow","max-snippet":"max-snippet:-1","max-image-preview":"max-image-preview:large","max-video-preview":"max-video-preview:-1"},"canonical":"https:\/\/independenttheater.hu\/en\/roma-heroes-festival\/roma-heroes-ii-international-roma-storytelling-festival-2018\/","og_locale":"en_US","og_type":"article","og_title":"Roma Heroes \u2013 II. International Roma Storytelling Festival 2018 - Independent Theater Hungary","og_description":"\u00bb\u00bb\u00bb Roma H\u0151s\u00f6k Fesztiv\u00e1lok Roma Heroes 2018\u00ab 20172019 \u00bbPerformances 2018Alex Fifea (Rom&aacute;nia) \"You Didn\u2019t See Anything!\"Natliya Tsekova (Bulg\u00e1ria) \"Gypsy Wheels\"Sonia Carmona Tapia (Spanyolorsz\u00e1g) \"With Profound Dignity\"Sebastiano Spinella (Olaszorsz\u00e1g) \"Children of the Wind\"Farkas Franciska (MAgyarorsz\u00e1g) \"Letter to Brad Pitt\"Richard R. O'Neill (Nagy-Britannia) \"Today\u2019s Lesson\"Michael Collins (\u00cdrorsz\u00e1g) \"It\u2019s a cultural thing. Or is it?\"Boda-Novy Em\u00edlia (Magyarorsz&aacute;g) \"Chameleon Girl\"II. International Roma Storytelling Festival ... Read More","og_url":"https:\/\/independenttheater.hu\/en\/roma-heroes-festival\/roma-heroes-ii-international-roma-storytelling-festival-2018\/","og_site_name":"Independent Theater Hungary","article_modified_time":"2025-09-24T15:54:21+00:00","twitter_card":"summary_large_image","twitter_misc":{"Est. reading time":"28 minutes"},"schema":{"@context":"https:\/\/schema.org","@graph":[{"@type":"WebPage","@id":"https:\/\/independenttheater.hu\/en\/roma-heroes-festival\/roma-heroes-ii-international-roma-storytelling-festival-2018\/","url":"https:\/\/independenttheater.hu\/en\/roma-heroes-festival\/roma-heroes-ii-international-roma-storytelling-festival-2018\/","name":"Roma Heroes \u2013 II. International Roma Storytelling Festival 2018 - Independent Theater Hungary","isPartOf":{"@id":"https:\/\/independenttheater.hu\/#website"},"datePublished":"2024-05-08T14:49:16+00:00","dateModified":"2025-09-24T15:54:21+00:00","breadcrumb":{"@id":"https:\/\/independenttheater.hu\/en\/roma-heroes-festival\/roma-heroes-ii-international-roma-storytelling-festival-2018\/#breadcrumb"},"inLanguage":"en-US","potentialAction":[{"@type":"ReadAction","target":["https:\/\/independenttheater.hu\/en\/roma-heroes-festival\/roma-heroes-ii-international-roma-storytelling-festival-2018\/"]}]},{"@type":"BreadcrumbList","@id":"https:\/\/independenttheater.hu\/en\/roma-heroes-festival\/roma-heroes-ii-international-roma-storytelling-festival-2018\/#breadcrumb","itemListElement":[{"@type":"ListItem","position":1,"name":"Homepage","item":"https:\/\/independenttheater.hu\/en\/home\/"},{"@type":"ListItem","position":2,"name":"Roma Heroes Festival","item":"https:\/\/independenttheater.hu\/en\/roma-heroes-festival\/"},{"@type":"ListItem","position":3,"name":"Roma Heroes \u2013 II. International Roma Storytelling Festival 2018"}]},{"@type":"WebSite","@id":"https:\/\/independenttheater.hu\/#website","url":"https:\/\/independenttheater.hu\/","name":"Independent Theater Hungary","description":"A Magyarorsz\u00e1gi Roma Sz\u00ednh\u00e1z","publisher":{"@id":"https:\/\/independenttheater.hu\/#organization"},"potentialAction":[{"@type":"SearchAction","target":{"@type":"EntryPoint","urlTemplate":"https:\/\/independenttheater.hu\/?s={search_term_string}"},"query-input":{"@type":"PropertyValueSpecification","valueRequired":true,"valueName":"search_term_string"}}],"inLanguage":"en-US"},{"@type":"Organization","@id":"https:\/\/independenttheater.hu\/#organization","name":"Independent Theater Hungary","url":"https:\/\/independenttheater.hu\/","logo":{"@type":"ImageObject","inLanguage":"en-US","@id":"https:\/\/independenttheater.hu\/#\/schema\/logo\/image\/","url":"https:\/\/independenttheater.hu\/wp-content\/uploads\/2024\/03\/Independent_theater_logo_black.png","contentUrl":"https:\/\/independenttheater.hu\/wp-content\/uploads\/2024\/03\/Independent_theater_logo_black.png","width":1907,"height":560,"caption":"Independent Theater Hungary"},"image":{"@id":"https:\/\/independenttheater.hu\/#\/schema\/logo\/image\/"}}]}},"_links":{"self":[{"href":"https:\/\/independenttheater.hu\/en\/wp-json\/wp\/v2\/pages\/2678","targetHints":{"allow":["GET"]}}],"collection":[{"href":"https:\/\/independenttheater.hu\/en\/wp-json\/wp\/v2\/pages"}],"about":[{"href":"https:\/\/independenttheater.hu\/en\/wp-json\/wp\/v2\/types\/page"}],"author":[{"embeddable":true,"href":"https:\/\/independenttheater.hu\/en\/wp-json\/wp\/v2\/users\/1"}],"replies":[{"embeddable":true,"href":"https:\/\/independenttheater.hu\/en\/wp-json\/wp\/v2\/comments?post=2678"}],"version-history":[{"count":3,"href":"https:\/\/independenttheater.hu\/en\/wp-json\/wp\/v2\/pages\/2678\/revisions"}],"predecessor-version":[{"id":3260,"href":"https:\/\/independenttheater.hu\/en\/wp-json\/wp\/v2\/pages\/2678\/revisions\/3260"}],"up":[{"embeddable":true,"href":"https:\/\/independenttheater.hu\/en\/wp-json\/wp\/v2\/pages\/2592"}],"wp:attachment":[{"href":"https:\/\/independenttheater.hu\/en\/wp-json\/wp\/v2\/media?parent=2678"}],"wp:term":[{"taxonomy":"category","embeddable":true,"href":"https:\/\/independenttheater.hu\/en\/wp-json\/wp\/v2\/categories?post=2678"},{"taxonomy":"post_tag","embeddable":true,"href":"https:\/\/independenttheater.hu\/en\/wp-json\/wp\/v2\/tags?post=2678"}],"curies":[{"name":"wp","href":"https:\/\/api.w.org\/{rel}","templated":true}]}}