{"id":2680,"date":"2024-05-08T20:47:03","date_gmt":"2024-05-08T18:47:03","guid":{"rendered":"https:\/\/independenttheater.hu\/roma-heroes-festival\/iii-international-roma-theatre-festival-2019\/"},"modified":"2025-09-24T17:53:07","modified_gmt":"2025-09-24T15:53:07","slug":"iii-international-roma-theatre-festival-2019","status":"publish","type":"page","link":"https:\/\/independenttheater.hu\/en\/roma-heroes-festival\/iii-international-roma-theatre-festival-2019\/","title":{"rendered":"III. International Roma Theatre Festival 2019"},"content":{"rendered":"<div id=\"cs-content\" class=\"cs-content\"><\/div>\n","protected":false},"excerpt":{"rendered":"<p>\u00bb\u00bb\u00bb Roma H\u0151s\u00f6k Fesztiv\u00e1lok Roma Heroes 2019\u00ab 20182020 \u00bbPerformances 2019Romano Sveto Theater (Ausztria) &#8220;Forever holiday?!&#8221;F\u00fcggetlen Sz\u00ednh\u00e1z (Magyarorsz\u00e1g) &#8220;Shoddies&#8221;Ara Art Theater (Csehorsz\u00e1g) &#8220;And again we slept Pindral&#8221;MIHAI LUK\u00c1CS &#038; GIUVLIPEN THEATRE COMPANY (ROM\u00c1NIA) &#8220;Who killed Szomna Grancsa?&#8221;Roma Heroes \u2013 III. International Roma Theatre Festival In 2019, the Independent Theater Hungary organized the International Roma Theater Festival for the third time. The &#8230; <a href=\"https:\/\/independenttheater.hu\/en\/roma-heroes-festival\/iii-international-roma-theatre-festival-2019\/\" class=\"more-link\">Read More<\/a><\/p>\n","protected":false},"author":1,"featured_media":0,"parent":2592,"menu_order":0,"comment_status":"closed","ping_status":"closed","template":"template-blank-4.php","meta":{"_crdt_document":"","pgc_sgb_lightbox_settings":"","footnotes":""},"categories":[57],"tags":[],"class_list":["post-2680","page","type-page","status-publish","hentry","category-roma-heroes-festival-en","no-post-thumbnail"],"yoast_head":"<!-- This site is optimized with the Yoast SEO plugin v27.5 - https:\/\/yoast.com\/product\/yoast-seo-wordpress\/ -->\n<title>III. International Roma Theatre Festival 2019 - Independent Theater Hungary<\/title>\n<meta name=\"robots\" content=\"index, follow, max-snippet:-1, max-image-preview:large, max-video-preview:-1\" \/>\n<link rel=\"canonical\" href=\"https:\/\/independenttheater.hu\/en\/roma-heroes-festival\/iii-international-roma-theatre-festival-2019\/\" \/>\n<meta property=\"og:locale\" content=\"en_US\" \/>\n<meta property=\"og:type\" content=\"article\" \/>\n<meta property=\"og:title\" content=\"III. International Roma Theatre Festival 2019 - Independent Theater Hungary\" \/>\n<meta property=\"og:description\" content=\"\u00bb\u00bb\u00bb Roma H\u0151s\u00f6k Fesztiv\u00e1lok Roma Heroes 2019\u00ab 20182020 \u00bbPerformances 2019Romano Sveto Theater (Ausztria) &quot;Forever holiday?!&quot;F\u00fcggetlen Sz\u00ednh\u00e1z (Magyarorsz\u00e1g) &quot;Shoddies&quot;Ara Art Theater (Csehorsz\u00e1g) &quot;And again we slept Pindral&quot;MIHAI LUK\u00c1CS &amp; GIUVLIPEN THEATRE COMPANY (ROM\u00c1NIA) &quot;Who killed Szomna Grancsa?&quot;Roma Heroes \u2013 III. International Roma Theatre Festival In 2019, the Independent Theater Hungary organized the International Roma Theater Festival for the third time. The ... Read More\" \/>\n<meta property=\"og:url\" content=\"https:\/\/independenttheater.hu\/en\/roma-heroes-festival\/iii-international-roma-theatre-festival-2019\/\" \/>\n<meta property=\"og:site_name\" content=\"Independent Theater Hungary\" \/>\n<meta property=\"article:modified_time\" content=\"2025-09-24T15:53:07+00:00\" \/>\n<meta name=\"twitter:card\" content=\"summary_large_image\" \/>\n<meta name=\"twitter:label1\" content=\"Est. reading time\" \/>\n\t<meta name=\"twitter:data1\" content=\"16 minutes\" \/>\n<script type=\"application\/ld+json\" class=\"yoast-schema-graph\">{\"@context\":\"https:\\\/\\\/schema.org\",\"@graph\":[{\"@type\":\"WebPage\",\"@id\":\"https:\\\/\\\/independenttheater.hu\\\/en\\\/roma-heroes-festival\\\/iii-international-roma-theatre-festival-2019\\\/\",\"url\":\"https:\\\/\\\/independenttheater.hu\\\/en\\\/roma-heroes-festival\\\/iii-international-roma-theatre-festival-2019\\\/\",\"name\":\"III. International Roma Theatre Festival 2019 - Independent Theater Hungary\",\"isPartOf\":{\"@id\":\"https:\\\/\\\/independenttheater.hu\\\/#website\"},\"datePublished\":\"2024-05-08T18:47:03+00:00\",\"dateModified\":\"2025-09-24T15:53:07+00:00\",\"breadcrumb\":{\"@id\":\"https:\\\/\\\/independenttheater.hu\\\/en\\\/roma-heroes-festival\\\/iii-international-roma-theatre-festival-2019\\\/#breadcrumb\"},\"inLanguage\":\"en-US\",\"potentialAction\":[{\"@type\":\"ReadAction\",\"target\":[\"https:\\\/\\\/independenttheater.hu\\\/en\\\/roma-heroes-festival\\\/iii-international-roma-theatre-festival-2019\\\/\"]}]},{\"@type\":\"BreadcrumbList\",\"@id\":\"https:\\\/\\\/independenttheater.hu\\\/en\\\/roma-heroes-festival\\\/iii-international-roma-theatre-festival-2019\\\/#breadcrumb\",\"itemListElement\":[{\"@type\":\"ListItem\",\"position\":1,\"name\":\"Homepage\",\"item\":\"https:\\\/\\\/independenttheater.hu\\\/en\\\/home\\\/\"},{\"@type\":\"ListItem\",\"position\":2,\"name\":\"Roma Heroes Festival\",\"item\":\"https:\\\/\\\/independenttheater.hu\\\/en\\\/roma-heroes-festival\\\/\"},{\"@type\":\"ListItem\",\"position\":3,\"name\":\"III. International Roma Theatre Festival 2019\"}]},{\"@type\":\"WebSite\",\"@id\":\"https:\\\/\\\/independenttheater.hu\\\/#website\",\"url\":\"https:\\\/\\\/independenttheater.hu\\\/\",\"name\":\"Independent Theater Hungary\",\"description\":\"A Magyarorsz\u00e1gi Roma Sz\u00ednh\u00e1z\",\"publisher\":{\"@id\":\"https:\\\/\\\/independenttheater.hu\\\/#organization\"},\"potentialAction\":[{\"@type\":\"SearchAction\",\"target\":{\"@type\":\"EntryPoint\",\"urlTemplate\":\"https:\\\/\\\/independenttheater.hu\\\/?s={search_term_string}\"},\"query-input\":{\"@type\":\"PropertyValueSpecification\",\"valueRequired\":true,\"valueName\":\"search_term_string\"}}],\"inLanguage\":\"en-US\"},{\"@type\":\"Organization\",\"@id\":\"https:\\\/\\\/independenttheater.hu\\\/#organization\",\"name\":\"Independent Theater Hungary\",\"url\":\"https:\\\/\\\/independenttheater.hu\\\/\",\"logo\":{\"@type\":\"ImageObject\",\"inLanguage\":\"en-US\",\"@id\":\"https:\\\/\\\/independenttheater.hu\\\/#\\\/schema\\\/logo\\\/image\\\/\",\"url\":\"https:\\\/\\\/independenttheater.hu\\\/wp-content\\\/uploads\\\/2024\\\/03\\\/Independent_theater_logo_black.png\",\"contentUrl\":\"https:\\\/\\\/independenttheater.hu\\\/wp-content\\\/uploads\\\/2024\\\/03\\\/Independent_theater_logo_black.png\",\"width\":1907,\"height\":560,\"caption\":\"Independent Theater Hungary\"},\"image\":{\"@id\":\"https:\\\/\\\/independenttheater.hu\\\/#\\\/schema\\\/logo\\\/image\\\/\"}}]}<\/script>\n<!-- \/ Yoast SEO plugin. -->","yoast_head_json":{"title":"III. International Roma Theatre Festival 2019 - Independent Theater Hungary","robots":{"index":"index","follow":"follow","max-snippet":"max-snippet:-1","max-image-preview":"max-image-preview:large","max-video-preview":"max-video-preview:-1"},"canonical":"https:\/\/independenttheater.hu\/en\/roma-heroes-festival\/iii-international-roma-theatre-festival-2019\/","og_locale":"en_US","og_type":"article","og_title":"III. International Roma Theatre Festival 2019 - Independent Theater Hungary","og_description":"\u00bb\u00bb\u00bb Roma H\u0151s\u00f6k Fesztiv\u00e1lok Roma Heroes 2019\u00ab 20182020 \u00bbPerformances 2019Romano Sveto Theater (Ausztria) \"Forever holiday?!\"F\u00fcggetlen Sz\u00ednh\u00e1z (Magyarorsz\u00e1g) \"Shoddies\"Ara Art Theater (Csehorsz\u00e1g) \"And again we slept Pindral\"MIHAI LUK\u00c1CS & GIUVLIPEN THEATRE COMPANY (ROM\u00c1NIA) \"Who killed Szomna Grancsa?\"Roma Heroes \u2013 III. International Roma Theatre Festival In 2019, the Independent Theater Hungary organized the International Roma Theater Festival for the third time. The ... Read More","og_url":"https:\/\/independenttheater.hu\/en\/roma-heroes-festival\/iii-international-roma-theatre-festival-2019\/","og_site_name":"Independent Theater Hungary","article_modified_time":"2025-09-24T15:53:07+00:00","twitter_card":"summary_large_image","twitter_misc":{"Est. reading time":"16 minutes"},"schema":{"@context":"https:\/\/schema.org","@graph":[{"@type":"WebPage","@id":"https:\/\/independenttheater.hu\/en\/roma-heroes-festival\/iii-international-roma-theatre-festival-2019\/","url":"https:\/\/independenttheater.hu\/en\/roma-heroes-festival\/iii-international-roma-theatre-festival-2019\/","name":"III. International Roma Theatre Festival 2019 - Independent Theater Hungary","isPartOf":{"@id":"https:\/\/independenttheater.hu\/#website"},"datePublished":"2024-05-08T18:47:03+00:00","dateModified":"2025-09-24T15:53:07+00:00","breadcrumb":{"@id":"https:\/\/independenttheater.hu\/en\/roma-heroes-festival\/iii-international-roma-theatre-festival-2019\/#breadcrumb"},"inLanguage":"en-US","potentialAction":[{"@type":"ReadAction","target":["https:\/\/independenttheater.hu\/en\/roma-heroes-festival\/iii-international-roma-theatre-festival-2019\/"]}]},{"@type":"BreadcrumbList","@id":"https:\/\/independenttheater.hu\/en\/roma-heroes-festival\/iii-international-roma-theatre-festival-2019\/#breadcrumb","itemListElement":[{"@type":"ListItem","position":1,"name":"Homepage","item":"https:\/\/independenttheater.hu\/en\/home\/"},{"@type":"ListItem","position":2,"name":"Roma Heroes Festival","item":"https:\/\/independenttheater.hu\/en\/roma-heroes-festival\/"},{"@type":"ListItem","position":3,"name":"III. International Roma Theatre Festival 2019"}]},{"@type":"WebSite","@id":"https:\/\/independenttheater.hu\/#website","url":"https:\/\/independenttheater.hu\/","name":"Independent Theater Hungary","description":"A Magyarorsz\u00e1gi Roma Sz\u00ednh\u00e1z","publisher":{"@id":"https:\/\/independenttheater.hu\/#organization"},"potentialAction":[{"@type":"SearchAction","target":{"@type":"EntryPoint","urlTemplate":"https:\/\/independenttheater.hu\/?s={search_term_string}"},"query-input":{"@type":"PropertyValueSpecification","valueRequired":true,"valueName":"search_term_string"}}],"inLanguage":"en-US"},{"@type":"Organization","@id":"https:\/\/independenttheater.hu\/#organization","name":"Independent Theater Hungary","url":"https:\/\/independenttheater.hu\/","logo":{"@type":"ImageObject","inLanguage":"en-US","@id":"https:\/\/independenttheater.hu\/#\/schema\/logo\/image\/","url":"https:\/\/independenttheater.hu\/wp-content\/uploads\/2024\/03\/Independent_theater_logo_black.png","contentUrl":"https:\/\/independenttheater.hu\/wp-content\/uploads\/2024\/03\/Independent_theater_logo_black.png","width":1907,"height":560,"caption":"Independent Theater Hungary"},"image":{"@id":"https:\/\/independenttheater.hu\/#\/schema\/logo\/image\/"}}]}},"_links":{"self":[{"href":"https:\/\/independenttheater.hu\/en\/wp-json\/wp\/v2\/pages\/2680","targetHints":{"allow":["GET"]}}],"collection":[{"href":"https:\/\/independenttheater.hu\/en\/wp-json\/wp\/v2\/pages"}],"about":[{"href":"https:\/\/independenttheater.hu\/en\/wp-json\/wp\/v2\/types\/page"}],"author":[{"embeddable":true,"href":"https:\/\/independenttheater.hu\/en\/wp-json\/wp\/v2\/users\/1"}],"replies":[{"embeddable":true,"href":"https:\/\/independenttheater.hu\/en\/wp-json\/wp\/v2\/comments?post=2680"}],"version-history":[{"count":4,"href":"https:\/\/independenttheater.hu\/en\/wp-json\/wp\/v2\/pages\/2680\/revisions"}],"predecessor-version":[{"id":3258,"href":"https:\/\/independenttheater.hu\/en\/wp-json\/wp\/v2\/pages\/2680\/revisions\/3258"}],"up":[{"embeddable":true,"href":"https:\/\/independenttheater.hu\/en\/wp-json\/wp\/v2\/pages\/2592"}],"wp:attachment":[{"href":"https:\/\/independenttheater.hu\/en\/wp-json\/wp\/v2\/media?parent=2680"}],"wp:term":[{"taxonomy":"category","embeddable":true,"href":"https:\/\/independenttheater.hu\/en\/wp-json\/wp\/v2\/categories?post=2680"},{"taxonomy":"post_tag","embeddable":true,"href":"https:\/\/independenttheater.hu\/en\/wp-json\/wp\/v2\/tags?post=2680"}],"curies":[{"name":"wp","href":"https:\/\/api.w.org\/{rel}","templated":true}]}}