{"id":2682,"date":"2024-03-21T13:25:57","date_gmt":"2024-03-21T12:25:57","guid":{"rendered":"https:\/\/independenttheater.hu\/roma-heroes-festival\/i-international-roma-heroes-festival-2017\/"},"modified":"2025-03-21T15:07:20","modified_gmt":"2025-03-21T14:07:20","slug":"i-international-roma-heroes-festival-2017","status":"publish","type":"page","link":"https:\/\/independenttheater.hu\/en\/roma-heroes-festival\/i-international-roma-heroes-festival-2017\/","title":{"rendered":"I. INTERNATIONAL ROMA HEROES FESTIVAL &#8211; 2017"},"content":{"rendered":"<div id=\"cs-content\" class=\"cs-content\"><\/div>\n","protected":false},"excerpt":{"rendered":"<p>\u00bb\u00bb\u00bb Roma H\u0151s\u00f6k Fesztiv\u00e1lok Roma Heroes 20172018 \u00bb2018 \u00bbPerformances 2017Alina Serban (Rom&aacute;nia) &#8220;I declare at my own risk&#8221;Alina Serban (Rom\u00e1nia) &#8220;The hardest word&#8221;Dijana Pavlovi\u010d (Olaszorsz\u00e1g) &#8220;Speak, my life!&#8221;Mihaela Dragan (Rom\u00e1nia) &#8220;Tell them about me&#8221;I. International Roma Storytelling Festival On July 27 and 28, 2017, the Independent Theater Hungary organized the I. International Roma Storytelling Festival in Budapest, at the Studio &#8230; <a href=\"https:\/\/independenttheater.hu\/en\/roma-heroes-festival\/i-international-roma-heroes-festival-2017\/\" class=\"more-link\">Read More<\/a><\/p>\n","protected":false},"author":1,"featured_media":0,"parent":2592,"menu_order":0,"comment_status":"closed","ping_status":"closed","template":"template-blank-4.php","meta":{"_crdt_document":"","pgc_sgb_lightbox_settings":"","footnotes":""},"categories":[57],"tags":[],"class_list":["post-2682","page","type-page","status-publish","hentry","category-roma-heroes-festival-en","no-post-thumbnail"],"yoast_head":"<!-- This site is optimized with the Yoast SEO plugin v27.4 - https:\/\/yoast.com\/product\/yoast-seo-wordpress\/ -->\n<title>I. INTERNATIONAL ROMA HEROES FESTIVAL - 2017 - Independent Theater Hungary<\/title>\n<meta name=\"robots\" content=\"index, follow, max-snippet:-1, max-image-preview:large, max-video-preview:-1\" \/>\n<link rel=\"canonical\" href=\"https:\/\/independenttheater.hu\/en\/roma-heroes-festival\/i-international-roma-heroes-festival-2017\/\" \/>\n<meta property=\"og:locale\" content=\"en_US\" \/>\n<meta property=\"og:type\" content=\"article\" \/>\n<meta property=\"og:title\" content=\"I. INTERNATIONAL ROMA HEROES FESTIVAL - 2017 - Independent Theater Hungary\" \/>\n<meta property=\"og:description\" content=\"\u00bb\u00bb\u00bb Roma H\u0151s\u00f6k Fesztiv\u00e1lok Roma Heroes 20172018 \u00bb2018 \u00bbPerformances 2017Alina Serban (Rom&aacute;nia) &quot;I declare at my own risk&quot;Alina Serban (Rom\u00e1nia) &quot;The hardest word&quot;Dijana Pavlovi\u010d (Olaszorsz\u00e1g) &quot;Speak, my life!&quot;Mihaela Dragan (Rom\u00e1nia) &quot;Tell them about me&quot;I. International Roma Storytelling Festival On July 27 and 28, 2017, the Independent Theater Hungary organized the I. International Roma Storytelling Festival in Budapest, at the Studio ... Read More\" \/>\n<meta property=\"og:url\" content=\"https:\/\/independenttheater.hu\/en\/roma-heroes-festival\/i-international-roma-heroes-festival-2017\/\" \/>\n<meta property=\"og:site_name\" content=\"Independent Theater Hungary\" \/>\n<meta property=\"article:modified_time\" content=\"2025-03-21T14:07:20+00:00\" \/>\n<meta name=\"twitter:card\" content=\"summary_large_image\" \/>\n<meta name=\"twitter:label1\" content=\"Est. reading time\" \/>\n\t<meta name=\"twitter:data1\" content=\"18 minutes\" \/>\n<script type=\"application\/ld+json\" class=\"yoast-schema-graph\">{\"@context\":\"https:\\\/\\\/schema.org\",\"@graph\":[{\"@type\":\"WebPage\",\"@id\":\"https:\\\/\\\/independenttheater.hu\\\/en\\\/roma-heroes-festival\\\/i-international-roma-heroes-festival-2017\\\/\",\"url\":\"https:\\\/\\\/independenttheater.hu\\\/en\\\/roma-heroes-festival\\\/i-international-roma-heroes-festival-2017\\\/\",\"name\":\"I. INTERNATIONAL ROMA HEROES FESTIVAL - 2017 - Independent Theater Hungary\",\"isPartOf\":{\"@id\":\"https:\\\/\\\/independenttheater.hu\\\/#website\"},\"datePublished\":\"2024-03-21T12:25:57+00:00\",\"dateModified\":\"2025-03-21T14:07:20+00:00\",\"breadcrumb\":{\"@id\":\"https:\\\/\\\/independenttheater.hu\\\/en\\\/roma-heroes-festival\\\/i-international-roma-heroes-festival-2017\\\/#breadcrumb\"},\"inLanguage\":\"en-US\",\"potentialAction\":[{\"@type\":\"ReadAction\",\"target\":[\"https:\\\/\\\/independenttheater.hu\\\/en\\\/roma-heroes-festival\\\/i-international-roma-heroes-festival-2017\\\/\"]}]},{\"@type\":\"BreadcrumbList\",\"@id\":\"https:\\\/\\\/independenttheater.hu\\\/en\\\/roma-heroes-festival\\\/i-international-roma-heroes-festival-2017\\\/#breadcrumb\",\"itemListElement\":[{\"@type\":\"ListItem\",\"position\":1,\"name\":\"Homepage\",\"item\":\"https:\\\/\\\/independenttheater.hu\\\/en\\\/home\\\/\"},{\"@type\":\"ListItem\",\"position\":2,\"name\":\"Roma Heroes Festival\",\"item\":\"https:\\\/\\\/independenttheater.hu\\\/en\\\/roma-heroes-festival\\\/\"},{\"@type\":\"ListItem\",\"position\":3,\"name\":\"I. INTERNATIONAL ROMA HEROES FESTIVAL &#8211; 2017\"}]},{\"@type\":\"WebSite\",\"@id\":\"https:\\\/\\\/independenttheater.hu\\\/#website\",\"url\":\"https:\\\/\\\/independenttheater.hu\\\/\",\"name\":\"Independent Theater Hungary\",\"description\":\"A Magyarorsz\u00e1gi Roma Sz\u00ednh\u00e1z\",\"publisher\":{\"@id\":\"https:\\\/\\\/independenttheater.hu\\\/#organization\"},\"potentialAction\":[{\"@type\":\"SearchAction\",\"target\":{\"@type\":\"EntryPoint\",\"urlTemplate\":\"https:\\\/\\\/independenttheater.hu\\\/?s={search_term_string}\"},\"query-input\":{\"@type\":\"PropertyValueSpecification\",\"valueRequired\":true,\"valueName\":\"search_term_string\"}}],\"inLanguage\":\"en-US\"},{\"@type\":\"Organization\",\"@id\":\"https:\\\/\\\/independenttheater.hu\\\/#organization\",\"name\":\"Independent Theater Hungary\",\"url\":\"https:\\\/\\\/independenttheater.hu\\\/\",\"logo\":{\"@type\":\"ImageObject\",\"inLanguage\":\"en-US\",\"@id\":\"https:\\\/\\\/independenttheater.hu\\\/#\\\/schema\\\/logo\\\/image\\\/\",\"url\":\"https:\\\/\\\/independenttheater.hu\\\/wp-content\\\/uploads\\\/2024\\\/03\\\/Independent_theater_logo_black.png\",\"contentUrl\":\"https:\\\/\\\/independenttheater.hu\\\/wp-content\\\/uploads\\\/2024\\\/03\\\/Independent_theater_logo_black.png\",\"width\":1907,\"height\":560,\"caption\":\"Independent Theater Hungary\"},\"image\":{\"@id\":\"https:\\\/\\\/independenttheater.hu\\\/#\\\/schema\\\/logo\\\/image\\\/\"}}]}<\/script>\n<!-- \/ Yoast SEO plugin. -->","yoast_head_json":{"title":"I. INTERNATIONAL ROMA HEROES FESTIVAL - 2017 - Independent Theater Hungary","robots":{"index":"index","follow":"follow","max-snippet":"max-snippet:-1","max-image-preview":"max-image-preview:large","max-video-preview":"max-video-preview:-1"},"canonical":"https:\/\/independenttheater.hu\/en\/roma-heroes-festival\/i-international-roma-heroes-festival-2017\/","og_locale":"en_US","og_type":"article","og_title":"I. INTERNATIONAL ROMA HEROES FESTIVAL - 2017 - Independent Theater Hungary","og_description":"\u00bb\u00bb\u00bb Roma H\u0151s\u00f6k Fesztiv\u00e1lok Roma Heroes 20172018 \u00bb2018 \u00bbPerformances 2017Alina Serban (Rom&aacute;nia) \"I declare at my own risk\"Alina Serban (Rom\u00e1nia) \"The hardest word\"Dijana Pavlovi\u010d (Olaszorsz\u00e1g) \"Speak, my life!\"Mihaela Dragan (Rom\u00e1nia) \"Tell them about me\"I. International Roma Storytelling Festival On July 27 and 28, 2017, the Independent Theater Hungary organized the I. International Roma Storytelling Festival in Budapest, at the Studio ... Read More","og_url":"https:\/\/independenttheater.hu\/en\/roma-heroes-festival\/i-international-roma-heroes-festival-2017\/","og_site_name":"Independent Theater Hungary","article_modified_time":"2025-03-21T14:07:20+00:00","twitter_card":"summary_large_image","twitter_misc":{"Est. reading time":"18 minutes"},"schema":{"@context":"https:\/\/schema.org","@graph":[{"@type":"WebPage","@id":"https:\/\/independenttheater.hu\/en\/roma-heroes-festival\/i-international-roma-heroes-festival-2017\/","url":"https:\/\/independenttheater.hu\/en\/roma-heroes-festival\/i-international-roma-heroes-festival-2017\/","name":"I. INTERNATIONAL ROMA HEROES FESTIVAL - 2017 - Independent Theater Hungary","isPartOf":{"@id":"https:\/\/independenttheater.hu\/#website"},"datePublished":"2024-03-21T12:25:57+00:00","dateModified":"2025-03-21T14:07:20+00:00","breadcrumb":{"@id":"https:\/\/independenttheater.hu\/en\/roma-heroes-festival\/i-international-roma-heroes-festival-2017\/#breadcrumb"},"inLanguage":"en-US","potentialAction":[{"@type":"ReadAction","target":["https:\/\/independenttheater.hu\/en\/roma-heroes-festival\/i-international-roma-heroes-festival-2017\/"]}]},{"@type":"BreadcrumbList","@id":"https:\/\/independenttheater.hu\/en\/roma-heroes-festival\/i-international-roma-heroes-festival-2017\/#breadcrumb","itemListElement":[{"@type":"ListItem","position":1,"name":"Homepage","item":"https:\/\/independenttheater.hu\/en\/home\/"},{"@type":"ListItem","position":2,"name":"Roma Heroes Festival","item":"https:\/\/independenttheater.hu\/en\/roma-heroes-festival\/"},{"@type":"ListItem","position":3,"name":"I. INTERNATIONAL ROMA HEROES FESTIVAL &#8211; 2017"}]},{"@type":"WebSite","@id":"https:\/\/independenttheater.hu\/#website","url":"https:\/\/independenttheater.hu\/","name":"Independent Theater Hungary","description":"A Magyarorsz\u00e1gi Roma Sz\u00ednh\u00e1z","publisher":{"@id":"https:\/\/independenttheater.hu\/#organization"},"potentialAction":[{"@type":"SearchAction","target":{"@type":"EntryPoint","urlTemplate":"https:\/\/independenttheater.hu\/?s={search_term_string}"},"query-input":{"@type":"PropertyValueSpecification","valueRequired":true,"valueName":"search_term_string"}}],"inLanguage":"en-US"},{"@type":"Organization","@id":"https:\/\/independenttheater.hu\/#organization","name":"Independent Theater Hungary","url":"https:\/\/independenttheater.hu\/","logo":{"@type":"ImageObject","inLanguage":"en-US","@id":"https:\/\/independenttheater.hu\/#\/schema\/logo\/image\/","url":"https:\/\/independenttheater.hu\/wp-content\/uploads\/2024\/03\/Independent_theater_logo_black.png","contentUrl":"https:\/\/independenttheater.hu\/wp-content\/uploads\/2024\/03\/Independent_theater_logo_black.png","width":1907,"height":560,"caption":"Independent Theater Hungary"},"image":{"@id":"https:\/\/independenttheater.hu\/#\/schema\/logo\/image\/"}}]}},"_links":{"self":[{"href":"https:\/\/independenttheater.hu\/en\/wp-json\/wp\/v2\/pages\/2682","targetHints":{"allow":["GET"]}}],"collection":[{"href":"https:\/\/independenttheater.hu\/en\/wp-json\/wp\/v2\/pages"}],"about":[{"href":"https:\/\/independenttheater.hu\/en\/wp-json\/wp\/v2\/types\/page"}],"author":[{"embeddable":true,"href":"https:\/\/independenttheater.hu\/en\/wp-json\/wp\/v2\/users\/1"}],"replies":[{"embeddable":true,"href":"https:\/\/independenttheater.hu\/en\/wp-json\/wp\/v2\/comments?post=2682"}],"version-history":[{"count":1,"href":"https:\/\/independenttheater.hu\/en\/wp-json\/wp\/v2\/pages\/2682\/revisions"}],"predecessor-version":[{"id":2683,"href":"https:\/\/independenttheater.hu\/en\/wp-json\/wp\/v2\/pages\/2682\/revisions\/2683"}],"up":[{"embeddable":true,"href":"https:\/\/independenttheater.hu\/en\/wp-json\/wp\/v2\/pages\/2592"}],"wp:attachment":[{"href":"https:\/\/independenttheater.hu\/en\/wp-json\/wp\/v2\/media?parent=2682"}],"wp:term":[{"taxonomy":"category","embeddable":true,"href":"https:\/\/independenttheater.hu\/en\/wp-json\/wp\/v2\/categories?post=2682"},{"taxonomy":"post_tag","embeddable":true,"href":"https:\/\/independenttheater.hu\/en\/wp-json\/wp\/v2\/tags?post=2682"}],"curies":[{"name":"wp","href":"https:\/\/api.w.org\/{rel}","templated":true}]}}