{"id":2689,"date":"2024-09-13T15:37:41","date_gmt":"2024-09-13T13:37:41","guid":{"rendered":"https:\/\/independenttheater.hu\/current-plays\/cannibals\/"},"modified":"2025-09-25T21:39:20","modified_gmt":"2025-09-25T19:39:20","slug":"cannibals","status":"publish","type":"page","link":"https:\/\/independenttheater.hu\/en\/current-plays\/cannibals\/","title":{"rendered":"Cannibals"},"content":{"rendered":"<div id=\"cs-content\" class=\"cs-content\"><\/div>\n","protected":false},"excerpt":{"rendered":"<p>The butcher has disappeared.<br \/>\n131 Roma were convicted.<br \/>\nNo bodies. 41 Roma were publicly executed.<br \/>\nStill no bodies, no evidence.<br \/>\nOnly confessions extracted under torture.<br \/>\nThe new performance of the Independent Theatre of Hungary, The Cannibals, commemorates a story reminiscent of the Dark Ages. <\/p>\n","protected":false},"author":1,"featured_media":1960,"parent":2640,"menu_order":0,"comment_status":"closed","ping_status":"closed","template":"template-blank-4.php","meta":{"_crdt_document":"","pgc_sgb_lightbox_settings":"","footnotes":""},"categories":[54],"tags":[],"class_list":["post-2689","page","type-page","status-publish","has-post-thumbnail","hentry","category-current-plays"],"yoast_head":"<!-- This site is optimized with the Yoast SEO plugin v27.5 - https:\/\/yoast.com\/product\/yoast-seo-wordpress\/ -->\n<title>Cannibals - Independent Theater Hungary<\/title>\n<meta name=\"description\" content=\"The butcher has disappeared. 131 Roma were convicted. No bodies. 41 Roma were publicly executed.\" \/>\n<meta name=\"robots\" content=\"index, follow, max-snippet:-1, max-image-preview:large, max-video-preview:-1\" \/>\n<link rel=\"canonical\" href=\"https:\/\/independenttheater.hu\/en\/current-plays\/cannibals\/\" \/>\n<meta property=\"og:locale\" content=\"en_US\" \/>\n<meta property=\"og:type\" content=\"article\" \/>\n<meta property=\"og:title\" content=\"Cannibals - Independent Theater Hungary\" \/>\n<meta property=\"og:description\" content=\"The butcher has disappeared. 131 Roma were convicted. No bodies. 41 Roma were publicly executed.\" \/>\n<meta property=\"og:url\" content=\"https:\/\/independenttheater.hu\/en\/current-plays\/cannibals\/\" \/>\n<meta property=\"og:site_name\" content=\"Independent Theater Hungary\" \/>\n<meta property=\"article:modified_time\" content=\"2025-09-25T19:39:20+00:00\" \/>\n<meta property=\"og:image\" content=\"https:\/\/independenttheater.hu\/wp-content\/uploads\/2024\/09\/emberevok_grid.jpg\" \/>\n\t<meta property=\"og:image:width\" content=\"708\" \/>\n\t<meta property=\"og:image:height\" content=\"708\" \/>\n\t<meta property=\"og:image:type\" content=\"image\/jpeg\" \/>\n<meta name=\"twitter:card\" content=\"summary_large_image\" \/>\n<meta name=\"twitter:label1\" content=\"Est. reading time\" \/>\n\t<meta name=\"twitter:data1\" content=\"7 minutes\" \/>\n<script type=\"application\/ld+json\" class=\"yoast-schema-graph\">{\"@context\":\"https:\\\/\\\/schema.org\",\"@graph\":[{\"@type\":\"WebPage\",\"@id\":\"https:\\\/\\\/independenttheater.hu\\\/en\\\/current-plays\\\/cannibals\\\/\",\"url\":\"https:\\\/\\\/independenttheater.hu\\\/en\\\/current-plays\\\/cannibals\\\/\",\"name\":\"Cannibals - Independent Theater Hungary\",\"isPartOf\":{\"@id\":\"https:\\\/\\\/independenttheater.hu\\\/#website\"},\"primaryImageOfPage\":{\"@id\":\"https:\\\/\\\/independenttheater.hu\\\/en\\\/current-plays\\\/cannibals\\\/#primaryimage\"},\"image\":{\"@id\":\"https:\\\/\\\/independenttheater.hu\\\/en\\\/current-plays\\\/cannibals\\\/#primaryimage\"},\"thumbnailUrl\":\"https:\\\/\\\/independenttheater.hu\\\/wp-content\\\/uploads\\\/2024\\\/09\\\/emberevok_grid.jpg\",\"datePublished\":\"2024-09-13T13:37:41+00:00\",\"dateModified\":\"2025-09-25T19:39:20+00:00\",\"description\":\"The butcher has disappeared. 131 Roma were convicted. No bodies. 41 Roma were publicly executed.\",\"breadcrumb\":{\"@id\":\"https:\\\/\\\/independenttheater.hu\\\/en\\\/current-plays\\\/cannibals\\\/#breadcrumb\"},\"inLanguage\":\"en-US\",\"potentialAction\":[{\"@type\":\"ReadAction\",\"target\":[\"https:\\\/\\\/independenttheater.hu\\\/en\\\/current-plays\\\/cannibals\\\/\"]}]},{\"@type\":\"ImageObject\",\"inLanguage\":\"en-US\",\"@id\":\"https:\\\/\\\/independenttheater.hu\\\/en\\\/current-plays\\\/cannibals\\\/#primaryimage\",\"url\":\"https:\\\/\\\/independenttheater.hu\\\/wp-content\\\/uploads\\\/2024\\\/09\\\/emberevok_grid.jpg\",\"contentUrl\":\"https:\\\/\\\/independenttheater.hu\\\/wp-content\\\/uploads\\\/2024\\\/09\\\/emberevok_grid.jpg\",\"width\":708,\"height\":708},{\"@type\":\"BreadcrumbList\",\"@id\":\"https:\\\/\\\/independenttheater.hu\\\/en\\\/current-plays\\\/cannibals\\\/#breadcrumb\",\"itemListElement\":[{\"@type\":\"ListItem\",\"position\":1,\"name\":\"Homepage\",\"item\":\"https:\\\/\\\/independenttheater.hu\\\/en\\\/home\\\/\"},{\"@type\":\"ListItem\",\"position\":2,\"name\":\"Current plays\",\"item\":\"https:\\\/\\\/independenttheater.hu\\\/en\\\/current-plays\\\/\"},{\"@type\":\"ListItem\",\"position\":3,\"name\":\"Cannibals\"}]},{\"@type\":\"WebSite\",\"@id\":\"https:\\\/\\\/independenttheater.hu\\\/#website\",\"url\":\"https:\\\/\\\/independenttheater.hu\\\/\",\"name\":\"Independent Theater Hungary\",\"description\":\"A Magyarorsz\u00e1gi Roma Sz\u00ednh\u00e1z\",\"publisher\":{\"@id\":\"https:\\\/\\\/independenttheater.hu\\\/#organization\"},\"potentialAction\":[{\"@type\":\"SearchAction\",\"target\":{\"@type\":\"EntryPoint\",\"urlTemplate\":\"https:\\\/\\\/independenttheater.hu\\\/?s={search_term_string}\"},\"query-input\":{\"@type\":\"PropertyValueSpecification\",\"valueRequired\":true,\"valueName\":\"search_term_string\"}}],\"inLanguage\":\"en-US\"},{\"@type\":\"Organization\",\"@id\":\"https:\\\/\\\/independenttheater.hu\\\/#organization\",\"name\":\"Independent Theater Hungary\",\"url\":\"https:\\\/\\\/independenttheater.hu\\\/\",\"logo\":{\"@type\":\"ImageObject\",\"inLanguage\":\"en-US\",\"@id\":\"https:\\\/\\\/independenttheater.hu\\\/#\\\/schema\\\/logo\\\/image\\\/\",\"url\":\"https:\\\/\\\/independenttheater.hu\\\/wp-content\\\/uploads\\\/2024\\\/03\\\/Independent_theater_logo_black.png\",\"contentUrl\":\"https:\\\/\\\/independenttheater.hu\\\/wp-content\\\/uploads\\\/2024\\\/03\\\/Independent_theater_logo_black.png\",\"width\":1907,\"height\":560,\"caption\":\"Independent Theater Hungary\"},\"image\":{\"@id\":\"https:\\\/\\\/independenttheater.hu\\\/#\\\/schema\\\/logo\\\/image\\\/\"}}]}<\/script>\n<!-- \/ Yoast SEO plugin. -->","yoast_head_json":{"title":"Cannibals - Independent Theater Hungary","description":"The butcher has disappeared. 131 Roma were convicted. No bodies. 41 Roma were publicly executed.","robots":{"index":"index","follow":"follow","max-snippet":"max-snippet:-1","max-image-preview":"max-image-preview:large","max-video-preview":"max-video-preview:-1"},"canonical":"https:\/\/independenttheater.hu\/en\/current-plays\/cannibals\/","og_locale":"en_US","og_type":"article","og_title":"Cannibals - Independent Theater Hungary","og_description":"The butcher has disappeared. 131 Roma were convicted. No bodies. 41 Roma were publicly executed.","og_url":"https:\/\/independenttheater.hu\/en\/current-plays\/cannibals\/","og_site_name":"Independent Theater Hungary","article_modified_time":"2025-09-25T19:39:20+00:00","og_image":[{"width":708,"height":708,"url":"https:\/\/independenttheater.hu\/wp-content\/uploads\/2024\/09\/emberevok_grid.jpg","type":"image\/jpeg"}],"twitter_card":"summary_large_image","twitter_misc":{"Est. reading time":"7 minutes"},"schema":{"@context":"https:\/\/schema.org","@graph":[{"@type":"WebPage","@id":"https:\/\/independenttheater.hu\/en\/current-plays\/cannibals\/","url":"https:\/\/independenttheater.hu\/en\/current-plays\/cannibals\/","name":"Cannibals - Independent Theater Hungary","isPartOf":{"@id":"https:\/\/independenttheater.hu\/#website"},"primaryImageOfPage":{"@id":"https:\/\/independenttheater.hu\/en\/current-plays\/cannibals\/#primaryimage"},"image":{"@id":"https:\/\/independenttheater.hu\/en\/current-plays\/cannibals\/#primaryimage"},"thumbnailUrl":"https:\/\/independenttheater.hu\/wp-content\/uploads\/2024\/09\/emberevok_grid.jpg","datePublished":"2024-09-13T13:37:41+00:00","dateModified":"2025-09-25T19:39:20+00:00","description":"The butcher has disappeared. 131 Roma were convicted. No bodies. 41 Roma were publicly executed.","breadcrumb":{"@id":"https:\/\/independenttheater.hu\/en\/current-plays\/cannibals\/#breadcrumb"},"inLanguage":"en-US","potentialAction":[{"@type":"ReadAction","target":["https:\/\/independenttheater.hu\/en\/current-plays\/cannibals\/"]}]},{"@type":"ImageObject","inLanguage":"en-US","@id":"https:\/\/independenttheater.hu\/en\/current-plays\/cannibals\/#primaryimage","url":"https:\/\/independenttheater.hu\/wp-content\/uploads\/2024\/09\/emberevok_grid.jpg","contentUrl":"https:\/\/independenttheater.hu\/wp-content\/uploads\/2024\/09\/emberevok_grid.jpg","width":708,"height":708},{"@type":"BreadcrumbList","@id":"https:\/\/independenttheater.hu\/en\/current-plays\/cannibals\/#breadcrumb","itemListElement":[{"@type":"ListItem","position":1,"name":"Homepage","item":"https:\/\/independenttheater.hu\/en\/home\/"},{"@type":"ListItem","position":2,"name":"Current plays","item":"https:\/\/independenttheater.hu\/en\/current-plays\/"},{"@type":"ListItem","position":3,"name":"Cannibals"}]},{"@type":"WebSite","@id":"https:\/\/independenttheater.hu\/#website","url":"https:\/\/independenttheater.hu\/","name":"Independent Theater Hungary","description":"A Magyarorsz\u00e1gi Roma Sz\u00ednh\u00e1z","publisher":{"@id":"https:\/\/independenttheater.hu\/#organization"},"potentialAction":[{"@type":"SearchAction","target":{"@type":"EntryPoint","urlTemplate":"https:\/\/independenttheater.hu\/?s={search_term_string}"},"query-input":{"@type":"PropertyValueSpecification","valueRequired":true,"valueName":"search_term_string"}}],"inLanguage":"en-US"},{"@type":"Organization","@id":"https:\/\/independenttheater.hu\/#organization","name":"Independent Theater Hungary","url":"https:\/\/independenttheater.hu\/","logo":{"@type":"ImageObject","inLanguage":"en-US","@id":"https:\/\/independenttheater.hu\/#\/schema\/logo\/image\/","url":"https:\/\/independenttheater.hu\/wp-content\/uploads\/2024\/03\/Independent_theater_logo_black.png","contentUrl":"https:\/\/independenttheater.hu\/wp-content\/uploads\/2024\/03\/Independent_theater_logo_black.png","width":1907,"height":560,"caption":"Independent Theater Hungary"},"image":{"@id":"https:\/\/independenttheater.hu\/#\/schema\/logo\/image\/"}}]}},"_links":{"self":[{"href":"https:\/\/independenttheater.hu\/en\/wp-json\/wp\/v2\/pages\/2689","targetHints":{"allow":["GET"]}}],"collection":[{"href":"https:\/\/independenttheater.hu\/en\/wp-json\/wp\/v2\/pages"}],"about":[{"href":"https:\/\/independenttheater.hu\/en\/wp-json\/wp\/v2\/types\/page"}],"author":[{"embeddable":true,"href":"https:\/\/independenttheater.hu\/en\/wp-json\/wp\/v2\/users\/1"}],"replies":[{"embeddable":true,"href":"https:\/\/independenttheater.hu\/en\/wp-json\/wp\/v2\/comments?post=2689"}],"version-history":[{"count":5,"href":"https:\/\/independenttheater.hu\/en\/wp-json\/wp\/v2\/pages\/2689\/revisions"}],"predecessor-version":[{"id":3285,"href":"https:\/\/independenttheater.hu\/en\/wp-json\/wp\/v2\/pages\/2689\/revisions\/3285"}],"up":[{"embeddable":true,"href":"https:\/\/independenttheater.hu\/en\/wp-json\/wp\/v2\/pages\/2640"}],"wp:featuredmedia":[{"embeddable":true,"href":"https:\/\/independenttheater.hu\/en\/wp-json\/wp\/v2\/media\/1960"}],"wp:attachment":[{"href":"https:\/\/independenttheater.hu\/en\/wp-json\/wp\/v2\/media?parent=2689"}],"wp:term":[{"taxonomy":"category","embeddable":true,"href":"https:\/\/independenttheater.hu\/en\/wp-json\/wp\/v2\/categories?post=2689"},{"taxonomy":"post_tag","embeddable":true,"href":"https:\/\/independenttheater.hu\/en\/wp-json\/wp\/v2\/tags?post=2689"}],"curies":[{"name":"wp","href":"https:\/\/api.w.org\/{rel}","templated":true}]}}