{"id":2695,"date":"2024-03-20T14:47:20","date_gmt":"2024-03-20T13:47:20","guid":{"rendered":"https:\/\/independenttheater.hu\/current-plays\/chameleon-girl\/"},"modified":"2025-03-25T14:15:01","modified_gmt":"2025-03-25T13:15:01","slug":"chameleon-girl","status":"publish","type":"page","link":"https:\/\/independenttheater.hu\/en\/current-plays\/chameleon-girl\/","title":{"rendered":"Chameleon girl"},"content":{"rendered":"<div id=\"cs-content\" class=\"cs-content\"><\/div>\n","protected":false},"excerpt":{"rendered":"<p>A seemingly average teenage girl is being questioned by her mentor to understand why she did what she did, why she takes the decision that she is taking. The girl recall memories and experiences but not all of them are her own. We get involved in the challenges of grandparents, sisters, teachers, kindergarten peers and classmates through the exceptionally skilled girl\u2019s tale who can assimilate with anything or anything, reads the mind and memories of others and does not want to follow someone else\u2019s example.   <\/p>\n","protected":false},"author":1,"featured_media":1825,"parent":2640,"menu_order":0,"comment_status":"closed","ping_status":"closed","template":"template-blank-4.php","meta":{"_crdt_document":"","pgc_sgb_lightbox_settings":"","footnotes":""},"categories":[6],"tags":[],"class_list":["post-2695","page","type-page","status-publish","has-post-thumbnail","hentry","category-aktualis-eloadasok"],"yoast_head":"<!-- This site is optimized with the Yoast SEO plugin v27.5 - https:\/\/yoast.com\/product\/yoast-seo-wordpress\/ -->\n<title>Chameleon girl - Independent Theater Hungary<\/title>\n<meta name=\"description\" content=\"A seemingly average teenage girl is being questioned by her mentor to understand why she did what she did, why she takes the decision that she is taking.\" \/>\n<meta name=\"robots\" content=\"index, follow, max-snippet:-1, max-image-preview:large, max-video-preview:-1\" \/>\n<link rel=\"canonical\" href=\"https:\/\/independenttheater.hu\/en\/current-plays\/chameleon-girl\/\" \/>\n<meta property=\"og:locale\" content=\"en_US\" \/>\n<meta property=\"og:type\" content=\"article\" \/>\n<meta property=\"og:title\" content=\"Chameleon girl - Independent Theater Hungary\" \/>\n<meta property=\"og:description\" content=\"A seemingly average teenage girl is being questioned by her mentor to understand why she did what she did, why she takes the decision that she is taking.\" \/>\n<meta property=\"og:url\" content=\"https:\/\/independenttheater.hu\/en\/current-plays\/chameleon-girl\/\" \/>\n<meta property=\"og:site_name\" content=\"Independent Theater Hungary\" \/>\n<meta property=\"article:modified_time\" content=\"2025-03-25T13:15:01+00:00\" \/>\n<meta property=\"og:image\" content=\"https:\/\/independenttheater.hu\/wp-content\/uploads\/2024\/03\/kameleonlany.jpg\" \/>\n\t<meta property=\"og:image:width\" content=\"800\" \/>\n\t<meta property=\"og:image:height\" content=\"800\" \/>\n\t<meta property=\"og:image:type\" content=\"image\/jpeg\" \/>\n<meta name=\"twitter:card\" content=\"summary_large_image\" \/>\n<meta name=\"twitter:label1\" content=\"Est. reading time\" \/>\n\t<meta name=\"twitter:data1\" content=\"8 minutes\" \/>\n<script type=\"application\/ld+json\" class=\"yoast-schema-graph\">{\"@context\":\"https:\\\/\\\/schema.org\",\"@graph\":[{\"@type\":\"WebPage\",\"@id\":\"https:\\\/\\\/independenttheater.hu\\\/en\\\/current-plays\\\/chameleon-girl\\\/\",\"url\":\"https:\\\/\\\/independenttheater.hu\\\/en\\\/current-plays\\\/chameleon-girl\\\/\",\"name\":\"Chameleon girl - Independent Theater Hungary\",\"isPartOf\":{\"@id\":\"https:\\\/\\\/independenttheater.hu\\\/#website\"},\"primaryImageOfPage\":{\"@id\":\"https:\\\/\\\/independenttheater.hu\\\/en\\\/current-plays\\\/chameleon-girl\\\/#primaryimage\"},\"image\":{\"@id\":\"https:\\\/\\\/independenttheater.hu\\\/en\\\/current-plays\\\/chameleon-girl\\\/#primaryimage\"},\"thumbnailUrl\":\"https:\\\/\\\/independenttheater.hu\\\/wp-content\\\/uploads\\\/2024\\\/03\\\/kameleonlany.jpg\",\"datePublished\":\"2024-03-20T13:47:20+00:00\",\"dateModified\":\"2025-03-25T13:15:01+00:00\",\"description\":\"A seemingly average teenage girl is being questioned by her mentor to understand why she did what she did, why she takes the decision that she is taking.\",\"breadcrumb\":{\"@id\":\"https:\\\/\\\/independenttheater.hu\\\/en\\\/current-plays\\\/chameleon-girl\\\/#breadcrumb\"},\"inLanguage\":\"en-US\",\"potentialAction\":[{\"@type\":\"ReadAction\",\"target\":[\"https:\\\/\\\/independenttheater.hu\\\/en\\\/current-plays\\\/chameleon-girl\\\/\"]}]},{\"@type\":\"ImageObject\",\"inLanguage\":\"en-US\",\"@id\":\"https:\\\/\\\/independenttheater.hu\\\/en\\\/current-plays\\\/chameleon-girl\\\/#primaryimage\",\"url\":\"https:\\\/\\\/independenttheater.hu\\\/wp-content\\\/uploads\\\/2024\\\/03\\\/kameleonlany.jpg\",\"contentUrl\":\"https:\\\/\\\/independenttheater.hu\\\/wp-content\\\/uploads\\\/2024\\\/03\\\/kameleonlany.jpg\",\"width\":800,\"height\":800},{\"@type\":\"BreadcrumbList\",\"@id\":\"https:\\\/\\\/independenttheater.hu\\\/en\\\/current-plays\\\/chameleon-girl\\\/#breadcrumb\",\"itemListElement\":[{\"@type\":\"ListItem\",\"position\":1,\"name\":\"Homepage\",\"item\":\"https:\\\/\\\/independenttheater.hu\\\/en\\\/home\\\/\"},{\"@type\":\"ListItem\",\"position\":2,\"name\":\"Current plays\",\"item\":\"https:\\\/\\\/independenttheater.hu\\\/en\\\/current-plays\\\/\"},{\"@type\":\"ListItem\",\"position\":3,\"name\":\"Chameleon girl\"}]},{\"@type\":\"WebSite\",\"@id\":\"https:\\\/\\\/independenttheater.hu\\\/#website\",\"url\":\"https:\\\/\\\/independenttheater.hu\\\/\",\"name\":\"Independent Theater Hungary\",\"description\":\"A Magyarorsz\u00e1gi Roma Sz\u00ednh\u00e1z\",\"publisher\":{\"@id\":\"https:\\\/\\\/independenttheater.hu\\\/#organization\"},\"potentialAction\":[{\"@type\":\"SearchAction\",\"target\":{\"@type\":\"EntryPoint\",\"urlTemplate\":\"https:\\\/\\\/independenttheater.hu\\\/?s={search_term_string}\"},\"query-input\":{\"@type\":\"PropertyValueSpecification\",\"valueRequired\":true,\"valueName\":\"search_term_string\"}}],\"inLanguage\":\"en-US\"},{\"@type\":\"Organization\",\"@id\":\"https:\\\/\\\/independenttheater.hu\\\/#organization\",\"name\":\"Independent Theater Hungary\",\"url\":\"https:\\\/\\\/independenttheater.hu\\\/\",\"logo\":{\"@type\":\"ImageObject\",\"inLanguage\":\"en-US\",\"@id\":\"https:\\\/\\\/independenttheater.hu\\\/#\\\/schema\\\/logo\\\/image\\\/\",\"url\":\"https:\\\/\\\/independenttheater.hu\\\/wp-content\\\/uploads\\\/2024\\\/03\\\/Independent_theater_logo_black.png\",\"contentUrl\":\"https:\\\/\\\/independenttheater.hu\\\/wp-content\\\/uploads\\\/2024\\\/03\\\/Independent_theater_logo_black.png\",\"width\":1907,\"height\":560,\"caption\":\"Independent Theater Hungary\"},\"image\":{\"@id\":\"https:\\\/\\\/independenttheater.hu\\\/#\\\/schema\\\/logo\\\/image\\\/\"}}]}<\/script>\n<!-- \/ Yoast SEO plugin. -->","yoast_head_json":{"title":"Chameleon girl - Independent Theater Hungary","description":"A seemingly average teenage girl is being questioned by her mentor to understand why she did what she did, why she takes the decision that she is taking.","robots":{"index":"index","follow":"follow","max-snippet":"max-snippet:-1","max-image-preview":"max-image-preview:large","max-video-preview":"max-video-preview:-1"},"canonical":"https:\/\/independenttheater.hu\/en\/current-plays\/chameleon-girl\/","og_locale":"en_US","og_type":"article","og_title":"Chameleon girl - Independent Theater Hungary","og_description":"A seemingly average teenage girl is being questioned by her mentor to understand why she did what she did, why she takes the decision that she is taking.","og_url":"https:\/\/independenttheater.hu\/en\/current-plays\/chameleon-girl\/","og_site_name":"Independent Theater Hungary","article_modified_time":"2025-03-25T13:15:01+00:00","og_image":[{"width":800,"height":800,"url":"https:\/\/independenttheater.hu\/wp-content\/uploads\/2024\/03\/kameleonlany.jpg","type":"image\/jpeg"}],"twitter_card":"summary_large_image","twitter_misc":{"Est. reading time":"8 minutes"},"schema":{"@context":"https:\/\/schema.org","@graph":[{"@type":"WebPage","@id":"https:\/\/independenttheater.hu\/en\/current-plays\/chameleon-girl\/","url":"https:\/\/independenttheater.hu\/en\/current-plays\/chameleon-girl\/","name":"Chameleon girl - Independent Theater Hungary","isPartOf":{"@id":"https:\/\/independenttheater.hu\/#website"},"primaryImageOfPage":{"@id":"https:\/\/independenttheater.hu\/en\/current-plays\/chameleon-girl\/#primaryimage"},"image":{"@id":"https:\/\/independenttheater.hu\/en\/current-plays\/chameleon-girl\/#primaryimage"},"thumbnailUrl":"https:\/\/independenttheater.hu\/wp-content\/uploads\/2024\/03\/kameleonlany.jpg","datePublished":"2024-03-20T13:47:20+00:00","dateModified":"2025-03-25T13:15:01+00:00","description":"A seemingly average teenage girl is being questioned by her mentor to understand why she did what she did, why she takes the decision that she is taking.","breadcrumb":{"@id":"https:\/\/independenttheater.hu\/en\/current-plays\/chameleon-girl\/#breadcrumb"},"inLanguage":"en-US","potentialAction":[{"@type":"ReadAction","target":["https:\/\/independenttheater.hu\/en\/current-plays\/chameleon-girl\/"]}]},{"@type":"ImageObject","inLanguage":"en-US","@id":"https:\/\/independenttheater.hu\/en\/current-plays\/chameleon-girl\/#primaryimage","url":"https:\/\/independenttheater.hu\/wp-content\/uploads\/2024\/03\/kameleonlany.jpg","contentUrl":"https:\/\/independenttheater.hu\/wp-content\/uploads\/2024\/03\/kameleonlany.jpg","width":800,"height":800},{"@type":"BreadcrumbList","@id":"https:\/\/independenttheater.hu\/en\/current-plays\/chameleon-girl\/#breadcrumb","itemListElement":[{"@type":"ListItem","position":1,"name":"Homepage","item":"https:\/\/independenttheater.hu\/en\/home\/"},{"@type":"ListItem","position":2,"name":"Current plays","item":"https:\/\/independenttheater.hu\/en\/current-plays\/"},{"@type":"ListItem","position":3,"name":"Chameleon girl"}]},{"@type":"WebSite","@id":"https:\/\/independenttheater.hu\/#website","url":"https:\/\/independenttheater.hu\/","name":"Independent Theater Hungary","description":"A Magyarorsz\u00e1gi Roma Sz\u00ednh\u00e1z","publisher":{"@id":"https:\/\/independenttheater.hu\/#organization"},"potentialAction":[{"@type":"SearchAction","target":{"@type":"EntryPoint","urlTemplate":"https:\/\/independenttheater.hu\/?s={search_term_string}"},"query-input":{"@type":"PropertyValueSpecification","valueRequired":true,"valueName":"search_term_string"}}],"inLanguage":"en-US"},{"@type":"Organization","@id":"https:\/\/independenttheater.hu\/#organization","name":"Independent Theater Hungary","url":"https:\/\/independenttheater.hu\/","logo":{"@type":"ImageObject","inLanguage":"en-US","@id":"https:\/\/independenttheater.hu\/#\/schema\/logo\/image\/","url":"https:\/\/independenttheater.hu\/wp-content\/uploads\/2024\/03\/Independent_theater_logo_black.png","contentUrl":"https:\/\/independenttheater.hu\/wp-content\/uploads\/2024\/03\/Independent_theater_logo_black.png","width":1907,"height":560,"caption":"Independent Theater Hungary"},"image":{"@id":"https:\/\/independenttheater.hu\/#\/schema\/logo\/image\/"}}]}},"_links":{"self":[{"href":"https:\/\/independenttheater.hu\/en\/wp-json\/wp\/v2\/pages\/2695","targetHints":{"allow":["GET"]}}],"collection":[{"href":"https:\/\/independenttheater.hu\/en\/wp-json\/wp\/v2\/pages"}],"about":[{"href":"https:\/\/independenttheater.hu\/en\/wp-json\/wp\/v2\/types\/page"}],"author":[{"embeddable":true,"href":"https:\/\/independenttheater.hu\/en\/wp-json\/wp\/v2\/users\/1"}],"replies":[{"embeddable":true,"href":"https:\/\/independenttheater.hu\/en\/wp-json\/wp\/v2\/comments?post=2695"}],"version-history":[{"count":3,"href":"https:\/\/independenttheater.hu\/en\/wp-json\/wp\/v2\/pages\/2695\/revisions"}],"predecessor-version":[{"id":2698,"href":"https:\/\/independenttheater.hu\/en\/wp-json\/wp\/v2\/pages\/2695\/revisions\/2698"}],"up":[{"embeddable":true,"href":"https:\/\/independenttheater.hu\/en\/wp-json\/wp\/v2\/pages\/2640"}],"wp:featuredmedia":[{"embeddable":true,"href":"https:\/\/independenttheater.hu\/en\/wp-json\/wp\/v2\/media\/1825"}],"wp:attachment":[{"href":"https:\/\/independenttheater.hu\/en\/wp-json\/wp\/v2\/media?parent=2695"}],"wp:term":[{"taxonomy":"category","embeddable":true,"href":"https:\/\/independenttheater.hu\/en\/wp-json\/wp\/v2\/categories?post=2695"},{"taxonomy":"post_tag","embeddable":true,"href":"https:\/\/independenttheater.hu\/en\/wp-json\/wp\/v2\/tags?post=2695"}],"curies":[{"name":"wp","href":"https:\/\/api.w.org\/{rel}","templated":true}]}}