{"id":2703,"date":"2024-11-26T20:07:54","date_gmt":"2024-11-26T19:07:54","guid":{"rendered":"https:\/\/independenttheater.hu\/current-plays\/i-went-out-into-the-world-ill-return-when-i-grow-up\/"},"modified":"2025-03-25T14:27:04","modified_gmt":"2025-03-25T13:27:04","slug":"i-went-out-into-the-world-ill-return-when-i-grow-up","status":"publish","type":"page","link":"https:\/\/independenttheater.hu\/en\/current-plays\/i-went-out-into-the-world-ill-return-when-i-grow-up\/","title":{"rendered":"I Went Out into the World, I&#8217;ll Return When I Grow Up"},"content":{"rendered":"<div id=\"cs-content\" class=\"cs-content\"><\/div>\n","protected":false},"excerpt":{"rendered":"<p>What makes a girl &#8220;good&#8221;? Is it the girl who brews coffee for her parents? The one who wants to help her family? The one who picks flowers for her mother? Or the one who stands up for herself against suspicious characters?<br \/>\nBut why, despite doing all of this, does she still feel like she\u2019s done something wrong?<\/p>\n<p>Sponge decides to run away!<\/p>\n","protected":false},"author":1,"featured_media":2087,"parent":2640,"menu_order":0,"comment_status":"closed","ping_status":"closed","template":"template-blank-4.php","meta":{"_crdt_document":"","pgc_sgb_lightbox_settings":"","footnotes":""},"categories":[54],"tags":[],"class_list":["post-2703","page","type-page","status-publish","has-post-thumbnail","hentry","category-current-plays"],"yoast_head":"<!-- This site is optimized with the Yoast SEO plugin v27.5 - https:\/\/yoast.com\/product\/yoast-seo-wordpress\/ -->\n<title>I Went Out into the World, I&#039;ll Return When I Grow Up - Independent Theater Hungary<\/title>\n<meta name=\"description\" content=\"What makes a girl &quot;good&quot;? Is it the girl who brews coffee for her parents? The one who wants to help her family? The one who picks flowers for her mother?\" \/>\n<meta name=\"robots\" content=\"index, follow, max-snippet:-1, max-image-preview:large, max-video-preview:-1\" \/>\n<link rel=\"canonical\" href=\"https:\/\/independenttheater.hu\/en\/current-plays\/i-went-out-into-the-world-ill-return-when-i-grow-up\/\" \/>\n<meta property=\"og:locale\" content=\"en_US\" \/>\n<meta property=\"og:type\" content=\"article\" \/>\n<meta property=\"og:title\" content=\"I Went Out into the World, I&#039;ll Return When I Grow Up - Independent Theater Hungary\" \/>\n<meta property=\"og:description\" content=\"What makes a girl &quot;good&quot;? Is it the girl who brews coffee for her parents? The one who wants to help her family? The one who picks flowers for her mother?\" \/>\n<meta property=\"og:url\" content=\"https:\/\/independenttheater.hu\/en\/current-plays\/i-went-out-into-the-world-ill-return-when-i-grow-up\/\" \/>\n<meta property=\"og:site_name\" content=\"Independent Theater Hungary\" \/>\n<meta property=\"article:modified_time\" content=\"2025-03-25T13:27:04+00:00\" \/>\n<meta property=\"og:image\" content=\"https:\/\/independenttheater.hu\/wp-content\/uploads\/2024\/12\/vilagga_grid.jpg\" \/>\n\t<meta property=\"og:image:width\" content=\"800\" \/>\n\t<meta property=\"og:image:height\" content=\"800\" \/>\n\t<meta property=\"og:image:type\" content=\"image\/jpeg\" \/>\n<meta name=\"twitter:card\" content=\"summary_large_image\" \/>\n<meta name=\"twitter:label1\" content=\"Est. reading time\" \/>\n\t<meta name=\"twitter:data1\" content=\"6 minutes\" \/>\n<script type=\"application\/ld+json\" class=\"yoast-schema-graph\">{\"@context\":\"https:\\\/\\\/schema.org\",\"@graph\":[{\"@type\":\"WebPage\",\"@id\":\"https:\\\/\\\/independenttheater.hu\\\/en\\\/current-plays\\\/i-went-out-into-the-world-ill-return-when-i-grow-up\\\/\",\"url\":\"https:\\\/\\\/independenttheater.hu\\\/en\\\/current-plays\\\/i-went-out-into-the-world-ill-return-when-i-grow-up\\\/\",\"name\":\"I Went Out into the World, I'll Return When I Grow Up - Independent Theater Hungary\",\"isPartOf\":{\"@id\":\"https:\\\/\\\/independenttheater.hu\\\/#website\"},\"primaryImageOfPage\":{\"@id\":\"https:\\\/\\\/independenttheater.hu\\\/en\\\/current-plays\\\/i-went-out-into-the-world-ill-return-when-i-grow-up\\\/#primaryimage\"},\"image\":{\"@id\":\"https:\\\/\\\/independenttheater.hu\\\/en\\\/current-plays\\\/i-went-out-into-the-world-ill-return-when-i-grow-up\\\/#primaryimage\"},\"thumbnailUrl\":\"https:\\\/\\\/independenttheater.hu\\\/wp-content\\\/uploads\\\/2024\\\/12\\\/vilagga_grid.jpg\",\"datePublished\":\"2024-11-26T19:07:54+00:00\",\"dateModified\":\"2025-03-25T13:27:04+00:00\",\"description\":\"What makes a girl \\\"good\\\"? Is it the girl who brews coffee for her parents? The one who wants to help her family? The one who picks flowers for her mother?\",\"breadcrumb\":{\"@id\":\"https:\\\/\\\/independenttheater.hu\\\/en\\\/current-plays\\\/i-went-out-into-the-world-ill-return-when-i-grow-up\\\/#breadcrumb\"},\"inLanguage\":\"en-US\",\"potentialAction\":[{\"@type\":\"ReadAction\",\"target\":[\"https:\\\/\\\/independenttheater.hu\\\/en\\\/current-plays\\\/i-went-out-into-the-world-ill-return-when-i-grow-up\\\/\"]}]},{\"@type\":\"ImageObject\",\"inLanguage\":\"en-US\",\"@id\":\"https:\\\/\\\/independenttheater.hu\\\/en\\\/current-plays\\\/i-went-out-into-the-world-ill-return-when-i-grow-up\\\/#primaryimage\",\"url\":\"https:\\\/\\\/independenttheater.hu\\\/wp-content\\\/uploads\\\/2024\\\/12\\\/vilagga_grid.jpg\",\"contentUrl\":\"https:\\\/\\\/independenttheater.hu\\\/wp-content\\\/uploads\\\/2024\\\/12\\\/vilagga_grid.jpg\",\"width\":800,\"height\":800},{\"@type\":\"BreadcrumbList\",\"@id\":\"https:\\\/\\\/independenttheater.hu\\\/en\\\/current-plays\\\/i-went-out-into-the-world-ill-return-when-i-grow-up\\\/#breadcrumb\",\"itemListElement\":[{\"@type\":\"ListItem\",\"position\":1,\"name\":\"Homepage\",\"item\":\"https:\\\/\\\/independenttheater.hu\\\/en\\\/home\\\/\"},{\"@type\":\"ListItem\",\"position\":2,\"name\":\"Current plays\",\"item\":\"https:\\\/\\\/independenttheater.hu\\\/en\\\/current-plays\\\/\"},{\"@type\":\"ListItem\",\"position\":3,\"name\":\"I Went Out into the World, I&#8217;ll Return When I Grow Up\"}]},{\"@type\":\"WebSite\",\"@id\":\"https:\\\/\\\/independenttheater.hu\\\/#website\",\"url\":\"https:\\\/\\\/independenttheater.hu\\\/\",\"name\":\"Independent Theater Hungary\",\"description\":\"A Magyarorsz\u00e1gi Roma Sz\u00ednh\u00e1z\",\"publisher\":{\"@id\":\"https:\\\/\\\/independenttheater.hu\\\/#organization\"},\"potentialAction\":[{\"@type\":\"SearchAction\",\"target\":{\"@type\":\"EntryPoint\",\"urlTemplate\":\"https:\\\/\\\/independenttheater.hu\\\/?s={search_term_string}\"},\"query-input\":{\"@type\":\"PropertyValueSpecification\",\"valueRequired\":true,\"valueName\":\"search_term_string\"}}],\"inLanguage\":\"en-US\"},{\"@type\":\"Organization\",\"@id\":\"https:\\\/\\\/independenttheater.hu\\\/#organization\",\"name\":\"Independent Theater Hungary\",\"url\":\"https:\\\/\\\/independenttheater.hu\\\/\",\"logo\":{\"@type\":\"ImageObject\",\"inLanguage\":\"en-US\",\"@id\":\"https:\\\/\\\/independenttheater.hu\\\/#\\\/schema\\\/logo\\\/image\\\/\",\"url\":\"https:\\\/\\\/independenttheater.hu\\\/wp-content\\\/uploads\\\/2024\\\/03\\\/Independent_theater_logo_black.png\",\"contentUrl\":\"https:\\\/\\\/independenttheater.hu\\\/wp-content\\\/uploads\\\/2024\\\/03\\\/Independent_theater_logo_black.png\",\"width\":1907,\"height\":560,\"caption\":\"Independent Theater Hungary\"},\"image\":{\"@id\":\"https:\\\/\\\/independenttheater.hu\\\/#\\\/schema\\\/logo\\\/image\\\/\"}}]}<\/script>\n<!-- \/ Yoast SEO plugin. -->","yoast_head_json":{"title":"I Went Out into the World, I'll Return When I Grow Up - Independent Theater Hungary","description":"What makes a girl \"good\"? Is it the girl who brews coffee for her parents? The one who wants to help her family? The one who picks flowers for her mother?","robots":{"index":"index","follow":"follow","max-snippet":"max-snippet:-1","max-image-preview":"max-image-preview:large","max-video-preview":"max-video-preview:-1"},"canonical":"https:\/\/independenttheater.hu\/en\/current-plays\/i-went-out-into-the-world-ill-return-when-i-grow-up\/","og_locale":"en_US","og_type":"article","og_title":"I Went Out into the World, I'll Return When I Grow Up - Independent Theater Hungary","og_description":"What makes a girl \"good\"? Is it the girl who brews coffee for her parents? The one who wants to help her family? The one who picks flowers for her mother?","og_url":"https:\/\/independenttheater.hu\/en\/current-plays\/i-went-out-into-the-world-ill-return-when-i-grow-up\/","og_site_name":"Independent Theater Hungary","article_modified_time":"2025-03-25T13:27:04+00:00","og_image":[{"width":800,"height":800,"url":"https:\/\/independenttheater.hu\/wp-content\/uploads\/2024\/12\/vilagga_grid.jpg","type":"image\/jpeg"}],"twitter_card":"summary_large_image","twitter_misc":{"Est. reading time":"6 minutes"},"schema":{"@context":"https:\/\/schema.org","@graph":[{"@type":"WebPage","@id":"https:\/\/independenttheater.hu\/en\/current-plays\/i-went-out-into-the-world-ill-return-when-i-grow-up\/","url":"https:\/\/independenttheater.hu\/en\/current-plays\/i-went-out-into-the-world-ill-return-when-i-grow-up\/","name":"I Went Out into the World, I'll Return When I Grow Up - Independent Theater Hungary","isPartOf":{"@id":"https:\/\/independenttheater.hu\/#website"},"primaryImageOfPage":{"@id":"https:\/\/independenttheater.hu\/en\/current-plays\/i-went-out-into-the-world-ill-return-when-i-grow-up\/#primaryimage"},"image":{"@id":"https:\/\/independenttheater.hu\/en\/current-plays\/i-went-out-into-the-world-ill-return-when-i-grow-up\/#primaryimage"},"thumbnailUrl":"https:\/\/independenttheater.hu\/wp-content\/uploads\/2024\/12\/vilagga_grid.jpg","datePublished":"2024-11-26T19:07:54+00:00","dateModified":"2025-03-25T13:27:04+00:00","description":"What makes a girl \"good\"? Is it the girl who brews coffee for her parents? The one who wants to help her family? The one who picks flowers for her mother?","breadcrumb":{"@id":"https:\/\/independenttheater.hu\/en\/current-plays\/i-went-out-into-the-world-ill-return-when-i-grow-up\/#breadcrumb"},"inLanguage":"en-US","potentialAction":[{"@type":"ReadAction","target":["https:\/\/independenttheater.hu\/en\/current-plays\/i-went-out-into-the-world-ill-return-when-i-grow-up\/"]}]},{"@type":"ImageObject","inLanguage":"en-US","@id":"https:\/\/independenttheater.hu\/en\/current-plays\/i-went-out-into-the-world-ill-return-when-i-grow-up\/#primaryimage","url":"https:\/\/independenttheater.hu\/wp-content\/uploads\/2024\/12\/vilagga_grid.jpg","contentUrl":"https:\/\/independenttheater.hu\/wp-content\/uploads\/2024\/12\/vilagga_grid.jpg","width":800,"height":800},{"@type":"BreadcrumbList","@id":"https:\/\/independenttheater.hu\/en\/current-plays\/i-went-out-into-the-world-ill-return-when-i-grow-up\/#breadcrumb","itemListElement":[{"@type":"ListItem","position":1,"name":"Homepage","item":"https:\/\/independenttheater.hu\/en\/home\/"},{"@type":"ListItem","position":2,"name":"Current plays","item":"https:\/\/independenttheater.hu\/en\/current-plays\/"},{"@type":"ListItem","position":3,"name":"I Went Out into the World, I&#8217;ll Return When I Grow Up"}]},{"@type":"WebSite","@id":"https:\/\/independenttheater.hu\/#website","url":"https:\/\/independenttheater.hu\/","name":"Independent Theater Hungary","description":"A Magyarorsz\u00e1gi Roma Sz\u00ednh\u00e1z","publisher":{"@id":"https:\/\/independenttheater.hu\/#organization"},"potentialAction":[{"@type":"SearchAction","target":{"@type":"EntryPoint","urlTemplate":"https:\/\/independenttheater.hu\/?s={search_term_string}"},"query-input":{"@type":"PropertyValueSpecification","valueRequired":true,"valueName":"search_term_string"}}],"inLanguage":"en-US"},{"@type":"Organization","@id":"https:\/\/independenttheater.hu\/#organization","name":"Independent Theater Hungary","url":"https:\/\/independenttheater.hu\/","logo":{"@type":"ImageObject","inLanguage":"en-US","@id":"https:\/\/independenttheater.hu\/#\/schema\/logo\/image\/","url":"https:\/\/independenttheater.hu\/wp-content\/uploads\/2024\/03\/Independent_theater_logo_black.png","contentUrl":"https:\/\/independenttheater.hu\/wp-content\/uploads\/2024\/03\/Independent_theater_logo_black.png","width":1907,"height":560,"caption":"Independent Theater Hungary"},"image":{"@id":"https:\/\/independenttheater.hu\/#\/schema\/logo\/image\/"}}]}},"_links":{"self":[{"href":"https:\/\/independenttheater.hu\/en\/wp-json\/wp\/v2\/pages\/2703","targetHints":{"allow":["GET"]}}],"collection":[{"href":"https:\/\/independenttheater.hu\/en\/wp-json\/wp\/v2\/pages"}],"about":[{"href":"https:\/\/independenttheater.hu\/en\/wp-json\/wp\/v2\/types\/page"}],"author":[{"embeddable":true,"href":"https:\/\/independenttheater.hu\/en\/wp-json\/wp\/v2\/users\/1"}],"replies":[{"embeddable":true,"href":"https:\/\/independenttheater.hu\/en\/wp-json\/wp\/v2\/comments?post=2703"}],"version-history":[{"count":1,"href":"https:\/\/independenttheater.hu\/en\/wp-json\/wp\/v2\/pages\/2703\/revisions"}],"predecessor-version":[{"id":2704,"href":"https:\/\/independenttheater.hu\/en\/wp-json\/wp\/v2\/pages\/2703\/revisions\/2704"}],"up":[{"embeddable":true,"href":"https:\/\/independenttheater.hu\/en\/wp-json\/wp\/v2\/pages\/2640"}],"wp:featuredmedia":[{"embeddable":true,"href":"https:\/\/independenttheater.hu\/en\/wp-json\/wp\/v2\/media\/2087"}],"wp:attachment":[{"href":"https:\/\/independenttheater.hu\/en\/wp-json\/wp\/v2\/media?parent=2703"}],"wp:term":[{"taxonomy":"category","embeddable":true,"href":"https:\/\/independenttheater.hu\/en\/wp-json\/wp\/v2\/categories?post=2703"},{"taxonomy":"post_tag","embeddable":true,"href":"https:\/\/independenttheater.hu\/en\/wp-json\/wp\/v2\/tags?post=2703"}],"curies":[{"name":"wp","href":"https:\/\/api.w.org\/{rel}","templated":true}]}}