{"id":3157,"date":"2024-11-19T20:52:20","date_gmt":"2024-11-19T19:52:20","guid":{"rendered":"https:\/\/independenttheater.hu\/education-workshops-and-training\/"},"modified":"2026-02-27T12:17:24","modified_gmt":"2026-02-27T11:17:24","slug":"education-workshops-and-trainings","status":"publish","type":"page","link":"https:\/\/independenttheater.hu\/en\/education-workshops-and-trainings\/","title":{"rendered":"Education \/ Workshops and Training"},"content":{"rendered":"<div id=\"cs-content\" class=\"cs-content\"><\/div>\n","protected":false},"excerpt":{"rendered":"<p>Education \/ Workshops and TrainingCurriculum Roma Heroes in Theatre and Everyday LifeRoma Heroes WorkshopEducation workshop for inclusionCommunity theaterWe are &#8217;56Women ready for actionokI. European Union \u2013 Roma Heroes in Theatre and Everyday Life \u2013 Training and Education for Roma Youth Partners Ternipe \u2013 zdru\u017eenie pre r\u00f3msku ml\u00e1de\u017e na Slovensku a v Ma\u010farsku (Slovakia) Independent Theater Hungary Association of Hungarian Teachers &#8230; <a href=\"https:\/\/independenttheater.hu\/en\/education-workshops-and-trainings\/\" class=\"more-link\">Read More<\/a><\/p>\n","protected":false},"author":1,"featured_media":0,"parent":0,"menu_order":0,"comment_status":"closed","ping_status":"closed","template":"template-blank-4.php","meta":{"_crdt_document":"","pgc_sgb_lightbox_settings":"","footnotes":""},"categories":[],"tags":[],"class_list":["post-3157","page","type-page","status-publish","hentry","no-post-thumbnail"],"yoast_head":"<!-- This site is optimized with the Yoast SEO plugin v27.5 - https:\/\/yoast.com\/product\/yoast-seo-wordpress\/ -->\n<title>Education \/ Workshops and Training - Independent Theater Hungary<\/title>\n<meta name=\"robots\" content=\"index, follow, max-snippet:-1, max-image-preview:large, max-video-preview:-1\" \/>\n<link rel=\"canonical\" href=\"https:\/\/independenttheater.hu\/en\/education-workshops-and-trainings\/\" \/>\n<meta property=\"og:locale\" content=\"en_US\" \/>\n<meta property=\"og:type\" content=\"article\" \/>\n<meta property=\"og:title\" content=\"Education \/ Workshops and Training - Independent Theater Hungary\" \/>\n<meta property=\"og:description\" content=\"Education \/ Workshops and TrainingCurriculum Roma Heroes in Theatre and Everyday LifeRoma Heroes WorkshopEducation workshop for inclusionCommunity theaterWe are &#8217;56Women ready for actionokI. European Union \u2013 Roma Heroes in Theatre and Everyday Life \u2013 Training and Education for Roma Youth Partners Ternipe \u2013 zdru\u017eenie pre r\u00f3msku ml\u00e1de\u017e na Slovensku a v Ma\u010farsku (Slovakia) Independent Theater Hungary Association of Hungarian Teachers ... Read More\" \/>\n<meta property=\"og:url\" content=\"https:\/\/independenttheater.hu\/en\/education-workshops-and-trainings\/\" \/>\n<meta property=\"og:site_name\" content=\"Independent Theater Hungary\" \/>\n<meta property=\"article:modified_time\" content=\"2026-02-27T11:17:24+00:00\" \/>\n<meta property=\"og:image\" content=\"https:\/\/independenttheater.hu\/wp-content\/uploads\/2024\/11\/ERIAC4_color-1024x461.jpg\" \/>\n<meta name=\"twitter:card\" content=\"summary_large_image\" \/>\n<meta name=\"twitter:label1\" content=\"Est. reading time\" \/>\n\t<meta name=\"twitter:data1\" content=\"24 minutes\" \/>\n<script type=\"application\/ld+json\" class=\"yoast-schema-graph\">{\"@context\":\"https:\\\/\\\/schema.org\",\"@graph\":[{\"@type\":\"WebPage\",\"@id\":\"https:\\\/\\\/independenttheater.hu\\\/en\\\/education-workshops-and-trainings\\\/\",\"url\":\"https:\\\/\\\/independenttheater.hu\\\/en\\\/education-workshops-and-trainings\\\/\",\"name\":\"Education \\\/ Workshops and Training - Independent Theater Hungary\",\"isPartOf\":{\"@id\":\"https:\\\/\\\/independenttheater.hu\\\/#website\"},\"primaryImageOfPage\":{\"@id\":\"https:\\\/\\\/independenttheater.hu\\\/en\\\/education-workshops-and-trainings\\\/#primaryimage\"},\"image\":{\"@id\":\"https:\\\/\\\/independenttheater.hu\\\/en\\\/education-workshops-and-trainings\\\/#primaryimage\"},\"thumbnailUrl\":\"https:\\\/\\\/independenttheater.hu\\\/wp-content\\\/uploads\\\/2024\\\/11\\\/ERIAC4_color-1024x461.jpg\",\"datePublished\":\"2024-11-19T19:52:20+00:00\",\"dateModified\":\"2026-02-27T11:17:24+00:00\",\"breadcrumb\":{\"@id\":\"https:\\\/\\\/independenttheater.hu\\\/en\\\/education-workshops-and-trainings\\\/#breadcrumb\"},\"inLanguage\":\"en-US\",\"potentialAction\":[{\"@type\":\"ReadAction\",\"target\":[\"https:\\\/\\\/independenttheater.hu\\\/en\\\/education-workshops-and-trainings\\\/\"]}]},{\"@type\":\"ImageObject\",\"inLanguage\":\"en-US\",\"@id\":\"https:\\\/\\\/independenttheater.hu\\\/en\\\/education-workshops-and-trainings\\\/#primaryimage\",\"url\":\"https:\\\/\\\/independenttheater.hu\\\/wp-content\\\/uploads\\\/2024\\\/11\\\/ERIAC4_color-1024x461.jpg\",\"contentUrl\":\"https:\\\/\\\/independenttheater.hu\\\/wp-content\\\/uploads\\\/2024\\\/11\\\/ERIAC4_color-1024x461.jpg\"},{\"@type\":\"BreadcrumbList\",\"@id\":\"https:\\\/\\\/independenttheater.hu\\\/en\\\/education-workshops-and-trainings\\\/#breadcrumb\",\"itemListElement\":[{\"@type\":\"ListItem\",\"position\":1,\"name\":\"Homepage\",\"item\":\"https:\\\/\\\/independenttheater.hu\\\/en\\\/home\\\/\"},{\"@type\":\"ListItem\",\"position\":2,\"name\":\"Education \\\/ Workshops and Training\"}]},{\"@type\":\"WebSite\",\"@id\":\"https:\\\/\\\/independenttheater.hu\\\/#website\",\"url\":\"https:\\\/\\\/independenttheater.hu\\\/\",\"name\":\"Independent Theater Hungary\",\"description\":\"A Magyarorsz\u00e1gi Roma Sz\u00ednh\u00e1z\",\"publisher\":{\"@id\":\"https:\\\/\\\/independenttheater.hu\\\/#organization\"},\"potentialAction\":[{\"@type\":\"SearchAction\",\"target\":{\"@type\":\"EntryPoint\",\"urlTemplate\":\"https:\\\/\\\/independenttheater.hu\\\/?s={search_term_string}\"},\"query-input\":{\"@type\":\"PropertyValueSpecification\",\"valueRequired\":true,\"valueName\":\"search_term_string\"}}],\"inLanguage\":\"en-US\"},{\"@type\":\"Organization\",\"@id\":\"https:\\\/\\\/independenttheater.hu\\\/#organization\",\"name\":\"Independent Theater Hungary\",\"url\":\"https:\\\/\\\/independenttheater.hu\\\/\",\"logo\":{\"@type\":\"ImageObject\",\"inLanguage\":\"en-US\",\"@id\":\"https:\\\/\\\/independenttheater.hu\\\/#\\\/schema\\\/logo\\\/image\\\/\",\"url\":\"https:\\\/\\\/independenttheater.hu\\\/wp-content\\\/uploads\\\/2024\\\/03\\\/Independent_theater_logo_black.png\",\"contentUrl\":\"https:\\\/\\\/independenttheater.hu\\\/wp-content\\\/uploads\\\/2024\\\/03\\\/Independent_theater_logo_black.png\",\"width\":1907,\"height\":560,\"caption\":\"Independent Theater Hungary\"},\"image\":{\"@id\":\"https:\\\/\\\/independenttheater.hu\\\/#\\\/schema\\\/logo\\\/image\\\/\"}}]}<\/script>\n<!-- \/ Yoast SEO plugin. -->","yoast_head_json":{"title":"Education \/ Workshops and Training - Independent Theater Hungary","robots":{"index":"index","follow":"follow","max-snippet":"max-snippet:-1","max-image-preview":"max-image-preview:large","max-video-preview":"max-video-preview:-1"},"canonical":"https:\/\/independenttheater.hu\/en\/education-workshops-and-trainings\/","og_locale":"en_US","og_type":"article","og_title":"Education \/ Workshops and Training - Independent Theater Hungary","og_description":"Education \/ Workshops and TrainingCurriculum Roma Heroes in Theatre and Everyday LifeRoma Heroes WorkshopEducation workshop for inclusionCommunity theaterWe are &#8217;56Women ready for actionokI. European Union \u2013 Roma Heroes in Theatre and Everyday Life \u2013 Training and Education for Roma Youth Partners Ternipe \u2013 zdru\u017eenie pre r\u00f3msku ml\u00e1de\u017e na Slovensku a v Ma\u010farsku (Slovakia) Independent Theater Hungary Association of Hungarian Teachers ... Read More","og_url":"https:\/\/independenttheater.hu\/en\/education-workshops-and-trainings\/","og_site_name":"Independent Theater Hungary","article_modified_time":"2026-02-27T11:17:24+00:00","og_image":[{"url":"https:\/\/independenttheater.hu\/wp-content\/uploads\/2024\/11\/ERIAC4_color-1024x461.jpg","type":"","width":"","height":""}],"twitter_card":"summary_large_image","twitter_misc":{"Est. reading time":"24 minutes"},"schema":{"@context":"https:\/\/schema.org","@graph":[{"@type":"WebPage","@id":"https:\/\/independenttheater.hu\/en\/education-workshops-and-trainings\/","url":"https:\/\/independenttheater.hu\/en\/education-workshops-and-trainings\/","name":"Education \/ Workshops and Training - Independent Theater Hungary","isPartOf":{"@id":"https:\/\/independenttheater.hu\/#website"},"primaryImageOfPage":{"@id":"https:\/\/independenttheater.hu\/en\/education-workshops-and-trainings\/#primaryimage"},"image":{"@id":"https:\/\/independenttheater.hu\/en\/education-workshops-and-trainings\/#primaryimage"},"thumbnailUrl":"https:\/\/independenttheater.hu\/wp-content\/uploads\/2024\/11\/ERIAC4_color-1024x461.jpg","datePublished":"2024-11-19T19:52:20+00:00","dateModified":"2026-02-27T11:17:24+00:00","breadcrumb":{"@id":"https:\/\/independenttheater.hu\/en\/education-workshops-and-trainings\/#breadcrumb"},"inLanguage":"en-US","potentialAction":[{"@type":"ReadAction","target":["https:\/\/independenttheater.hu\/en\/education-workshops-and-trainings\/"]}]},{"@type":"ImageObject","inLanguage":"en-US","@id":"https:\/\/independenttheater.hu\/en\/education-workshops-and-trainings\/#primaryimage","url":"https:\/\/independenttheater.hu\/wp-content\/uploads\/2024\/11\/ERIAC4_color-1024x461.jpg","contentUrl":"https:\/\/independenttheater.hu\/wp-content\/uploads\/2024\/11\/ERIAC4_color-1024x461.jpg"},{"@type":"BreadcrumbList","@id":"https:\/\/independenttheater.hu\/en\/education-workshops-and-trainings\/#breadcrumb","itemListElement":[{"@type":"ListItem","position":1,"name":"Homepage","item":"https:\/\/independenttheater.hu\/en\/home\/"},{"@type":"ListItem","position":2,"name":"Education \/ Workshops and Training"}]},{"@type":"WebSite","@id":"https:\/\/independenttheater.hu\/#website","url":"https:\/\/independenttheater.hu\/","name":"Independent Theater Hungary","description":"A Magyarorsz\u00e1gi Roma Sz\u00ednh\u00e1z","publisher":{"@id":"https:\/\/independenttheater.hu\/#organization"},"potentialAction":[{"@type":"SearchAction","target":{"@type":"EntryPoint","urlTemplate":"https:\/\/independenttheater.hu\/?s={search_term_string}"},"query-input":{"@type":"PropertyValueSpecification","valueRequired":true,"valueName":"search_term_string"}}],"inLanguage":"en-US"},{"@type":"Organization","@id":"https:\/\/independenttheater.hu\/#organization","name":"Independent Theater Hungary","url":"https:\/\/independenttheater.hu\/","logo":{"@type":"ImageObject","inLanguage":"en-US","@id":"https:\/\/independenttheater.hu\/#\/schema\/logo\/image\/","url":"https:\/\/independenttheater.hu\/wp-content\/uploads\/2024\/03\/Independent_theater_logo_black.png","contentUrl":"https:\/\/independenttheater.hu\/wp-content\/uploads\/2024\/03\/Independent_theater_logo_black.png","width":1907,"height":560,"caption":"Independent Theater Hungary"},"image":{"@id":"https:\/\/independenttheater.hu\/#\/schema\/logo\/image\/"}}]}},"_links":{"self":[{"href":"https:\/\/independenttheater.hu\/en\/wp-json\/wp\/v2\/pages\/3157","targetHints":{"allow":["GET"]}}],"collection":[{"href":"https:\/\/independenttheater.hu\/en\/wp-json\/wp\/v2\/pages"}],"about":[{"href":"https:\/\/independenttheater.hu\/en\/wp-json\/wp\/v2\/types\/page"}],"author":[{"embeddable":true,"href":"https:\/\/independenttheater.hu\/en\/wp-json\/wp\/v2\/users\/1"}],"replies":[{"embeddable":true,"href":"https:\/\/independenttheater.hu\/en\/wp-json\/wp\/v2\/comments?post=3157"}],"version-history":[{"count":18,"href":"https:\/\/independenttheater.hu\/en\/wp-json\/wp\/v2\/pages\/3157\/revisions"}],"predecessor-version":[{"id":3605,"href":"https:\/\/independenttheater.hu\/en\/wp-json\/wp\/v2\/pages\/3157\/revisions\/3605"}],"wp:attachment":[{"href":"https:\/\/independenttheater.hu\/en\/wp-json\/wp\/v2\/media?parent=3157"}],"wp:term":[{"taxonomy":"category","embeddable":true,"href":"https:\/\/independenttheater.hu\/en\/wp-json\/wp\/v2\/categories?post=3157"},{"taxonomy":"post_tag","embeddable":true,"href":"https:\/\/independenttheater.hu\/en\/wp-json\/wp\/v2\/tags?post=3157"}],"curies":[{"name":"wp","href":"https:\/\/api.w.org\/{rel}","templated":true}]}}