{"id":3159,"date":"2024-10-02T13:35:59","date_gmt":"2024-10-02T11:35:59","guid":{"rendered":"https:\/\/independenttheater.hu\/action-theater-productions\/"},"modified":"2025-09-25T16:33:41","modified_gmt":"2025-09-25T14:33:41","slug":"action-theater-productions","status":"publish","type":"page","link":"https:\/\/independenttheater.hu\/en\/action-theater-productions\/","title":{"rendered":"Action Theater Productions"},"content":{"rendered":"<div id=\"cs-content\" class=\"cs-content\"><\/div>\n","protected":false},"excerpt":{"rendered":"<p>Action Theater Productions We Are &#8217;56! Kosovo mon amour Rik\u00e1rd\u00f3 Cooked Something Up Dog FightKutyaviadal Public Work Sacred Cows Expanded Spaces Trash Dreams \u2013 Earth Eaters Trash DreamsWe Are &#8217;56! Bemutat\u00f3: 2021. okt\u00f3ber 23.Contributors Writer-Producer: Balogh Rodrig\u00f3Dramaturg: Ill\u00e9s M\u00e1rtonDirector: Szegedi Tam\u00e1s Andr\u00e1sAssistant Director: Luk\u00e1cs K\u00e1lm\u00e1nActors: Farkas Ram\u00f3na, Nemcs\u00f3k N\u00f3ra, Varga Norbert, Varga D\u00e1vidExtras: Szegedi Szil\u00e1rd, Z\u00e1b\u00f3 Anna, Eszter Plak\u00e1t Sound &#8230; <a href=\"https:\/\/independenttheater.hu\/en\/action-theater-productions\/\" class=\"more-link\">Read More<\/a><\/p>\n","protected":false},"author":1,"featured_media":0,"parent":0,"menu_order":0,"comment_status":"closed","ping_status":"closed","template":"template-blank-4.php","meta":{"_crdt_document":"","pgc_sgb_lightbox_settings":"","footnotes":""},"categories":[],"tags":[],"class_list":["post-3159","page","type-page","status-publish","hentry","no-post-thumbnail"],"yoast_head":"<!-- This site is optimized with the Yoast SEO plugin v27.4 - https:\/\/yoast.com\/product\/yoast-seo-wordpress\/ -->\n<title>Action Theater Productions - Independent Theater Hungary<\/title>\n<meta name=\"robots\" content=\"index, follow, max-snippet:-1, max-image-preview:large, max-video-preview:-1\" \/>\n<link rel=\"canonical\" href=\"https:\/\/independenttheater.hu\/en\/action-theater-productions\/\" \/>\n<meta property=\"og:locale\" content=\"en_US\" \/>\n<meta property=\"og:type\" content=\"article\" \/>\n<meta property=\"og:title\" content=\"Action Theater Productions - Independent Theater Hungary\" \/>\n<meta property=\"og:description\" content=\"Action Theater Productions We Are &#039;56! Kosovo mon amour Rik\u00e1rd\u00f3 Cooked Something Up Dog FightKutyaviadal Public Work Sacred Cows Expanded Spaces Trash Dreams \u2013 Earth Eaters Trash DreamsWe Are &#039;56! Bemutat\u00f3: 2021. okt\u00f3ber 23.Contributors Writer-Producer: Balogh Rodrig\u00f3Dramaturg: Ill\u00e9s M\u00e1rtonDirector: Szegedi Tam\u00e1s Andr\u00e1sAssistant Director: Luk\u00e1cs K\u00e1lm\u00e1nActors: Farkas Ram\u00f3na, Nemcs\u00f3k N\u00f3ra, Varga Norbert, Varga D\u00e1vidExtras: Szegedi Szil\u00e1rd, Z\u00e1b\u00f3 Anna, Eszter Plak\u00e1t Sound ... Read More\" \/>\n<meta property=\"og:url\" content=\"https:\/\/independenttheater.hu\/en\/action-theater-productions\/\" \/>\n<meta property=\"og:site_name\" content=\"Independent Theater Hungary\" \/>\n<meta property=\"article:modified_time\" content=\"2025-09-25T14:33:41+00:00\" \/>\n<meta name=\"twitter:card\" content=\"summary_large_image\" \/>\n<meta name=\"twitter:label1\" content=\"Est. reading time\" \/>\n\t<meta name=\"twitter:data1\" content=\"30 minutes\" \/>\n<script type=\"application\/ld+json\" class=\"yoast-schema-graph\">{\"@context\":\"https:\\\/\\\/schema.org\",\"@graph\":[{\"@type\":\"WebPage\",\"@id\":\"https:\\\/\\\/independenttheater.hu\\\/en\\\/action-theater-productions\\\/\",\"url\":\"https:\\\/\\\/independenttheater.hu\\\/en\\\/action-theater-productions\\\/\",\"name\":\"Action Theater Productions - Independent Theater Hungary\",\"isPartOf\":{\"@id\":\"https:\\\/\\\/independenttheater.hu\\\/#website\"},\"datePublished\":\"2024-10-02T11:35:59+00:00\",\"dateModified\":\"2025-09-25T14:33:41+00:00\",\"breadcrumb\":{\"@id\":\"https:\\\/\\\/independenttheater.hu\\\/en\\\/action-theater-productions\\\/#breadcrumb\"},\"inLanguage\":\"en-US\",\"potentialAction\":[{\"@type\":\"ReadAction\",\"target\":[\"https:\\\/\\\/independenttheater.hu\\\/en\\\/action-theater-productions\\\/\"]}]},{\"@type\":\"BreadcrumbList\",\"@id\":\"https:\\\/\\\/independenttheater.hu\\\/en\\\/action-theater-productions\\\/#breadcrumb\",\"itemListElement\":[{\"@type\":\"ListItem\",\"position\":1,\"name\":\"Homepage\",\"item\":\"https:\\\/\\\/independenttheater.hu\\\/en\\\/home\\\/\"},{\"@type\":\"ListItem\",\"position\":2,\"name\":\"Action Theater Productions\"}]},{\"@type\":\"WebSite\",\"@id\":\"https:\\\/\\\/independenttheater.hu\\\/#website\",\"url\":\"https:\\\/\\\/independenttheater.hu\\\/\",\"name\":\"Independent Theater Hungary\",\"description\":\"A Magyarorsz\u00e1gi Roma Sz\u00ednh\u00e1z\",\"publisher\":{\"@id\":\"https:\\\/\\\/independenttheater.hu\\\/#organization\"},\"potentialAction\":[{\"@type\":\"SearchAction\",\"target\":{\"@type\":\"EntryPoint\",\"urlTemplate\":\"https:\\\/\\\/independenttheater.hu\\\/?s={search_term_string}\"},\"query-input\":{\"@type\":\"PropertyValueSpecification\",\"valueRequired\":true,\"valueName\":\"search_term_string\"}}],\"inLanguage\":\"en-US\"},{\"@type\":\"Organization\",\"@id\":\"https:\\\/\\\/independenttheater.hu\\\/#organization\",\"name\":\"Independent Theater Hungary\",\"url\":\"https:\\\/\\\/independenttheater.hu\\\/\",\"logo\":{\"@type\":\"ImageObject\",\"inLanguage\":\"en-US\",\"@id\":\"https:\\\/\\\/independenttheater.hu\\\/#\\\/schema\\\/logo\\\/image\\\/\",\"url\":\"https:\\\/\\\/independenttheater.hu\\\/wp-content\\\/uploads\\\/2024\\\/03\\\/Independent_theater_logo_black.png\",\"contentUrl\":\"https:\\\/\\\/independenttheater.hu\\\/wp-content\\\/uploads\\\/2024\\\/03\\\/Independent_theater_logo_black.png\",\"width\":1907,\"height\":560,\"caption\":\"Independent Theater Hungary\"},\"image\":{\"@id\":\"https:\\\/\\\/independenttheater.hu\\\/#\\\/schema\\\/logo\\\/image\\\/\"}}]}<\/script>\n<!-- \/ Yoast SEO plugin. -->","yoast_head_json":{"title":"Action Theater Productions - Independent Theater Hungary","robots":{"index":"index","follow":"follow","max-snippet":"max-snippet:-1","max-image-preview":"max-image-preview:large","max-video-preview":"max-video-preview:-1"},"canonical":"https:\/\/independenttheater.hu\/en\/action-theater-productions\/","og_locale":"en_US","og_type":"article","og_title":"Action Theater Productions - Independent Theater Hungary","og_description":"Action Theater Productions We Are '56! Kosovo mon amour Rik\u00e1rd\u00f3 Cooked Something Up Dog FightKutyaviadal Public Work Sacred Cows Expanded Spaces Trash Dreams \u2013 Earth Eaters Trash DreamsWe Are '56! Bemutat\u00f3: 2021. okt\u00f3ber 23.Contributors Writer-Producer: Balogh Rodrig\u00f3Dramaturg: Ill\u00e9s M\u00e1rtonDirector: Szegedi Tam\u00e1s Andr\u00e1sAssistant Director: Luk\u00e1cs K\u00e1lm\u00e1nActors: Farkas Ram\u00f3na, Nemcs\u00f3k N\u00f3ra, Varga Norbert, Varga D\u00e1vidExtras: Szegedi Szil\u00e1rd, Z\u00e1b\u00f3 Anna, Eszter Plak\u00e1t Sound ... Read More","og_url":"https:\/\/independenttheater.hu\/en\/action-theater-productions\/","og_site_name":"Independent Theater Hungary","article_modified_time":"2025-09-25T14:33:41+00:00","twitter_card":"summary_large_image","twitter_misc":{"Est. reading time":"30 minutes"},"schema":{"@context":"https:\/\/schema.org","@graph":[{"@type":"WebPage","@id":"https:\/\/independenttheater.hu\/en\/action-theater-productions\/","url":"https:\/\/independenttheater.hu\/en\/action-theater-productions\/","name":"Action Theater Productions - Independent Theater Hungary","isPartOf":{"@id":"https:\/\/independenttheater.hu\/#website"},"datePublished":"2024-10-02T11:35:59+00:00","dateModified":"2025-09-25T14:33:41+00:00","breadcrumb":{"@id":"https:\/\/independenttheater.hu\/en\/action-theater-productions\/#breadcrumb"},"inLanguage":"en-US","potentialAction":[{"@type":"ReadAction","target":["https:\/\/independenttheater.hu\/en\/action-theater-productions\/"]}]},{"@type":"BreadcrumbList","@id":"https:\/\/independenttheater.hu\/en\/action-theater-productions\/#breadcrumb","itemListElement":[{"@type":"ListItem","position":1,"name":"Homepage","item":"https:\/\/independenttheater.hu\/en\/home\/"},{"@type":"ListItem","position":2,"name":"Action Theater Productions"}]},{"@type":"WebSite","@id":"https:\/\/independenttheater.hu\/#website","url":"https:\/\/independenttheater.hu\/","name":"Independent Theater Hungary","description":"A Magyarorsz\u00e1gi Roma Sz\u00ednh\u00e1z","publisher":{"@id":"https:\/\/independenttheater.hu\/#organization"},"potentialAction":[{"@type":"SearchAction","target":{"@type":"EntryPoint","urlTemplate":"https:\/\/independenttheater.hu\/?s={search_term_string}"},"query-input":{"@type":"PropertyValueSpecification","valueRequired":true,"valueName":"search_term_string"}}],"inLanguage":"en-US"},{"@type":"Organization","@id":"https:\/\/independenttheater.hu\/#organization","name":"Independent Theater Hungary","url":"https:\/\/independenttheater.hu\/","logo":{"@type":"ImageObject","inLanguage":"en-US","@id":"https:\/\/independenttheater.hu\/#\/schema\/logo\/image\/","url":"https:\/\/independenttheater.hu\/wp-content\/uploads\/2024\/03\/Independent_theater_logo_black.png","contentUrl":"https:\/\/independenttheater.hu\/wp-content\/uploads\/2024\/03\/Independent_theater_logo_black.png","width":1907,"height":560,"caption":"Independent Theater Hungary"},"image":{"@id":"https:\/\/independenttheater.hu\/#\/schema\/logo\/image\/"}}]}},"_links":{"self":[{"href":"https:\/\/independenttheater.hu\/en\/wp-json\/wp\/v2\/pages\/3159","targetHints":{"allow":["GET"]}}],"collection":[{"href":"https:\/\/independenttheater.hu\/en\/wp-json\/wp\/v2\/pages"}],"about":[{"href":"https:\/\/independenttheater.hu\/en\/wp-json\/wp\/v2\/types\/page"}],"author":[{"embeddable":true,"href":"https:\/\/independenttheater.hu\/en\/wp-json\/wp\/v2\/users\/1"}],"replies":[{"embeddable":true,"href":"https:\/\/independenttheater.hu\/en\/wp-json\/wp\/v2\/comments?post=3159"}],"version-history":[{"count":3,"href":"https:\/\/independenttheater.hu\/en\/wp-json\/wp\/v2\/pages\/3159\/revisions"}],"predecessor-version":[{"id":3267,"href":"https:\/\/independenttheater.hu\/en\/wp-json\/wp\/v2\/pages\/3159\/revisions\/3267"}],"wp:attachment":[{"href":"https:\/\/independenttheater.hu\/en\/wp-json\/wp\/v2\/media?parent=3159"}],"wp:term":[{"taxonomy":"category","embeddable":true,"href":"https:\/\/independenttheater.hu\/en\/wp-json\/wp\/v2\/categories?post=3159"},{"taxonomy":"post_tag","embeddable":true,"href":"https:\/\/independenttheater.hu\/en\/wp-json\/wp\/v2\/tags?post=3159"}],"curies":[{"name":"wp","href":"https:\/\/api.w.org\/{rel}","templated":true}]}}