{"id":3216,"date":"2024-05-29T16:42:12","date_gmt":"2024-05-29T14:42:12","guid":{"rendered":"https:\/\/independenttheater.hu\/roma-heroes-festival\/6th-roma-heroes-international-theater-festival\/"},"modified":"2025-09-16T14:40:58","modified_gmt":"2025-09-16T12:40:58","slug":"6th-roma-heroes-international-theater-festival","status":"publish","type":"page","link":"https:\/\/independenttheater.hu\/en\/roma-heroes-festival\/6th-roma-heroes-international-theater-festival\/","title":{"rendered":"6th Roma Heroes International Theater Festival"},"content":{"rendered":"<div id=\"cs-content\" class=\"cs-content\"><\/div>\n","protected":false},"excerpt":{"rendered":"<p>\u00bb\u00bb\u00bb Roma H\u0151s\u00f6k Fesztiv\u00e1lokRoma Heroes 2023 &#8211; Gener\u00e1ci\u00f3k\u00ab 20222025 \u00bbPerformances 2023LINDY LARSSON &#038; THE BONBON BAND (SV\u00c9DORSZ\u00c1G) &#8220;Sv\u00e9dorsz\u00e1g s\u00f6t\u00e9t arca&#8221;F\u00fcggetlen Sz\u00ednh\u00e1z (Magyarorsz\u00e1g) Rotting BirdsF\u00fcggetlen Sz\u00ednh\u00e1z (Magyarorsz\u00e1g) Builders of a CountryGIUVLIPEN THEATRE COMPANY (ROM\u00c1NIA) Viral on TiktokRAMPA PRENESTINA (OLASZORSZ\u00c1G) RomniaSZ\u00cdVHANGOK T\u00c1RSULAT (MAGYARORSZ\u00c1G) Great Expectations6th Roma Heroes International Theater Festival The untold stories of so many generations imperceptibly determine the fate of &#8230; <a href=\"https:\/\/independenttheater.hu\/en\/roma-heroes-festival\/6th-roma-heroes-international-theater-festival\/\" class=\"more-link\">Read More<\/a><\/p>\n","protected":false},"author":1,"featured_media":0,"parent":2592,"menu_order":0,"comment_status":"closed","ping_status":"closed","template":"template-blank-4.php","meta":{"_crdt_document":"","pgc_sgb_lightbox_settings":"","footnotes":""},"categories":[57],"tags":[],"class_list":["post-3216","page","type-page","status-publish","hentry","category-roma-heroes-festival-en","no-post-thumbnail"],"yoast_head":"<!-- This site is optimized with the Yoast SEO plugin v27.4 - https:\/\/yoast.com\/product\/yoast-seo-wordpress\/ -->\n<title>6th Roma Heroes International Theater Festival - Independent Theater Hungary<\/title>\n<meta name=\"robots\" content=\"index, follow, max-snippet:-1, max-image-preview:large, max-video-preview:-1\" \/>\n<link rel=\"canonical\" href=\"https:\/\/independenttheater.hu\/en\/roma-heroes-festival\/6th-roma-heroes-international-theater-festival\/\" \/>\n<meta property=\"og:locale\" content=\"en_US\" \/>\n<meta property=\"og:type\" content=\"article\" \/>\n<meta property=\"og:title\" content=\"6th Roma Heroes International Theater Festival - Independent Theater Hungary\" \/>\n<meta property=\"og:description\" content=\"\u00bb\u00bb\u00bb Roma H\u0151s\u00f6k Fesztiv\u00e1lokRoma Heroes 2023 - Gener\u00e1ci\u00f3k\u00ab 20222025 \u00bbPerformances 2023LINDY LARSSON &amp; THE BONBON BAND (SV\u00c9DORSZ\u00c1G) &quot;Sv\u00e9dorsz\u00e1g s\u00f6t\u00e9t arca&quot;F\u00fcggetlen Sz\u00ednh\u00e1z (Magyarorsz\u00e1g) Rotting BirdsF\u00fcggetlen Sz\u00ednh\u00e1z (Magyarorsz\u00e1g) Builders of a CountryGIUVLIPEN THEATRE COMPANY (ROM\u00c1NIA) Viral on TiktokRAMPA PRENESTINA (OLASZORSZ\u00c1G) RomniaSZ\u00cdVHANGOK T\u00c1RSULAT (MAGYARORSZ\u00c1G) Great Expectations6th Roma Heroes International Theater Festival The untold stories of so many generations imperceptibly determine the fate of ... Read More\" \/>\n<meta property=\"og:url\" content=\"https:\/\/independenttheater.hu\/en\/roma-heroes-festival\/6th-roma-heroes-international-theater-festival\/\" \/>\n<meta property=\"og:site_name\" content=\"Independent Theater Hungary\" \/>\n<meta property=\"article:modified_time\" content=\"2025-09-16T12:40:58+00:00\" \/>\n<meta name=\"twitter:card\" content=\"summary_large_image\" \/>\n<meta name=\"twitter:label1\" content=\"Est. reading time\" \/>\n\t<meta name=\"twitter:data1\" content=\"22 minutes\" \/>\n<script type=\"application\/ld+json\" class=\"yoast-schema-graph\">{\"@context\":\"https:\\\/\\\/schema.org\",\"@graph\":[{\"@type\":\"WebPage\",\"@id\":\"https:\\\/\\\/independenttheater.hu\\\/en\\\/roma-heroes-festival\\\/6th-roma-heroes-international-theater-festival\\\/\",\"url\":\"https:\\\/\\\/independenttheater.hu\\\/en\\\/roma-heroes-festival\\\/6th-roma-heroes-international-theater-festival\\\/\",\"name\":\"6th Roma Heroes International Theater Festival - Independent Theater Hungary\",\"isPartOf\":{\"@id\":\"https:\\\/\\\/independenttheater.hu\\\/#website\"},\"datePublished\":\"2024-05-29T14:42:12+00:00\",\"dateModified\":\"2025-09-16T12:40:58+00:00\",\"breadcrumb\":{\"@id\":\"https:\\\/\\\/independenttheater.hu\\\/en\\\/roma-heroes-festival\\\/6th-roma-heroes-international-theater-festival\\\/#breadcrumb\"},\"inLanguage\":\"en-US\",\"potentialAction\":[{\"@type\":\"ReadAction\",\"target\":[\"https:\\\/\\\/independenttheater.hu\\\/en\\\/roma-heroes-festival\\\/6th-roma-heroes-international-theater-festival\\\/\"]}]},{\"@type\":\"BreadcrumbList\",\"@id\":\"https:\\\/\\\/independenttheater.hu\\\/en\\\/roma-heroes-festival\\\/6th-roma-heroes-international-theater-festival\\\/#breadcrumb\",\"itemListElement\":[{\"@type\":\"ListItem\",\"position\":1,\"name\":\"Homepage\",\"item\":\"https:\\\/\\\/independenttheater.hu\\\/en\\\/home\\\/\"},{\"@type\":\"ListItem\",\"position\":2,\"name\":\"Roma Heroes Festival\",\"item\":\"https:\\\/\\\/independenttheater.hu\\\/en\\\/roma-heroes-festival\\\/\"},{\"@type\":\"ListItem\",\"position\":3,\"name\":\"6th Roma Heroes International Theater Festival\"}]},{\"@type\":\"WebSite\",\"@id\":\"https:\\\/\\\/independenttheater.hu\\\/#website\",\"url\":\"https:\\\/\\\/independenttheater.hu\\\/\",\"name\":\"Independent Theater Hungary\",\"description\":\"A Magyarorsz\u00e1gi Roma Sz\u00ednh\u00e1z\",\"publisher\":{\"@id\":\"https:\\\/\\\/independenttheater.hu\\\/#organization\"},\"potentialAction\":[{\"@type\":\"SearchAction\",\"target\":{\"@type\":\"EntryPoint\",\"urlTemplate\":\"https:\\\/\\\/independenttheater.hu\\\/?s={search_term_string}\"},\"query-input\":{\"@type\":\"PropertyValueSpecification\",\"valueRequired\":true,\"valueName\":\"search_term_string\"}}],\"inLanguage\":\"en-US\"},{\"@type\":\"Organization\",\"@id\":\"https:\\\/\\\/independenttheater.hu\\\/#organization\",\"name\":\"Independent Theater Hungary\",\"url\":\"https:\\\/\\\/independenttheater.hu\\\/\",\"logo\":{\"@type\":\"ImageObject\",\"inLanguage\":\"en-US\",\"@id\":\"https:\\\/\\\/independenttheater.hu\\\/#\\\/schema\\\/logo\\\/image\\\/\",\"url\":\"https:\\\/\\\/independenttheater.hu\\\/wp-content\\\/uploads\\\/2024\\\/03\\\/Independent_theater_logo_black.png\",\"contentUrl\":\"https:\\\/\\\/independenttheater.hu\\\/wp-content\\\/uploads\\\/2024\\\/03\\\/Independent_theater_logo_black.png\",\"width\":1907,\"height\":560,\"caption\":\"Independent Theater Hungary\"},\"image\":{\"@id\":\"https:\\\/\\\/independenttheater.hu\\\/#\\\/schema\\\/logo\\\/image\\\/\"}}]}<\/script>\n<!-- \/ Yoast SEO plugin. -->","yoast_head_json":{"title":"6th Roma Heroes International Theater Festival - Independent Theater Hungary","robots":{"index":"index","follow":"follow","max-snippet":"max-snippet:-1","max-image-preview":"max-image-preview:large","max-video-preview":"max-video-preview:-1"},"canonical":"https:\/\/independenttheater.hu\/en\/roma-heroes-festival\/6th-roma-heroes-international-theater-festival\/","og_locale":"en_US","og_type":"article","og_title":"6th Roma Heroes International Theater Festival - Independent Theater Hungary","og_description":"\u00bb\u00bb\u00bb Roma H\u0151s\u00f6k Fesztiv\u00e1lokRoma Heroes 2023 - Gener\u00e1ci\u00f3k\u00ab 20222025 \u00bbPerformances 2023LINDY LARSSON & THE BONBON BAND (SV\u00c9DORSZ\u00c1G) \"Sv\u00e9dorsz\u00e1g s\u00f6t\u00e9t arca\"F\u00fcggetlen Sz\u00ednh\u00e1z (Magyarorsz\u00e1g) Rotting BirdsF\u00fcggetlen Sz\u00ednh\u00e1z (Magyarorsz\u00e1g) Builders of a CountryGIUVLIPEN THEATRE COMPANY (ROM\u00c1NIA) Viral on TiktokRAMPA PRENESTINA (OLASZORSZ\u00c1G) RomniaSZ\u00cdVHANGOK T\u00c1RSULAT (MAGYARORSZ\u00c1G) Great Expectations6th Roma Heroes International Theater Festival The untold stories of so many generations imperceptibly determine the fate of ... Read More","og_url":"https:\/\/independenttheater.hu\/en\/roma-heroes-festival\/6th-roma-heroes-international-theater-festival\/","og_site_name":"Independent Theater Hungary","article_modified_time":"2025-09-16T12:40:58+00:00","twitter_card":"summary_large_image","twitter_misc":{"Est. reading time":"22 minutes"},"schema":{"@context":"https:\/\/schema.org","@graph":[{"@type":"WebPage","@id":"https:\/\/independenttheater.hu\/en\/roma-heroes-festival\/6th-roma-heroes-international-theater-festival\/","url":"https:\/\/independenttheater.hu\/en\/roma-heroes-festival\/6th-roma-heroes-international-theater-festival\/","name":"6th Roma Heroes International Theater Festival - Independent Theater Hungary","isPartOf":{"@id":"https:\/\/independenttheater.hu\/#website"},"datePublished":"2024-05-29T14:42:12+00:00","dateModified":"2025-09-16T12:40:58+00:00","breadcrumb":{"@id":"https:\/\/independenttheater.hu\/en\/roma-heroes-festival\/6th-roma-heroes-international-theater-festival\/#breadcrumb"},"inLanguage":"en-US","potentialAction":[{"@type":"ReadAction","target":["https:\/\/independenttheater.hu\/en\/roma-heroes-festival\/6th-roma-heroes-international-theater-festival\/"]}]},{"@type":"BreadcrumbList","@id":"https:\/\/independenttheater.hu\/en\/roma-heroes-festival\/6th-roma-heroes-international-theater-festival\/#breadcrumb","itemListElement":[{"@type":"ListItem","position":1,"name":"Homepage","item":"https:\/\/independenttheater.hu\/en\/home\/"},{"@type":"ListItem","position":2,"name":"Roma Heroes Festival","item":"https:\/\/independenttheater.hu\/en\/roma-heroes-festival\/"},{"@type":"ListItem","position":3,"name":"6th Roma Heroes International Theater Festival"}]},{"@type":"WebSite","@id":"https:\/\/independenttheater.hu\/#website","url":"https:\/\/independenttheater.hu\/","name":"Independent Theater Hungary","description":"A Magyarorsz\u00e1gi Roma Sz\u00ednh\u00e1z","publisher":{"@id":"https:\/\/independenttheater.hu\/#organization"},"potentialAction":[{"@type":"SearchAction","target":{"@type":"EntryPoint","urlTemplate":"https:\/\/independenttheater.hu\/?s={search_term_string}"},"query-input":{"@type":"PropertyValueSpecification","valueRequired":true,"valueName":"search_term_string"}}],"inLanguage":"en-US"},{"@type":"Organization","@id":"https:\/\/independenttheater.hu\/#organization","name":"Independent Theater Hungary","url":"https:\/\/independenttheater.hu\/","logo":{"@type":"ImageObject","inLanguage":"en-US","@id":"https:\/\/independenttheater.hu\/#\/schema\/logo\/image\/","url":"https:\/\/independenttheater.hu\/wp-content\/uploads\/2024\/03\/Independent_theater_logo_black.png","contentUrl":"https:\/\/independenttheater.hu\/wp-content\/uploads\/2024\/03\/Independent_theater_logo_black.png","width":1907,"height":560,"caption":"Independent Theater Hungary"},"image":{"@id":"https:\/\/independenttheater.hu\/#\/schema\/logo\/image\/"}}]}},"_links":{"self":[{"href":"https:\/\/independenttheater.hu\/en\/wp-json\/wp\/v2\/pages\/3216","targetHints":{"allow":["GET"]}}],"collection":[{"href":"https:\/\/independenttheater.hu\/en\/wp-json\/wp\/v2\/pages"}],"about":[{"href":"https:\/\/independenttheater.hu\/en\/wp-json\/wp\/v2\/types\/page"}],"author":[{"embeddable":true,"href":"https:\/\/independenttheater.hu\/en\/wp-json\/wp\/v2\/users\/1"}],"replies":[{"embeddable":true,"href":"https:\/\/independenttheater.hu\/en\/wp-json\/wp\/v2\/comments?post=3216"}],"version-history":[{"count":1,"href":"https:\/\/independenttheater.hu\/en\/wp-json\/wp\/v2\/pages\/3216\/revisions"}],"predecessor-version":[{"id":3217,"href":"https:\/\/independenttheater.hu\/en\/wp-json\/wp\/v2\/pages\/3216\/revisions\/3217"}],"up":[{"embeddable":true,"href":"https:\/\/independenttheater.hu\/en\/wp-json\/wp\/v2\/pages\/2592"}],"wp:attachment":[{"href":"https:\/\/independenttheater.hu\/en\/wp-json\/wp\/v2\/media?parent=3216"}],"wp:term":[{"taxonomy":"category","embeddable":true,"href":"https:\/\/independenttheater.hu\/en\/wp-json\/wp\/v2\/categories?post=3216"},{"taxonomy":"post_tag","embeddable":true,"href":"https:\/\/independenttheater.hu\/en\/wp-json\/wp\/v2\/tags?post=3216"}],"curies":[{"name":"wp","href":"https:\/\/api.w.org\/{rel}","templated":true}]}}