{"id":3535,"date":"2026-02-24T15:59:18","date_gmt":"2026-02-24T14:59:18","guid":{"rendered":"https:\/\/independenttheater.hu\/?page_id=3535"},"modified":"2026-02-24T16:00:55","modified_gmt":"2026-02-24T15:00:55","slug":"rosszarc","status":"publish","type":"page","link":"https:\/\/independenttheater.hu\/en\/rosszarc\/","title":{"rendered":"Rosszarc"},"content":{"rendered":"<div id=\"cs-content\" class=\"cs-content\"><\/div>\n","protected":false},"excerpt":{"rendered":"<p>Stand up \u00e9s monodr\u00e1ma hat\u00e1r\u00e1n mozg\u00f3 el\u0151ad\u00e1s: egy sz\u00edn\u00e9sz sz\u00edn\u00e9szleck\u00e9ket ad egy karakter fel\u00e9p\u00edt\u00e9s\u00e9hez, mik\u00f6zben r\u00e1j\u00f6n, hogy minden lecke r\u00f3la sz\u00f3l. Minden szerep m\u00f6g\u00f6tt ugyanaz a k\u00e9rd\u00e9s \u00e1ll: lehet-e \u00f6nmagunknak l\u00e1tni magunkat, ha a vil\u00e1g mindig m\u00e1snak l\u00e1t.\u00bb\u00bb\u00bb Aktu\u00e1lis el\u0151ad\u00e1sok RosszarcA Traf&oacute; &eacute;s a F&uuml;ggetlen Sz&iacute;nh&aacute;z Magyarorsz&aacute;g egy&uuml;ttm\u0171k&ouml;d&eacute;s&eacute;ben ki&iacute;rt Stand Up Roma p&aacute;ly&aacute;zati felh&iacute;v&aacute;s nyertes projektje.El\u0151ad\u00e1s id\u0151pontok Egyel\u0151re nincsenek k\u00f6zelg\u0151 &#8230; <a href=\"https:\/\/independenttheater.hu\/en\/rosszarc\/\" class=\"more-link\">Read More<\/a><\/p>\n","protected":false},"author":2,"featured_media":0,"parent":0,"menu_order":0,"comment_status":"closed","ping_status":"closed","template":"template-blank-4.php","meta":{"_crdt_document":"","pgc_sgb_lightbox_settings":"","footnotes":""},"categories":[],"tags":[],"class_list":["post-3535","page","type-page","status-publish","hentry","no-post-thumbnail"],"yoast_head":"<!-- This site is optimized with the Yoast SEO plugin v27.4 - https:\/\/yoast.com\/product\/yoast-seo-wordpress\/ -->\n<title>Rosszarc - Independent Theater Hungary<\/title>\n<meta name=\"robots\" content=\"index, follow, max-snippet:-1, max-image-preview:large, max-video-preview:-1\" \/>\n<link rel=\"canonical\" href=\"https:\/\/independenttheater.hu\/en\/rosszarc\/\" \/>\n<meta property=\"og:locale\" content=\"en_US\" \/>\n<meta property=\"og:type\" content=\"article\" \/>\n<meta property=\"og:title\" content=\"Rosszarc - Independent Theater Hungary\" \/>\n<meta property=\"og:description\" content=\"Stand up \u00e9s monodr\u00e1ma hat\u00e1r\u00e1n mozg\u00f3 el\u0151ad\u00e1s: egy sz\u00edn\u00e9sz sz\u00edn\u00e9szleck\u00e9ket ad egy karakter fel\u00e9p\u00edt\u00e9s\u00e9hez, mik\u00f6zben r\u00e1j\u00f6n, hogy minden lecke r\u00f3la sz\u00f3l. Minden szerep m\u00f6g\u00f6tt ugyanaz a k\u00e9rd\u00e9s \u00e1ll: lehet-e \u00f6nmagunknak l\u00e1tni magunkat, ha a vil\u00e1g mindig m\u00e1snak l\u00e1t.\u00bb\u00bb\u00bb Aktu\u00e1lis el\u0151ad\u00e1sok RosszarcA Traf&oacute; &eacute;s a F&uuml;ggetlen Sz&iacute;nh&aacute;z Magyarorsz&aacute;g egy&uuml;ttm\u0171k&ouml;d&eacute;s&eacute;ben ki&iacute;rt Stand Up Roma p&aacute;ly&aacute;zati felh&iacute;v&aacute;s nyertes projektje.El\u0151ad\u00e1s id\u0151pontok Egyel\u0151re nincsenek k\u00f6zelg\u0151 ... Read More\" \/>\n<meta property=\"og:url\" content=\"https:\/\/independenttheater.hu\/en\/rosszarc\/\" \/>\n<meta property=\"og:site_name\" content=\"Independent Theater Hungary\" \/>\n<meta property=\"article:modified_time\" content=\"2026-02-24T15:00:55+00:00\" \/>\n<meta name=\"twitter:card\" content=\"summary_large_image\" \/>\n<meta name=\"twitter:label1\" content=\"Est. reading time\" \/>\n\t<meta name=\"twitter:data1\" content=\"8 minutes\" \/>\n<script type=\"application\/ld+json\" class=\"yoast-schema-graph\">{\"@context\":\"https:\\\/\\\/schema.org\",\"@graph\":[{\"@type\":\"WebPage\",\"@id\":\"https:\\\/\\\/independenttheater.hu\\\/en\\\/rosszarc\\\/\",\"url\":\"https:\\\/\\\/independenttheater.hu\\\/en\\\/rosszarc\\\/\",\"name\":\"Rosszarc - Independent Theater Hungary\",\"isPartOf\":{\"@id\":\"https:\\\/\\\/independenttheater.hu\\\/#website\"},\"datePublished\":\"2026-02-24T14:59:18+00:00\",\"dateModified\":\"2026-02-24T15:00:55+00:00\",\"breadcrumb\":{\"@id\":\"https:\\\/\\\/independenttheater.hu\\\/en\\\/rosszarc\\\/#breadcrumb\"},\"inLanguage\":\"en-US\",\"potentialAction\":[{\"@type\":\"ReadAction\",\"target\":[\"https:\\\/\\\/independenttheater.hu\\\/en\\\/rosszarc\\\/\"]}]},{\"@type\":\"BreadcrumbList\",\"@id\":\"https:\\\/\\\/independenttheater.hu\\\/en\\\/rosszarc\\\/#breadcrumb\",\"itemListElement\":[{\"@type\":\"ListItem\",\"position\":1,\"name\":\"Homepage\",\"item\":\"https:\\\/\\\/independenttheater.hu\\\/en\\\/home\\\/\"},{\"@type\":\"ListItem\",\"position\":2,\"name\":\"Rosszarc\"}]},{\"@type\":\"WebSite\",\"@id\":\"https:\\\/\\\/independenttheater.hu\\\/#website\",\"url\":\"https:\\\/\\\/independenttheater.hu\\\/\",\"name\":\"Independent Theater Hungary\",\"description\":\"A Magyarorsz\u00e1gi Roma Sz\u00ednh\u00e1z\",\"publisher\":{\"@id\":\"https:\\\/\\\/independenttheater.hu\\\/#organization\"},\"potentialAction\":[{\"@type\":\"SearchAction\",\"target\":{\"@type\":\"EntryPoint\",\"urlTemplate\":\"https:\\\/\\\/independenttheater.hu\\\/?s={search_term_string}\"},\"query-input\":{\"@type\":\"PropertyValueSpecification\",\"valueRequired\":true,\"valueName\":\"search_term_string\"}}],\"inLanguage\":\"en-US\"},{\"@type\":\"Organization\",\"@id\":\"https:\\\/\\\/independenttheater.hu\\\/#organization\",\"name\":\"Independent Theater Hungary\",\"url\":\"https:\\\/\\\/independenttheater.hu\\\/\",\"logo\":{\"@type\":\"ImageObject\",\"inLanguage\":\"en-US\",\"@id\":\"https:\\\/\\\/independenttheater.hu\\\/#\\\/schema\\\/logo\\\/image\\\/\",\"url\":\"https:\\\/\\\/independenttheater.hu\\\/wp-content\\\/uploads\\\/2024\\\/03\\\/Independent_theater_logo_black.png\",\"contentUrl\":\"https:\\\/\\\/independenttheater.hu\\\/wp-content\\\/uploads\\\/2024\\\/03\\\/Independent_theater_logo_black.png\",\"width\":1907,\"height\":560,\"caption\":\"Independent Theater Hungary\"},\"image\":{\"@id\":\"https:\\\/\\\/independenttheater.hu\\\/#\\\/schema\\\/logo\\\/image\\\/\"}}]}<\/script>\n<!-- \/ Yoast SEO plugin. -->","yoast_head_json":{"title":"Rosszarc - Independent Theater Hungary","robots":{"index":"index","follow":"follow","max-snippet":"max-snippet:-1","max-image-preview":"max-image-preview:large","max-video-preview":"max-video-preview:-1"},"canonical":"https:\/\/independenttheater.hu\/en\/rosszarc\/","og_locale":"en_US","og_type":"article","og_title":"Rosszarc - Independent Theater Hungary","og_description":"Stand up \u00e9s monodr\u00e1ma hat\u00e1r\u00e1n mozg\u00f3 el\u0151ad\u00e1s: egy sz\u00edn\u00e9sz sz\u00edn\u00e9szleck\u00e9ket ad egy karakter fel\u00e9p\u00edt\u00e9s\u00e9hez, mik\u00f6zben r\u00e1j\u00f6n, hogy minden lecke r\u00f3la sz\u00f3l. Minden szerep m\u00f6g\u00f6tt ugyanaz a k\u00e9rd\u00e9s \u00e1ll: lehet-e \u00f6nmagunknak l\u00e1tni magunkat, ha a vil\u00e1g mindig m\u00e1snak l\u00e1t.\u00bb\u00bb\u00bb Aktu\u00e1lis el\u0151ad\u00e1sok RosszarcA Traf&oacute; &eacute;s a F&uuml;ggetlen Sz&iacute;nh&aacute;z Magyarorsz&aacute;g egy&uuml;ttm\u0171k&ouml;d&eacute;s&eacute;ben ki&iacute;rt Stand Up Roma p&aacute;ly&aacute;zati felh&iacute;v&aacute;s nyertes projektje.El\u0151ad\u00e1s id\u0151pontok Egyel\u0151re nincsenek k\u00f6zelg\u0151 ... Read More","og_url":"https:\/\/independenttheater.hu\/en\/rosszarc\/","og_site_name":"Independent Theater Hungary","article_modified_time":"2026-02-24T15:00:55+00:00","twitter_card":"summary_large_image","twitter_misc":{"Est. reading time":"8 minutes"},"schema":{"@context":"https:\/\/schema.org","@graph":[{"@type":"WebPage","@id":"https:\/\/independenttheater.hu\/en\/rosszarc\/","url":"https:\/\/independenttheater.hu\/en\/rosszarc\/","name":"Rosszarc - Independent Theater Hungary","isPartOf":{"@id":"https:\/\/independenttheater.hu\/#website"},"datePublished":"2026-02-24T14:59:18+00:00","dateModified":"2026-02-24T15:00:55+00:00","breadcrumb":{"@id":"https:\/\/independenttheater.hu\/en\/rosszarc\/#breadcrumb"},"inLanguage":"en-US","potentialAction":[{"@type":"ReadAction","target":["https:\/\/independenttheater.hu\/en\/rosszarc\/"]}]},{"@type":"BreadcrumbList","@id":"https:\/\/independenttheater.hu\/en\/rosszarc\/#breadcrumb","itemListElement":[{"@type":"ListItem","position":1,"name":"Homepage","item":"https:\/\/independenttheater.hu\/en\/home\/"},{"@type":"ListItem","position":2,"name":"Rosszarc"}]},{"@type":"WebSite","@id":"https:\/\/independenttheater.hu\/#website","url":"https:\/\/independenttheater.hu\/","name":"Independent Theater Hungary","description":"A Magyarorsz\u00e1gi Roma Sz\u00ednh\u00e1z","publisher":{"@id":"https:\/\/independenttheater.hu\/#organization"},"potentialAction":[{"@type":"SearchAction","target":{"@type":"EntryPoint","urlTemplate":"https:\/\/independenttheater.hu\/?s={search_term_string}"},"query-input":{"@type":"PropertyValueSpecification","valueRequired":true,"valueName":"search_term_string"}}],"inLanguage":"en-US"},{"@type":"Organization","@id":"https:\/\/independenttheater.hu\/#organization","name":"Independent Theater Hungary","url":"https:\/\/independenttheater.hu\/","logo":{"@type":"ImageObject","inLanguage":"en-US","@id":"https:\/\/independenttheater.hu\/#\/schema\/logo\/image\/","url":"https:\/\/independenttheater.hu\/wp-content\/uploads\/2024\/03\/Independent_theater_logo_black.png","contentUrl":"https:\/\/independenttheater.hu\/wp-content\/uploads\/2024\/03\/Independent_theater_logo_black.png","width":1907,"height":560,"caption":"Independent Theater Hungary"},"image":{"@id":"https:\/\/independenttheater.hu\/#\/schema\/logo\/image\/"}}]}},"_links":{"self":[{"href":"https:\/\/independenttheater.hu\/en\/wp-json\/wp\/v2\/pages\/3535","targetHints":{"allow":["GET"]}}],"collection":[{"href":"https:\/\/independenttheater.hu\/en\/wp-json\/wp\/v2\/pages"}],"about":[{"href":"https:\/\/independenttheater.hu\/en\/wp-json\/wp\/v2\/types\/page"}],"author":[{"embeddable":true,"href":"https:\/\/independenttheater.hu\/en\/wp-json\/wp\/v2\/users\/2"}],"replies":[{"embeddable":true,"href":"https:\/\/independenttheater.hu\/en\/wp-json\/wp\/v2\/comments?post=3535"}],"version-history":[{"count":5,"href":"https:\/\/independenttheater.hu\/en\/wp-json\/wp\/v2\/pages\/3535\/revisions"}],"predecessor-version":[{"id":3540,"href":"https:\/\/independenttheater.hu\/en\/wp-json\/wp\/v2\/pages\/3535\/revisions\/3540"}],"wp:attachment":[{"href":"https:\/\/independenttheater.hu\/en\/wp-json\/wp\/v2\/media?parent=3535"}],"wp:term":[{"taxonomy":"category","embeddable":true,"href":"https:\/\/independenttheater.hu\/en\/wp-json\/wp\/v2\/categories?post=3535"},{"taxonomy":"post_tag","embeddable":true,"href":"https:\/\/independenttheater.hu\/en\/wp-json\/wp\/v2\/tags?post=3535"}],"curies":[{"name":"wp","href":"https:\/\/api.w.org\/{rel}","templated":true}]}}