{"id":3650,"date":"2026-02-24T16:26:45","date_gmt":"2026-02-24T15:26:45","guid":{"rendered":"https:\/\/independenttheater.hu\/current-plays\/gypsy-but-cool\/"},"modified":"2026-03-04T20:02:15","modified_gmt":"2026-03-04T19:02:15","slug":"gypsy-but-cool","status":"publish","type":"page","link":"https:\/\/independenttheater.hu\/en\/current-plays\/gypsy-but-cool\/","title":{"rendered":"Gypsy, but cool"},"content":{"rendered":"<div id=\"cs-content\" class=\"cs-content\"><\/div>\n","protected":false},"excerpt":{"rendered":"<p>Rudolf Forg\u00e1cs is a young half-Roma, half-Sz\u00e9kely comedian from Transylvania who recently graduated from the Cluj-Napoca Academy of Music. He is joined by D\u00e1niel Said, a half-Hungarian, half-Syrian comedian, a recurring performer at Showder Klub and Dumasz\u00ednh\u00e1z, who has lived his entire life in the 8th district. \u00bb\u00bb\u00bb Aktu\u00e1lis el\u0151ad\u00e1sok Gypsy, but coolThe winning project of the Stand Up Roma &#8230; <a href=\"https:\/\/independenttheater.hu\/en\/events\/rudolf-forgacs-gypsy-but-cool-the-winning-project-of-the-stand-up-roma-call-for-proposals-launched-in-collaboration-with-trafo-and-the-independent-theatre-hungary\/\" class=\"more-link\">Read More<\/a><\/p>\n","protected":false},"author":2,"featured_media":3649,"parent":2640,"menu_order":0,"comment_status":"closed","ping_status":"closed","template":"template-blank-4.php","meta":{"_crdt_document":"","pgc_sgb_lightbox_settings":"","footnotes":""},"categories":[54],"tags":[],"class_list":["post-3650","page","type-page","status-publish","has-post-thumbnail","hentry","category-current-plays","cat_current-play","cat_play","cat_rudolf-forgacs-gypsy-but-cool"],"yoast_head":"<!-- This site is optimized with the Yoast SEO plugin v27.4 - https:\/\/yoast.com\/product\/yoast-seo-wordpress\/ -->\n<title>Gypsy, but cool - Independent Theater Hungary<\/title>\n<meta name=\"robots\" content=\"index, follow, max-snippet:-1, max-image-preview:large, max-video-preview:-1\" \/>\n<link rel=\"canonical\" href=\"https:\/\/independenttheater.hu\/en\/current-plays\/gypsy-but-cool\/\" \/>\n<meta property=\"og:locale\" content=\"en_US\" \/>\n<meta property=\"og:type\" content=\"article\" \/>\n<meta property=\"og:title\" content=\"Gypsy, but cool - Independent Theater Hungary\" \/>\n<meta property=\"og:description\" content=\"Rudolf Forg\u00e1cs is a young half-Roma, half-Sz\u00e9kely comedian from Transylvania who recently graduated from the Cluj-Napoca Academy of Music. He is joined by D\u00e1niel Said, a half-Hungarian, half-Syrian comedian, a recurring performer at Showder Klub and Dumasz\u00ednh\u00e1z, who has lived his entire life in the 8th district. \u00bb\u00bb\u00bb Aktu\u00e1lis el\u0151ad\u00e1sok Gypsy, but coolThe winning project of the Stand Up Roma ... Read More\" \/>\n<meta property=\"og:url\" content=\"https:\/\/independenttheater.hu\/en\/current-plays\/gypsy-but-cool\/\" \/>\n<meta property=\"og:site_name\" content=\"Independent Theater Hungary\" \/>\n<meta property=\"article:modified_time\" content=\"2026-03-04T19:02:15+00:00\" \/>\n<meta property=\"og:image\" content=\"https:\/\/independenttheater.hu\/wp-content\/uploads\/2026\/02\/1.png\" \/>\n\t<meta property=\"og:image:width\" content=\"800\" \/>\n\t<meta property=\"og:image:height\" content=\"800\" \/>\n\t<meta property=\"og:image:type\" content=\"image\/png\" \/>\n<meta name=\"twitter:card\" content=\"summary_large_image\" \/>\n<meta name=\"twitter:label1\" content=\"Est. reading time\" \/>\n\t<meta name=\"twitter:data1\" content=\"8 minutes\" \/>\n<script type=\"application\/ld+json\" class=\"yoast-schema-graph\">{\"@context\":\"https:\\\/\\\/schema.org\",\"@graph\":[{\"@type\":\"WebPage\",\"@id\":\"https:\\\/\\\/independenttheater.hu\\\/en\\\/current-plays\\\/gypsy-but-cool\\\/\",\"url\":\"https:\\\/\\\/independenttheater.hu\\\/en\\\/current-plays\\\/gypsy-but-cool\\\/\",\"name\":\"Gypsy, but cool - Independent Theater Hungary\",\"isPartOf\":{\"@id\":\"https:\\\/\\\/independenttheater.hu\\\/#website\"},\"primaryImageOfPage\":{\"@id\":\"https:\\\/\\\/independenttheater.hu\\\/en\\\/current-plays\\\/gypsy-but-cool\\\/#primaryimage\"},\"image\":{\"@id\":\"https:\\\/\\\/independenttheater.hu\\\/en\\\/current-plays\\\/gypsy-but-cool\\\/#primaryimage\"},\"thumbnailUrl\":\"https:\\\/\\\/independenttheater.hu\\\/wp-content\\\/uploads\\\/2026\\\/02\\\/1.png\",\"datePublished\":\"2026-02-24T15:26:45+00:00\",\"dateModified\":\"2026-03-04T19:02:15+00:00\",\"breadcrumb\":{\"@id\":\"https:\\\/\\\/independenttheater.hu\\\/en\\\/current-plays\\\/gypsy-but-cool\\\/#breadcrumb\"},\"inLanguage\":\"en-US\",\"potentialAction\":[{\"@type\":\"ReadAction\",\"target\":[\"https:\\\/\\\/independenttheater.hu\\\/en\\\/current-plays\\\/gypsy-but-cool\\\/\"]}]},{\"@type\":\"ImageObject\",\"inLanguage\":\"en-US\",\"@id\":\"https:\\\/\\\/independenttheater.hu\\\/en\\\/current-plays\\\/gypsy-but-cool\\\/#primaryimage\",\"url\":\"https:\\\/\\\/independenttheater.hu\\\/wp-content\\\/uploads\\\/2026\\\/02\\\/1.png\",\"contentUrl\":\"https:\\\/\\\/independenttheater.hu\\\/wp-content\\\/uploads\\\/2026\\\/02\\\/1.png\",\"width\":800,\"height\":800},{\"@type\":\"BreadcrumbList\",\"@id\":\"https:\\\/\\\/independenttheater.hu\\\/en\\\/current-plays\\\/gypsy-but-cool\\\/#breadcrumb\",\"itemListElement\":[{\"@type\":\"ListItem\",\"position\":1,\"name\":\"Homepage\",\"item\":\"https:\\\/\\\/independenttheater.hu\\\/en\\\/home\\\/\"},{\"@type\":\"ListItem\",\"position\":2,\"name\":\"Current plays\",\"item\":\"https:\\\/\\\/independenttheater.hu\\\/en\\\/current-plays\\\/\"},{\"@type\":\"ListItem\",\"position\":3,\"name\":\"Gypsy, but cool\"}]},{\"@type\":\"WebSite\",\"@id\":\"https:\\\/\\\/independenttheater.hu\\\/#website\",\"url\":\"https:\\\/\\\/independenttheater.hu\\\/\",\"name\":\"Independent Theater Hungary\",\"description\":\"A Magyarorsz\u00e1gi Roma Sz\u00ednh\u00e1z\",\"publisher\":{\"@id\":\"https:\\\/\\\/independenttheater.hu\\\/#organization\"},\"potentialAction\":[{\"@type\":\"SearchAction\",\"target\":{\"@type\":\"EntryPoint\",\"urlTemplate\":\"https:\\\/\\\/independenttheater.hu\\\/?s={search_term_string}\"},\"query-input\":{\"@type\":\"PropertyValueSpecification\",\"valueRequired\":true,\"valueName\":\"search_term_string\"}}],\"inLanguage\":\"en-US\"},{\"@type\":\"Organization\",\"@id\":\"https:\\\/\\\/independenttheater.hu\\\/#organization\",\"name\":\"Independent Theater Hungary\",\"url\":\"https:\\\/\\\/independenttheater.hu\\\/\",\"logo\":{\"@type\":\"ImageObject\",\"inLanguage\":\"en-US\",\"@id\":\"https:\\\/\\\/independenttheater.hu\\\/#\\\/schema\\\/logo\\\/image\\\/\",\"url\":\"https:\\\/\\\/independenttheater.hu\\\/wp-content\\\/uploads\\\/2024\\\/03\\\/Independent_theater_logo_black.png\",\"contentUrl\":\"https:\\\/\\\/independenttheater.hu\\\/wp-content\\\/uploads\\\/2024\\\/03\\\/Independent_theater_logo_black.png\",\"width\":1907,\"height\":560,\"caption\":\"Independent Theater Hungary\"},\"image\":{\"@id\":\"https:\\\/\\\/independenttheater.hu\\\/#\\\/schema\\\/logo\\\/image\\\/\"}}]}<\/script>\n<!-- \/ Yoast SEO plugin. -->","yoast_head_json":{"title":"Gypsy, but cool - Independent Theater Hungary","robots":{"index":"index","follow":"follow","max-snippet":"max-snippet:-1","max-image-preview":"max-image-preview:large","max-video-preview":"max-video-preview:-1"},"canonical":"https:\/\/independenttheater.hu\/en\/current-plays\/gypsy-but-cool\/","og_locale":"en_US","og_type":"article","og_title":"Gypsy, but cool - Independent Theater Hungary","og_description":"Rudolf Forg\u00e1cs is a young half-Roma, half-Sz\u00e9kely comedian from Transylvania who recently graduated from the Cluj-Napoca Academy of Music. He is joined by D\u00e1niel Said, a half-Hungarian, half-Syrian comedian, a recurring performer at Showder Klub and Dumasz\u00ednh\u00e1z, who has lived his entire life in the 8th district. \u00bb\u00bb\u00bb Aktu\u00e1lis el\u0151ad\u00e1sok Gypsy, but coolThe winning project of the Stand Up Roma ... Read More","og_url":"https:\/\/independenttheater.hu\/en\/current-plays\/gypsy-but-cool\/","og_site_name":"Independent Theater Hungary","article_modified_time":"2026-03-04T19:02:15+00:00","og_image":[{"width":800,"height":800,"url":"https:\/\/independenttheater.hu\/wp-content\/uploads\/2026\/02\/1.png","type":"image\/png"}],"twitter_card":"summary_large_image","twitter_misc":{"Est. reading time":"8 minutes"},"schema":{"@context":"https:\/\/schema.org","@graph":[{"@type":"WebPage","@id":"https:\/\/independenttheater.hu\/en\/current-plays\/gypsy-but-cool\/","url":"https:\/\/independenttheater.hu\/en\/current-plays\/gypsy-but-cool\/","name":"Gypsy, but cool - Independent Theater Hungary","isPartOf":{"@id":"https:\/\/independenttheater.hu\/#website"},"primaryImageOfPage":{"@id":"https:\/\/independenttheater.hu\/en\/current-plays\/gypsy-but-cool\/#primaryimage"},"image":{"@id":"https:\/\/independenttheater.hu\/en\/current-plays\/gypsy-but-cool\/#primaryimage"},"thumbnailUrl":"https:\/\/independenttheater.hu\/wp-content\/uploads\/2026\/02\/1.png","datePublished":"2026-02-24T15:26:45+00:00","dateModified":"2026-03-04T19:02:15+00:00","breadcrumb":{"@id":"https:\/\/independenttheater.hu\/en\/current-plays\/gypsy-but-cool\/#breadcrumb"},"inLanguage":"en-US","potentialAction":[{"@type":"ReadAction","target":["https:\/\/independenttheater.hu\/en\/current-plays\/gypsy-but-cool\/"]}]},{"@type":"ImageObject","inLanguage":"en-US","@id":"https:\/\/independenttheater.hu\/en\/current-plays\/gypsy-but-cool\/#primaryimage","url":"https:\/\/independenttheater.hu\/wp-content\/uploads\/2026\/02\/1.png","contentUrl":"https:\/\/independenttheater.hu\/wp-content\/uploads\/2026\/02\/1.png","width":800,"height":800},{"@type":"BreadcrumbList","@id":"https:\/\/independenttheater.hu\/en\/current-plays\/gypsy-but-cool\/#breadcrumb","itemListElement":[{"@type":"ListItem","position":1,"name":"Homepage","item":"https:\/\/independenttheater.hu\/en\/home\/"},{"@type":"ListItem","position":2,"name":"Current plays","item":"https:\/\/independenttheater.hu\/en\/current-plays\/"},{"@type":"ListItem","position":3,"name":"Gypsy, but cool"}]},{"@type":"WebSite","@id":"https:\/\/independenttheater.hu\/#website","url":"https:\/\/independenttheater.hu\/","name":"Independent Theater Hungary","description":"A Magyarorsz\u00e1gi Roma Sz\u00ednh\u00e1z","publisher":{"@id":"https:\/\/independenttheater.hu\/#organization"},"potentialAction":[{"@type":"SearchAction","target":{"@type":"EntryPoint","urlTemplate":"https:\/\/independenttheater.hu\/?s={search_term_string}"},"query-input":{"@type":"PropertyValueSpecification","valueRequired":true,"valueName":"search_term_string"}}],"inLanguage":"en-US"},{"@type":"Organization","@id":"https:\/\/independenttheater.hu\/#organization","name":"Independent Theater Hungary","url":"https:\/\/independenttheater.hu\/","logo":{"@type":"ImageObject","inLanguage":"en-US","@id":"https:\/\/independenttheater.hu\/#\/schema\/logo\/image\/","url":"https:\/\/independenttheater.hu\/wp-content\/uploads\/2024\/03\/Independent_theater_logo_black.png","contentUrl":"https:\/\/independenttheater.hu\/wp-content\/uploads\/2024\/03\/Independent_theater_logo_black.png","width":1907,"height":560,"caption":"Independent Theater Hungary"},"image":{"@id":"https:\/\/independenttheater.hu\/#\/schema\/logo\/image\/"}}]}},"_links":{"self":[{"href":"https:\/\/independenttheater.hu\/en\/wp-json\/wp\/v2\/pages\/3650","targetHints":{"allow":["GET"]}}],"collection":[{"href":"https:\/\/independenttheater.hu\/en\/wp-json\/wp\/v2\/pages"}],"about":[{"href":"https:\/\/independenttheater.hu\/en\/wp-json\/wp\/v2\/types\/page"}],"author":[{"embeddable":true,"href":"https:\/\/independenttheater.hu\/en\/wp-json\/wp\/v2\/users\/2"}],"replies":[{"embeddable":true,"href":"https:\/\/independenttheater.hu\/en\/wp-json\/wp\/v2\/comments?post=3650"}],"version-history":[{"count":1,"href":"https:\/\/independenttheater.hu\/en\/wp-json\/wp\/v2\/pages\/3650\/revisions"}],"predecessor-version":[{"id":3651,"href":"https:\/\/independenttheater.hu\/en\/wp-json\/wp\/v2\/pages\/3650\/revisions\/3651"}],"up":[{"embeddable":true,"href":"https:\/\/independenttheater.hu\/en\/wp-json\/wp\/v2\/pages\/2640"}],"wp:featuredmedia":[{"embeddable":true,"href":"https:\/\/independenttheater.hu\/en\/wp-json\/wp\/v2\/media\/3649"}],"wp:attachment":[{"href":"https:\/\/independenttheater.hu\/en\/wp-json\/wp\/v2\/media?parent=3650"}],"wp:term":[{"taxonomy":"category","embeddable":true,"href":"https:\/\/independenttheater.hu\/en\/wp-json\/wp\/v2\/categories?post=3650"},{"taxonomy":"post_tag","embeddable":true,"href":"https:\/\/independenttheater.hu\/en\/wp-json\/wp\/v2\/tags?post=3650"}],"curies":[{"name":"wp","href":"https:\/\/api.w.org\/{rel}","templated":true}]}}