{"id":3898,"date":"2026-03-27T17:24:29","date_gmt":"2026-03-27T16:24:29","guid":{"rendered":"https:\/\/independenttheater.hu\/current-plays\/top-of-the-bread-tree\/"},"modified":"2026-04-09T12:33:07","modified_gmt":"2026-04-09T10:33:07","slug":"top-of-the-bread-tree","status":"publish","type":"page","link":"https:\/\/independenttheater.hu\/en\/current-plays\/top-of-the-bread-tree\/","title":{"rendered":"Top of the bread tree"},"content":{"rendered":"<div id=\"cs-content\" class=\"cs-content\"><\/div>\n","protected":false},"excerpt":{"rendered":"<p>The second part of the Fathers and Sons trilogy In 1978, J\u00f3zsef Holdosi published his novel &#8220;Kanyas&#8221;, which led the author&#8217;s grandfather to file a complaint against both the writer and the publisher. What can a writer reveal from their own community and life? And to what extent can artistic freedom be defended in the dock? J\u00f3zsef says that this &#8230; <a href=\"https:\/\/independenttheater.hu\/en\/events\/the-top-of-the-breadfruit-tree\/\" class=\"more-link\">Read More<\/a><\/p>\n","protected":false},"author":2,"featured_media":3897,"parent":2640,"menu_order":0,"comment_status":"closed","ping_status":"closed","template":"template-blank-4.php","meta":{"_crdt_document":"","pgc_sgb_lightbox_settings":"","footnotes":""},"categories":[54],"tags":[],"class_list":["post-3898","page","type-page","status-publish","has-post-thumbnail","hentry","category-current-plays","cat_current-play","cat_the-top-of-the-breadfruit-tree"],"yoast_head":"<!-- This site is optimized with the Yoast SEO plugin v27.4 - https:\/\/yoast.com\/product\/yoast-seo-wordpress\/ -->\n<title>Top of the bread tree - Independent Theater Hungary<\/title>\n<meta name=\"robots\" content=\"index, follow, max-snippet:-1, max-image-preview:large, max-video-preview:-1\" \/>\n<link rel=\"canonical\" href=\"https:\/\/independenttheater.hu\/en\/current-plays\/top-of-the-bread-tree\/\" \/>\n<meta property=\"og:locale\" content=\"en_US\" \/>\n<meta property=\"og:type\" content=\"article\" \/>\n<meta property=\"og:title\" content=\"Top of the bread tree - Independent Theater Hungary\" \/>\n<meta property=\"og:description\" content=\"The second part of the Fathers and Sons trilogy In 1978, J\u00f3zsef Holdosi published his novel &quot;Kanyas&quot;, which led the author&#039;s grandfather to file a complaint against both the writer and the publisher. What can a writer reveal from their own community and life? And to what extent can artistic freedom be defended in the dock? J\u00f3zsef says that this ... Read More\" \/>\n<meta property=\"og:url\" content=\"https:\/\/independenttheater.hu\/en\/current-plays\/top-of-the-bread-tree\/\" \/>\n<meta property=\"og:site_name\" content=\"Independent Theater Hungary\" \/>\n<meta property=\"article:modified_time\" content=\"2026-04-09T10:33:07+00:00\" \/>\n<meta property=\"og:image\" content=\"https:\/\/independenttheater.hu\/wp-content\/uploads\/2026\/03\/Nevtelen-800-x-800-keppont-3.png\" \/>\n\t<meta property=\"og:image:width\" content=\"800\" \/>\n\t<meta property=\"og:image:height\" content=\"800\" \/>\n\t<meta property=\"og:image:type\" content=\"image\/png\" \/>\n<meta name=\"twitter:card\" content=\"summary_large_image\" \/>\n<meta name=\"twitter:label1\" content=\"Est. reading time\" \/>\n\t<meta name=\"twitter:data1\" content=\"7 minutes\" \/>\n<script type=\"application\/ld+json\" class=\"yoast-schema-graph\">{\"@context\":\"https:\\\/\\\/schema.org\",\"@graph\":[{\"@type\":\"WebPage\",\"@id\":\"https:\\\/\\\/independenttheater.hu\\\/en\\\/current-plays\\\/top-of-the-bread-tree\\\/\",\"url\":\"https:\\\/\\\/independenttheater.hu\\\/en\\\/current-plays\\\/top-of-the-bread-tree\\\/\",\"name\":\"Top of the bread tree - Independent Theater Hungary\",\"isPartOf\":{\"@id\":\"https:\\\/\\\/independenttheater.hu\\\/#website\"},\"primaryImageOfPage\":{\"@id\":\"https:\\\/\\\/independenttheater.hu\\\/en\\\/current-plays\\\/top-of-the-bread-tree\\\/#primaryimage\"},\"image\":{\"@id\":\"https:\\\/\\\/independenttheater.hu\\\/en\\\/current-plays\\\/top-of-the-bread-tree\\\/#primaryimage\"},\"thumbnailUrl\":\"https:\\\/\\\/independenttheater.hu\\\/wp-content\\\/uploads\\\/2026\\\/03\\\/Nevtelen-800-x-800-keppont-3.png\",\"datePublished\":\"2026-03-27T16:24:29+00:00\",\"dateModified\":\"2026-04-09T10:33:07+00:00\",\"breadcrumb\":{\"@id\":\"https:\\\/\\\/independenttheater.hu\\\/en\\\/current-plays\\\/top-of-the-bread-tree\\\/#breadcrumb\"},\"inLanguage\":\"en-US\",\"potentialAction\":[{\"@type\":\"ReadAction\",\"target\":[\"https:\\\/\\\/independenttheater.hu\\\/en\\\/current-plays\\\/top-of-the-bread-tree\\\/\"]}]},{\"@type\":\"ImageObject\",\"inLanguage\":\"en-US\",\"@id\":\"https:\\\/\\\/independenttheater.hu\\\/en\\\/current-plays\\\/top-of-the-bread-tree\\\/#primaryimage\",\"url\":\"https:\\\/\\\/independenttheater.hu\\\/wp-content\\\/uploads\\\/2026\\\/03\\\/Nevtelen-800-x-800-keppont-3.png\",\"contentUrl\":\"https:\\\/\\\/independenttheater.hu\\\/wp-content\\\/uploads\\\/2026\\\/03\\\/Nevtelen-800-x-800-keppont-3.png\",\"width\":800,\"height\":800},{\"@type\":\"BreadcrumbList\",\"@id\":\"https:\\\/\\\/independenttheater.hu\\\/en\\\/current-plays\\\/top-of-the-bread-tree\\\/#breadcrumb\",\"itemListElement\":[{\"@type\":\"ListItem\",\"position\":1,\"name\":\"Homepage\",\"item\":\"https:\\\/\\\/independenttheater.hu\\\/en\\\/home\\\/\"},{\"@type\":\"ListItem\",\"position\":2,\"name\":\"Current plays\",\"item\":\"https:\\\/\\\/independenttheater.hu\\\/en\\\/current-plays\\\/\"},{\"@type\":\"ListItem\",\"position\":3,\"name\":\"Top of the bread tree\"}]},{\"@type\":\"WebSite\",\"@id\":\"https:\\\/\\\/independenttheater.hu\\\/#website\",\"url\":\"https:\\\/\\\/independenttheater.hu\\\/\",\"name\":\"Independent Theater Hungary\",\"description\":\"A Magyarorsz\u00e1gi Roma Sz\u00ednh\u00e1z\",\"publisher\":{\"@id\":\"https:\\\/\\\/independenttheater.hu\\\/#organization\"},\"potentialAction\":[{\"@type\":\"SearchAction\",\"target\":{\"@type\":\"EntryPoint\",\"urlTemplate\":\"https:\\\/\\\/independenttheater.hu\\\/?s={search_term_string}\"},\"query-input\":{\"@type\":\"PropertyValueSpecification\",\"valueRequired\":true,\"valueName\":\"search_term_string\"}}],\"inLanguage\":\"en-US\"},{\"@type\":\"Organization\",\"@id\":\"https:\\\/\\\/independenttheater.hu\\\/#organization\",\"name\":\"Independent Theater Hungary\",\"url\":\"https:\\\/\\\/independenttheater.hu\\\/\",\"logo\":{\"@type\":\"ImageObject\",\"inLanguage\":\"en-US\",\"@id\":\"https:\\\/\\\/independenttheater.hu\\\/#\\\/schema\\\/logo\\\/image\\\/\",\"url\":\"https:\\\/\\\/independenttheater.hu\\\/wp-content\\\/uploads\\\/2024\\\/03\\\/Independent_theater_logo_black.png\",\"contentUrl\":\"https:\\\/\\\/independenttheater.hu\\\/wp-content\\\/uploads\\\/2024\\\/03\\\/Independent_theater_logo_black.png\",\"width\":1907,\"height\":560,\"caption\":\"Independent Theater Hungary\"},\"image\":{\"@id\":\"https:\\\/\\\/independenttheater.hu\\\/#\\\/schema\\\/logo\\\/image\\\/\"}}]}<\/script>\n<!-- \/ Yoast SEO plugin. -->","yoast_head_json":{"title":"Top of the bread tree - Independent Theater Hungary","robots":{"index":"index","follow":"follow","max-snippet":"max-snippet:-1","max-image-preview":"max-image-preview:large","max-video-preview":"max-video-preview:-1"},"canonical":"https:\/\/independenttheater.hu\/en\/current-plays\/top-of-the-bread-tree\/","og_locale":"en_US","og_type":"article","og_title":"Top of the bread tree - Independent Theater Hungary","og_description":"The second part of the Fathers and Sons trilogy In 1978, J\u00f3zsef Holdosi published his novel \"Kanyas\", which led the author's grandfather to file a complaint against both the writer and the publisher. What can a writer reveal from their own community and life? And to what extent can artistic freedom be defended in the dock? J\u00f3zsef says that this ... Read More","og_url":"https:\/\/independenttheater.hu\/en\/current-plays\/top-of-the-bread-tree\/","og_site_name":"Independent Theater Hungary","article_modified_time":"2026-04-09T10:33:07+00:00","og_image":[{"width":800,"height":800,"url":"https:\/\/independenttheater.hu\/wp-content\/uploads\/2026\/03\/Nevtelen-800-x-800-keppont-3.png","type":"image\/png"}],"twitter_card":"summary_large_image","twitter_misc":{"Est. reading time":"7 minutes"},"schema":{"@context":"https:\/\/schema.org","@graph":[{"@type":"WebPage","@id":"https:\/\/independenttheater.hu\/en\/current-plays\/top-of-the-bread-tree\/","url":"https:\/\/independenttheater.hu\/en\/current-plays\/top-of-the-bread-tree\/","name":"Top of the bread tree - Independent Theater Hungary","isPartOf":{"@id":"https:\/\/independenttheater.hu\/#website"},"primaryImageOfPage":{"@id":"https:\/\/independenttheater.hu\/en\/current-plays\/top-of-the-bread-tree\/#primaryimage"},"image":{"@id":"https:\/\/independenttheater.hu\/en\/current-plays\/top-of-the-bread-tree\/#primaryimage"},"thumbnailUrl":"https:\/\/independenttheater.hu\/wp-content\/uploads\/2026\/03\/Nevtelen-800-x-800-keppont-3.png","datePublished":"2026-03-27T16:24:29+00:00","dateModified":"2026-04-09T10:33:07+00:00","breadcrumb":{"@id":"https:\/\/independenttheater.hu\/en\/current-plays\/top-of-the-bread-tree\/#breadcrumb"},"inLanguage":"en-US","potentialAction":[{"@type":"ReadAction","target":["https:\/\/independenttheater.hu\/en\/current-plays\/top-of-the-bread-tree\/"]}]},{"@type":"ImageObject","inLanguage":"en-US","@id":"https:\/\/independenttheater.hu\/en\/current-plays\/top-of-the-bread-tree\/#primaryimage","url":"https:\/\/independenttheater.hu\/wp-content\/uploads\/2026\/03\/Nevtelen-800-x-800-keppont-3.png","contentUrl":"https:\/\/independenttheater.hu\/wp-content\/uploads\/2026\/03\/Nevtelen-800-x-800-keppont-3.png","width":800,"height":800},{"@type":"BreadcrumbList","@id":"https:\/\/independenttheater.hu\/en\/current-plays\/top-of-the-bread-tree\/#breadcrumb","itemListElement":[{"@type":"ListItem","position":1,"name":"Homepage","item":"https:\/\/independenttheater.hu\/en\/home\/"},{"@type":"ListItem","position":2,"name":"Current plays","item":"https:\/\/independenttheater.hu\/en\/current-plays\/"},{"@type":"ListItem","position":3,"name":"Top of the bread tree"}]},{"@type":"WebSite","@id":"https:\/\/independenttheater.hu\/#website","url":"https:\/\/independenttheater.hu\/","name":"Independent Theater Hungary","description":"A Magyarorsz\u00e1gi Roma Sz\u00ednh\u00e1z","publisher":{"@id":"https:\/\/independenttheater.hu\/#organization"},"potentialAction":[{"@type":"SearchAction","target":{"@type":"EntryPoint","urlTemplate":"https:\/\/independenttheater.hu\/?s={search_term_string}"},"query-input":{"@type":"PropertyValueSpecification","valueRequired":true,"valueName":"search_term_string"}}],"inLanguage":"en-US"},{"@type":"Organization","@id":"https:\/\/independenttheater.hu\/#organization","name":"Independent Theater Hungary","url":"https:\/\/independenttheater.hu\/","logo":{"@type":"ImageObject","inLanguage":"en-US","@id":"https:\/\/independenttheater.hu\/#\/schema\/logo\/image\/","url":"https:\/\/independenttheater.hu\/wp-content\/uploads\/2024\/03\/Independent_theater_logo_black.png","contentUrl":"https:\/\/independenttheater.hu\/wp-content\/uploads\/2024\/03\/Independent_theater_logo_black.png","width":1907,"height":560,"caption":"Independent Theater Hungary"},"image":{"@id":"https:\/\/independenttheater.hu\/#\/schema\/logo\/image\/"}}]}},"_links":{"self":[{"href":"https:\/\/independenttheater.hu\/en\/wp-json\/wp\/v2\/pages\/3898","targetHints":{"allow":["GET"]}}],"collection":[{"href":"https:\/\/independenttheater.hu\/en\/wp-json\/wp\/v2\/pages"}],"about":[{"href":"https:\/\/independenttheater.hu\/en\/wp-json\/wp\/v2\/types\/page"}],"author":[{"embeddable":true,"href":"https:\/\/independenttheater.hu\/en\/wp-json\/wp\/v2\/users\/2"}],"replies":[{"embeddable":true,"href":"https:\/\/independenttheater.hu\/en\/wp-json\/wp\/v2\/comments?post=3898"}],"version-history":[{"count":1,"href":"https:\/\/independenttheater.hu\/en\/wp-json\/wp\/v2\/pages\/3898\/revisions"}],"predecessor-version":[{"id":3899,"href":"https:\/\/independenttheater.hu\/en\/wp-json\/wp\/v2\/pages\/3898\/revisions\/3899"}],"up":[{"embeddable":true,"href":"https:\/\/independenttheater.hu\/en\/wp-json\/wp\/v2\/pages\/2640"}],"wp:featuredmedia":[{"embeddable":true,"href":"https:\/\/independenttheater.hu\/en\/wp-json\/wp\/v2\/media\/3897"}],"wp:attachment":[{"href":"https:\/\/independenttheater.hu\/en\/wp-json\/wp\/v2\/media?parent=3898"}],"wp:term":[{"taxonomy":"category","embeddable":true,"href":"https:\/\/independenttheater.hu\/en\/wp-json\/wp\/v2\/categories?post=3898"},{"taxonomy":"post_tag","embeddable":true,"href":"https:\/\/independenttheater.hu\/en\/wp-json\/wp\/v2\/tags?post=3898"}],"curies":[{"name":"wp","href":"https:\/\/api.w.org\/{rel}","templated":true}]}}